{"id":1487,"date":"2026-02-18T13:56:10","date_gmt":"2026-02-18T13:56:10","guid":{"rendered":"https:\/\/choco-spin.com\/login-and-registration\/"},"modified":"2026-02-19T08:30:24","modified_gmt":"2026-02-19T08:30:24","slug":"logowanie-i-rejestracja","status":"publish","type":"page","link":"https:\/\/choco-spin.com\/pl\/logowanie-i-rejestracja\/","title":{"rendered":"Logowanie i rejestracja"},"content":{"rendered":"<h1>Logowanie, rejestracja i zarz\u0105dzanie kontem w Chocospin<\/h1>\n<p>Chocospin login zapewnia \u0142atwy dost\u0119p do naszego najlepszego kasyna online, oferuj\u0105cego bezpieczne i przyjazne dla u\u017cytkownika \u015brodowisko dla wszystkich entuzjast\u00f3w gier. Kasyno Chocospin posiada zaawansowane zabezpieczenia i system zarz\u0105dzania kontem, dzi\u0119ki czemu jest to dwukierunkowa, interaktywna i bezpieczna platforma gier dla wszystkich polskich u\u017cytkownik\u00f3w.<\/p>\n<p><div class=\"banner-wrap\" aria-label=\"Banner\"><img src=\"https:\/\/choco-spin.com\/wp-content\/uploads\/2026\/02\/Chocospin-banner-desktop.webp\" class=\"w-100 d-none d-lg-block img-pc main-banner-img\" alt=\"Chocospin banner desktop\" fetchpriority=\"high\" decoding=\"async\"><img src=\"https:\/\/choco-spin.com\/wp-content\/uploads\/2026\/02\/Chocospin-Banner-mobile.webp\" class=\"w-100 d-none d-md-block d-lg-none main-banner-img\" alt=\"Chocospin Banner mobile\" fetchpriority=\"high\" decoding=\"async\"><img src=\"https:\/\/choco-spin.com\/wp-content\/uploads\/2026\/02\/Chocospin-Banner-mobile.webp\" class=\"w-100 d-md-none\" alt=\"Chocospin Banner mobile\" fetchpriority=\"high\" decoding=\"async\"><div class=\"banner-description\">\n<div class=\"banner-title\">Bonusy powitalne<\/div>\n<p class=\"banner-header-title\">\u20ac1500<\/p>\n<div class=\"banner-header-AdditionalText\">+ 150 Darmowe spiny<\/div>\n<button data-item=\"homepage_banner_link\" class=\"goto m-button m-gradient-border m-button--primary m-button--large banner-button btn-orange\">\n            <div class=\"m-button-content\">\n                <span>Zarejestruj si\u0119 teraz<\/span>\n                <span><\/span>\n            <\/div>\n        <\/button>\n<\/div>\n<div class=\"WelcomePack\">\n<p><img loading=\"lazy\" decoding=\"async\" class=\"alignnone size-full wp-image-1389\" src=\"https:\/\/choco-spin.com\/wp-content\/uploads\/2026\/02\/welcome-crown.png\" alt=\"welcome crown\" width=\"25\" height=\"26\" \/><\/p>\n<div class=\"WelcomePack-Info\">Cotygodniowy zwrot got\u00f3wki do 25%<\/div>\n<p><img loading=\"lazy\" decoding=\"async\" class=\"alignnone size-full wp-image-1389\" src=\"https:\/\/choco-spin.com\/wp-content\/uploads\/2026\/02\/welcome-crown.png\" alt=\"welcome crown\" width=\"25\" height=\"26\" \/><\/p>\n<\/div>\n<\/div><div class=\"scrollable-content-wrap my-5\"><div class=\"scrollable-content-inner\"><h2>Rejestracja nowego u\u017cytkownika Choco Spin<\/h2>\n<p>Otwarcie nowego konta w kasynie Chocospin otwiera \u015bwiat mo\u017cliwo\u015bci, kt\u00f3re pomog\u0105 Ci uzyska\u0107 lepsze wra\u017cenia z gry. Nowi klienci maj\u0105 prawo do hojnego bonusu powitalnego w wysoko\u015bci 1500 \u20ac po pierwszym logowaniu do Chocospin, z 250 darmowymi spinami i szans\u0105 na wygranie jeszcze wi\u0119cej w naszych regularnych turniejach Choco Spin. Oferujemy ogromne dopasowania depozyt\u00f3w i darmowe spiny, a tak\u017ce uprawnienia do specjalnych ofert i turniej\u00f3w dla wszystkich.<\/p>\n<p>Ponadto po zarejestrowaniu si\u0119 mo\u017cna uzyska\u0107 dost\u0119p do naszego programu lojalno\u015bciowego, w ramach kt\u00f3rego punkty mo\u017cna wymienia\u0107 na bonusy lub nagrody pieni\u0119\u017cne poprzez regularn\u0105 gr\u0119. Logowanie do Chocospin wy\u015bwietla Tw\u00f3j profil, dzi\u0119ki czemu mo\u017cesz \u0142atwo kontrolowa\u0107 swoje konto, wp\u0142aty i wyp\u0142aty.<\/p>\n<h3>Utw\u00f3rz swoje konto<\/h3>\n<p>Ale jak zako\u0144czy\u0107 procedur\u0119 rejestracji w Chocospin? Czy to trudne? Wcale nie.<\/p>\n<p>Proces tworzenia konta w kasynie Chocospin jest \u0142atwy i zosta\u0142 zaprojektowany z my\u015bl\u0105 o wydajno\u015bci i bezpiecze\u0144stwie. Rejestracj\u0119 nale\u017cy przeprowadzi\u0107, wykonuj\u0105c nast\u0119puj\u0105ce kroki:<\/p>\n<ol>\n<li>Znajd\u017a przycisk \u201eZarejestruj si\u0119\u201d, kt\u00f3ry znajduje si\u0119 zazwyczaj na stronie g\u0142\u00f3wnej.<\/li>\n<li>Wype\u0142nij formularz rejestracyjny, podaj\u0105c prawid\u0142owe dane osobowe, takie jak adres e-mail i wybrane has\u0142o. Nale\u017cy poda\u0107 prawid\u0142owe informacje, kt\u00f3re b\u0119d\u0105 potrzebne do przysz\u0142ej weryfikacji i wyp\u0142at.<\/li>\n<li>Upewnij si\u0119, \u017ce jeste\u015b pe\u0142noletni, zaznaczaj\u0105c odpowiednie pole, i potwierd\u017a, \u017ce akceptujesz warunki korzystania z serwisu Chocospin Casino.<\/li>\n<li>W skrzynce odbiorczej poczty elektronicznej powinno pojawi\u0107 si\u0119 wiadomo\u015b\u0107 dotycz\u0105ca weryfikacji przez Chocospin. Kliknij link w wiadomo\u015bci e-mail i aktywuj konto.<\/li>\n<li>Po potwierdzeniu ponownie wpisz sw\u00f3j adres e-mail i has\u0142o, a uzyskasz bezpo\u015bredni dost\u0119p do wszystkich funkcji platformy Chocospin Casino.<\/li>\n<\/ol>\n<p>Zacznij gra\u0107 w szerok\u0105 gam\u0119 dost\u0119pnych gier i ciesz si\u0119 dost\u0119pnymi bonusami.<\/p>\n<h2>Zarz\u0105dzanie kontem Chocospin<\/h2>\n<p>\u0141atwo jest r\u00f3wnie\u017c zalogowa\u0107 si\u0119 na swoje konto Chocospin i uzyska\u0107 dost\u0119p do rozbudowanego panelu, kt\u00f3ry pozwala kontrolowa\u0107 wszystkie obszary profilu gracza. Aby zalogowa\u0107 si\u0119 po raz pierwszy do Chocospin:<\/p>\n<ol>\n<li>Na stronie kasyna Chocospin kliknij przycisk logowania w prawym g\u00f3rnym rogu.<\/li>\n<li>Wprowad\u017a zarejestrowany adres e-mail i has\u0142o oraz upewnij si\u0119, \u017ce masz pod r\u0119k\u0105 dane logowania do Chocospin.<\/li>\n<li>Po pomy\u015blnym zalogowaniu zostaniesz przeniesiony do pulpitu nawigacyjnego swojego konta, kt\u00f3ry zawiera r\u00f3\u017cne opcje.<\/li>\n<\/ol>\n<p>Co mo\u017cna zrobi\u0107 na koncie?<\/p>\n<table>\n<tbody>\n<tr>\n<td>Funkcja<\/td>\n<td>Opis<\/td>\n<\/tr>\n<tr>\n<td>Bezpieczne transakcje pieni\u0119\u017cne<\/td>\n<td>Bezpieczne wp\u0142aty i wyp\u0142aty pieni\u0119dzy za pomoc\u0105 r\u00f3\u017cnych metod p\u0142atno\u015bci.<\/td>\n<\/tr>\n<tr>\n<td>Zwi\u0119kszony potencja\u0142 gry<\/td>\n<td>Wykorzystaj bonusy i kody promocyjne, aby poprawi\u0107 swoje wra\u017cenia z gry.<\/td>\n<\/tr>\n<tr>\n<td>\u015aledzenie transakcji i gier<\/td>\n<td>Przegl\u0105daj histori\u0119 transakcji i \u015bled\u017a gry.<\/td>\n<\/tr>\n<tr>\n<td>Zarz\u0105dzanie danymi osobowymi<\/td>\n<td>Zmieniaj dane osobowe, w tym dane kontaktowe i szczeg\u00f3\u0142y p\u0142atno\u015bci.<\/td>\n<\/tr>\n<tr>\n<td>Bezpiecze\u0144stwo konta<\/td>\n<td>Aktywuj lub dezaktywuj uwierzytelnianie dwusk\u0142adnikowe (2FA) w celu zwi\u0119kszenia bezpiecze\u0144stwa.<\/td>\n<\/tr>\n<tr>\n<td>Programy lojalno\u015bciowe i VIP<\/td>\n<td>Do\u0142\u0105cz do ekskluzywnych program\u00f3w lojalno\u015bciowych i naszego klubu VIP, aby uzyska\u0107 dodatkowe nagrody i korzy\u015bci.<\/td>\n<\/tr>\n<tr>\n<td>Ciesz si\u0119 przyjaznym dla u\u017cytkownika interfejsem<\/td>\n<td>\u0141atwo nawiguj i dostosuj swoje wra\u017cenia z gry do w\u0142asnych preferencji.<\/td>\n<\/tr>\n<\/tbody>\n<\/table>\n<h2>Nie pami\u0119tasz has\u0142a?<\/h2>\n<p>Je\u015bli zapomnia\u0142e\u015b has\u0142a logowania do Chocospin, jego resetowanie nie jest zbyt trudne:<\/p>\n<ol>\n<li>Wybierz opcj\u0119 \u201eNie pami\u0119tasz has\u0142a?\u201d: znajduje si\u0119 ona na stronie logowania i uruchamia proces resetowania has\u0142a.<\/li>\n<li>Wprowad\u017a sw\u00f3j adres e-mail: u\u017cyj adresu e-mail powi\u0105zanego z Twoim kontem.<\/li>\n<li>Post\u0119puj zgodnie z instrukcjami zawartymi w wiadomo\u015bci e-mail: sprawd\u017a swoj\u0105 skrzynk\u0119 odbiorcz\u0105, znajd\u017a przycisk resetowania i post\u0119puj zgodnie z instrukcjami, aby utworzy\u0107 nowe has\u0142o.<\/li>\n<\/ol>\n<p>Jest to \u015brodek maj\u0105cy na celu zapewnienie szybkiego odzyskania dost\u0119pu przy zachowaniu wysokiego poziomu bezpiecze\u0144stwa. W razie jakichkolwiek problem\u00f3w mo\u017cesz skontaktowa\u0107 si\u0119 z naszym zespo\u0142em pomocy technicznej, kt\u00f3ry pomo\u017ce Ci w odzyskaniu konta za po\u015brednictwem czatu na \u017cywo i poczty elektronicznej.<\/p>\n<h3>Weryfikacja konta i \u015brodki bezpiecze\u0144stwa w kasynie Chocospin<\/h3>\n<p>Kasyno Chocospin zapewnia bezpieczne \u015brodowisko gry, poddaj\u0105c swoich klient\u00f3w rygorystycznemu procesowi weryfikacji. Ka\u017cdy gracz musi przedstawi\u0107 oficjalne dokumenty to\u017csamo\u015bci \u2014 dowody osobiste i rachunki za media \u2014 w celu potwierdzenia swojej to\u017csamo\u015bci. Dzia\u0142anie to jest zgodne z przepisami prawa i pomaga zapobiega\u0107 oszustwom.<\/p>\n<p>Systemy bezpiecze\u0144stwa naszej platformy s\u0105 solidne i dobrze ugruntowane. Stosujemy szyfrowanie AES, protoko\u0142y TLS 1.2 i 1.3, zapory sieciowe oraz sta\u0142\u0105 obserwacj\u0119 danych osobowych i finansowych. Zaleca si\u0119, aby u\u017cytkownicy w\u0142\u0105czyli 2FA i aktualizowali informacje o swoim koncie. Cz\u0119sta weryfikacja i aktualizacja danych u\u0142atwi proces wyp\u0142aty \u015brodk\u00f3w i odzyskiwania kont, zabezpieczy \u015brodowisko gry oraz sprawi, \u017ce b\u0119dzie ono bezpieczne i niezawodne.<\/p>\n<h2>FAQ<\/h2>\n<h3>Jak zaktualizowa\u0107 has\u0142o lub adres e-mail?<\/h3>\n<p>Je\u015bli chcesz zmieni\u0107 swoje dane logowania do Chocospin, po zalogowaniu si\u0119 otw\u00f3rz link zarz\u0105dzania kontem, a nast\u0119pnie wybierz opcj\u0119 aktualizacji adresu e-mail i has\u0142a i wprowad\u017a nowe dane. \u015arodki bezpiecze\u0144stwa chroni\u0105 ten proces, blokuj\u0105c nieuprawnione aktualizacje.<\/p>\n<h3>Co nale\u017cy zrobi\u0107, je\u015bli moje konto jest zablokowane?<\/h3>\n<p>W przypadku zablokowania konta Chocospin nasz zesp\u00f3\u0142 pomocy technicznej pomo\u017ce Ci na czacie na \u017cywo. Konieczne mo\u017ce by\u0107 zweryfikowanie Twojej to\u017csamo\u015bci \u2014 prze\u015blij niezb\u0119dne dokumenty, aby odblokowa\u0107 konto. Takie problemy s\u0105 rozwi\u0105zywane przez nasz wieloj\u0119zyczny zesp\u00f3\u0142 pomocy technicznej, kt\u00f3ry dok\u0142ada wszelkich stara\u0144, aby zapewni\u0107 przestrzeganie zasad bezpiecze\u0144stwa.<\/p>\n<h3>Czy mog\u0119 mie\u0107 pewno\u015b\u0107, \u017ce moje dane s\u0105 bezpieczne w Chocospin?<\/h3>\n<p>W Chocospin zapewniamy ca\u0142kowite bezpiecze\u0144stwo dzi\u0119ki solidnym \u015brodkom bezpiecze\u0144stwa. Posiadamy zapory sieciowe, kt\u00f3re monitoruj\u0105 Twoje dane osobowe i finanse. Z Twojej strony wystarczy w\u0142\u0105czy\u0107 2FA i zaktualizowa\u0107 dane logowania do Chocospin.<\/p>\n<\/div><\/div><\/p>\n","protected":false},"excerpt":{"rendered":"<p>Logowanie, rejestracja i zarz\u0105dzanie kontem w Chocospin Chocospin login zapewnia \u0142atwy dost\u0119p do naszego najlepszego kasyna online, oferuj\u0105cego bezpieczne i przyjazne dla u\u017cytkownika \u015brodowisko dla wszystkich entuzjast\u00f3w gier. Kasyno Chocospin posiada zaawansowane zabezpieczenia i system zarz\u0105dzania kontem, dzi\u0119ki czemu jest to dwukierunkowa, interaktywna i bezpieczna platforma gier dla wszystkich polskich u\u017cytkownik\u00f3w.<\/p>\n","protected":false},"author":1,"featured_media":0,"parent":0,"menu_order":0,"comment_status":"closed","ping_status":"closed","template":"template-builder.php","meta":{"_acf_changed":false,"inline_featured_image":false,"footnotes":""},"class_list":["post-1487","page","type-page","status-publish","hentry"],"acf":[],"yoast_head":"<!-- This site is optimized with the Yoast SEO plugin v27.3 - https:\/\/yoast.com\/product\/yoast-seo-wordpress\/ -->\n<title>Chocospin Logowanie \u2013 rejestracja i zarz\u0105dzanie kontem<\/title>\n<meta name=\"description\" content=\"\u0141atwo tw\u00f3rz, zarz\u0105dzaj i weryfikuj swoje konto w kasynie Chocospin dzi\u0119ki szybkiej rejestracji, p\u0142ynnemu odzyskiwaniu konta i bezpiecznemu zamykaniu konta, zapewniaj\u0105c ochron\u0119 24\/7 poprzez Chocospin Login.\" \/>\n<meta name=\"robots\" content=\"index, follow, max-snippet:-1, max-image-preview:large, max-video-preview:-1\" \/>\n<link rel=\"canonical\" href=\"https:\/\/choco-spin.com\/pl\/logowanie-i-rejestracja\/\" \/>\n<meta property=\"og:locale\" content=\"pl_PL\" \/>\n<meta property=\"og:type\" content=\"article\" \/>\n<meta property=\"og:title\" content=\"Chocospin Logowanie \u2013 rejestracja i zarz\u0105dzanie kontem\" \/>\n<meta property=\"og:description\" content=\"\u0141atwo tw\u00f3rz, zarz\u0105dzaj i weryfikuj swoje konto w kasynie Chocospin dzi\u0119ki szybkiej rejestracji, p\u0142ynnemu odzyskiwaniu konta i bezpiecznemu zamykaniu konta, zapewniaj\u0105c ochron\u0119 24\/7 poprzez Chocospin Login.\" \/>\n<meta property=\"og:url\" content=\"https:\/\/choco-spin.com\/pl\/logowanie-i-rejestracja\/\" \/>\n<meta property=\"og:site_name\" content=\"chocospin\" \/>\n<meta property=\"article:modified_time\" content=\"2026-02-19T08:30:24+00:00\" \/>\n<meta name=\"twitter:card\" content=\"summary_large_image\" \/>\n<meta name=\"twitter:label1\" content=\"Est. reading time\" \/>\n\t<meta name=\"twitter:data1\" content=\"1 minute\" \/>\n<script type=\"application\/ld+json\" class=\"yoast-schema-graph\">{\"@context\":\"https:\\\/\\\/schema.org\",\"@graph\":[{\"@type\":\"WebPage\",\"@id\":\"https:\\\/\\\/choco-spin.com\\\/pl\\\/logowanie-i-rejestracja\\\/\",\"url\":\"https:\\\/\\\/choco-spin.com\\\/pl\\\/logowanie-i-rejestracja\\\/\",\"name\":\"Chocospin Logowanie \u2013 rejestracja i zarz\u0105dzanie kontem\",\"isPartOf\":{\"@id\":\"https:\\\/\\\/choco-spin.com\\\/pl\\\/#website\"},\"datePublished\":\"2026-02-18T13:56:10+00:00\",\"dateModified\":\"2026-02-19T08:30:24+00:00\",\"description\":\"\u0141atwo tw\u00f3rz, zarz\u0105dzaj i weryfikuj swoje konto w kasynie Chocospin dzi\u0119ki szybkiej rejestracji, p\u0142ynnemu odzyskiwaniu konta i bezpiecznemu zamykaniu konta, zapewniaj\u0105c ochron\u0119 24\\\/7 poprzez Chocospin Login.\",\"breadcrumb\":{\"@id\":\"https:\\\/\\\/choco-spin.com\\\/pl\\\/logowanie-i-rejestracja\\\/#breadcrumb\"},\"inLanguage\":\"pl-PL\",\"potentialAction\":[{\"@type\":\"ReadAction\",\"target\":[\"https:\\\/\\\/choco-spin.com\\\/pl\\\/logowanie-i-rejestracja\\\/\"]}]},{\"@type\":\"BreadcrumbList\",\"@id\":\"https:\\\/\\\/choco-spin.com\\\/pl\\\/logowanie-i-rejestracja\\\/#breadcrumb\",\"itemListElement\":[{\"@type\":\"ListItem\",\"position\":1,\"name\":\"Chocospin\",\"item\":\"https:\\\/\\\/choco-spin.com\\\/pl\\\/\"},{\"@type\":\"ListItem\",\"position\":2,\"name\":\"Logowanie i rejestracja\"}]},{\"@type\":\"WebSite\",\"@id\":\"https:\\\/\\\/choco-spin.com\\\/pl\\\/#website\",\"url\":\"https:\\\/\\\/choco-spin.com\\\/pl\\\/\",\"name\":\"Chocospin\",\"description\":\"\",\"publisher\":{\"@id\":\"https:\\\/\\\/choco-spin.com\\\/pl\\\/#organization\"},\"potentialAction\":[{\"@type\":\"SearchAction\",\"target\":{\"@type\":\"EntryPoint\",\"urlTemplate\":\"https:\\\/\\\/choco-spin.com\\\/pl\\\/?s={search_term_string}\"},\"query-input\":{\"@type\":\"PropertyValueSpecification\",\"valueRequired\":true,\"valueName\":\"search_term_string\"}}],\"inLanguage\":\"pl-PL\"},{\"@type\":\"Organization\",\"@id\":\"https:\\\/\\\/choco-spin.com\\\/pl\\\/#organization\",\"name\":\"Chocospin\",\"url\":\"https:\\\/\\\/choco-spin.com\\\/pl\\\/\",\"logo\":{\"@type\":\"ImageObject\",\"inLanguage\":\"pl-PL\",\"@id\":\"https:\\\/\\\/choco-spin.com\\\/pl\\\/#\\\/schema\\\/logo\\\/image\\\/\",\"url\":\"https:\\\/\\\/choco-spin.com\\\/wp-content\\\/uploads\\\/2026\\\/02\\\/Chocospin-logo-Desktop.png\",\"contentUrl\":\"https:\\\/\\\/choco-spin.com\\\/wp-content\\\/uploads\\\/2026\\\/02\\\/Chocospin-logo-Desktop.png\",\"width\":123,\"height\":20,\"caption\":\"Chocospin\"},\"image\":{\"@id\":\"https:\\\/\\\/choco-spin.com\\\/pl\\\/#\\\/schema\\\/logo\\\/image\\\/\"}}]}<\/script>\n<!-- \/ Yoast SEO plugin. -->","yoast_head_json":{"title":"Chocospin Logowanie \u2013 rejestracja i zarz\u0105dzanie kontem","description":"\u0141atwo tw\u00f3rz, zarz\u0105dzaj i weryfikuj swoje konto w kasynie Chocospin dzi\u0119ki szybkiej rejestracji, p\u0142ynnemu odzyskiwaniu konta i bezpiecznemu zamykaniu konta, zapewniaj\u0105c ochron\u0119 24\/7 poprzez Chocospin Login.","robots":{"index":"index","follow":"follow","max-snippet":"max-snippet:-1","max-image-preview":"max-image-preview:large","max-video-preview":"max-video-preview:-1"},"canonical":"https:\/\/choco-spin.com\/pl\/logowanie-i-rejestracja\/","og_locale":"pl_PL","og_type":"article","og_title":"Chocospin Logowanie \u2013 rejestracja i zarz\u0105dzanie kontem","og_description":"\u0141atwo tw\u00f3rz, zarz\u0105dzaj i weryfikuj swoje konto w kasynie Chocospin dzi\u0119ki szybkiej rejestracji, p\u0142ynnemu odzyskiwaniu konta i bezpiecznemu zamykaniu konta, zapewniaj\u0105c ochron\u0119 24\/7 poprzez Chocospin Login.","og_url":"https:\/\/choco-spin.com\/pl\/logowanie-i-rejestracja\/","og_site_name":"chocospin","article_modified_time":"2026-02-19T08:30:24+00:00","twitter_card":"summary_large_image","twitter_misc":{"Est. reading time":"1 minute"},"schema":{"@context":"https:\/\/schema.org","@graph":[{"@type":"WebPage","@id":"https:\/\/choco-spin.com\/pl\/logowanie-i-rejestracja\/","url":"https:\/\/choco-spin.com\/pl\/logowanie-i-rejestracja\/","name":"Chocospin Logowanie \u2013 rejestracja i zarz\u0105dzanie kontem","isPartOf":{"@id":"https:\/\/choco-spin.com\/pl\/#website"},"datePublished":"2026-02-18T13:56:10+00:00","dateModified":"2026-02-19T08:30:24+00:00","description":"\u0141atwo tw\u00f3rz, zarz\u0105dzaj i weryfikuj swoje konto w kasynie Chocospin dzi\u0119ki szybkiej rejestracji, p\u0142ynnemu odzyskiwaniu konta i bezpiecznemu zamykaniu konta, zapewniaj\u0105c ochron\u0119 24\/7 poprzez Chocospin Login.","breadcrumb":{"@id":"https:\/\/choco-spin.com\/pl\/logowanie-i-rejestracja\/#breadcrumb"},"inLanguage":"pl-PL","potentialAction":[{"@type":"ReadAction","target":["https:\/\/choco-spin.com\/pl\/logowanie-i-rejestracja\/"]}]},{"@type":"BreadcrumbList","@id":"https:\/\/choco-spin.com\/pl\/logowanie-i-rejestracja\/#breadcrumb","itemListElement":[{"@type":"ListItem","position":1,"name":"Chocospin","item":"https:\/\/choco-spin.com\/pl\/"},{"@type":"ListItem","position":2,"name":"Logowanie i rejestracja"}]},{"@type":"WebSite","@id":"https:\/\/choco-spin.com\/pl\/#website","url":"https:\/\/choco-spin.com\/pl\/","name":"Chocospin","description":"","publisher":{"@id":"https:\/\/choco-spin.com\/pl\/#organization"},"potentialAction":[{"@type":"SearchAction","target":{"@type":"EntryPoint","urlTemplate":"https:\/\/choco-spin.com\/pl\/?s={search_term_string}"},"query-input":{"@type":"PropertyValueSpecification","valueRequired":true,"valueName":"search_term_string"}}],"inLanguage":"pl-PL"},{"@type":"Organization","@id":"https:\/\/choco-spin.com\/pl\/#organization","name":"Chocospin","url":"https:\/\/choco-spin.com\/pl\/","logo":{"@type":"ImageObject","inLanguage":"pl-PL","@id":"https:\/\/choco-spin.com\/pl\/#\/schema\/logo\/image\/","url":"https:\/\/choco-spin.com\/wp-content\/uploads\/2026\/02\/Chocospin-logo-Desktop.png","contentUrl":"https:\/\/choco-spin.com\/wp-content\/uploads\/2026\/02\/Chocospin-logo-Desktop.png","width":123,"height":20,"caption":"Chocospin"},"image":{"@id":"https:\/\/choco-spin.com\/pl\/#\/schema\/logo\/image\/"}}]}},"_links":{"self":[{"href":"https:\/\/choco-spin.com\/pl\/wp-json\/wp\/v2\/pages\/1487","targetHints":{"allow":["GET"]}}],"collection":[{"href":"https:\/\/choco-spin.com\/pl\/wp-json\/wp\/v2\/pages"}],"about":[{"href":"https:\/\/choco-spin.com\/pl\/wp-json\/wp\/v2\/types\/page"}],"author":[{"embeddable":true,"href":"https:\/\/choco-spin.com\/pl\/wp-json\/wp\/v2\/users\/1"}],"replies":[{"embeddable":true,"href":"https:\/\/choco-spin.com\/pl\/wp-json\/wp\/v2\/comments?post=1487"}],"version-history":[{"count":2,"href":"https:\/\/choco-spin.com\/pl\/wp-json\/wp\/v2\/pages\/1487\/revisions"}],"predecessor-version":[{"id":1972,"href":"https:\/\/choco-spin.com\/pl\/wp-json\/wp\/v2\/pages\/1487\/revisions\/1972"}],"wp:attachment":[{"href":"https:\/\/choco-spin.com\/pl\/wp-json\/wp\/v2\/media?parent=1487"}],"curies":[{"name":"wp","href":"https:\/\/api.w.org\/{rel}","templated":true}]}}