{"id":1453,"date":"2026-02-18T14:07:10","date_gmt":"2026-02-18T14:07:10","guid":{"rendered":"https:\/\/choco-spin.com\/bonus\/"},"modified":"2026-02-19T08:32:41","modified_gmt":"2026-02-19T08:32:41","slug":"bonus","status":"publish","type":"page","link":"https:\/\/choco-spin.com\/pl\/bonus\/","title":{"rendered":"Bonus"},"content":{"rendered":"<h1>Bonusy i nagrody w kasynie Chocospin<\/h1>\n<p>Chocospin bonus zmieni wszystko, co wiesz o wygrywaniu w kasynach online. Stworzyli\u015bmy tak racjonalny, hojny i dobrze zorganizowany system bonus\u00f3w, \u017ce ka\u017cdy polski gracz b\u0119dzie zadowolony. Kasyno Chocospin d\u0105\u017cy do uczciwo\u015bci, bezpiecze\u0144stwa i przejrzysto\u015bci, aby zapewni\u0107 wszystkim graczom mo\u017cliwo\u015b\u0107 maksymalizacji potencjalnych wygranych dzi\u0119ki atrakcyjnym pakietom bonusowym. Nasza strona wspiera graczy, stale aktualizuj\u0105c swoje us\u0142ugi promocyjne, aby skutecznie przyci\u0105ga\u0107 i utrzymywa\u0107 lojalno\u015b\u0107.<\/p>\n<p><div class=\"banner-wrap\" aria-label=\"Banner\"><img src=\"https:\/\/choco-spin.com\/wp-content\/uploads\/2026\/02\/Chocospin-banner-desktop.webp\" class=\"w-100 d-none d-lg-block img-pc main-banner-img\" alt=\"Chocospin banner desktop\" fetchpriority=\"high\" decoding=\"async\"><img src=\"https:\/\/choco-spin.com\/wp-content\/uploads\/2026\/02\/Chocospin-Banner-mobile.webp\" class=\"w-100 d-none d-md-block d-lg-none main-banner-img\" alt=\"Chocospin Banner mobile\" fetchpriority=\"high\" decoding=\"async\"><img src=\"https:\/\/choco-spin.com\/wp-content\/uploads\/2026\/02\/Chocospin-Banner-mobile.webp\" class=\"w-100 d-md-none\" alt=\"Chocospin Banner mobile\" fetchpriority=\"high\" decoding=\"async\"><div class=\"banner-description\">\n<div class=\"banner-title\">Bonusy powitalne<\/div>\n<p class=\"banner-header-title\">\u20ac1500<\/p>\n<div class=\"banner-header-AdditionalText\">+ 150 Darmowe spiny<\/div>\n<button data-item=\"homepage_banner_link\" class=\"goto m-button m-gradient-border m-button--primary m-button--large banner-button btn-orange\">\n            <div class=\"m-button-content\">\n                <span>Zarejestruj si\u0119 teraz<\/span>\n                <span><\/span>\n            <\/div>\n        <\/button>\n<\/div>\n<div class=\"WelcomePack\">\n<p><img loading=\"lazy\" decoding=\"async\" class=\"alignnone size-full wp-image-1389\" src=\"https:\/\/choco-spin.com\/wp-content\/uploads\/2026\/02\/welcome-crown.png\" alt=\"welcome crown\" width=\"25\" height=\"26\" \/><\/p>\n<div class=\"WelcomePack-Info\">Cotygodniowy zwrot got\u00f3wki do 25%<\/div>\n<p><img loading=\"lazy\" decoding=\"async\" class=\"alignnone size-full wp-image-1389\" src=\"https:\/\/choco-spin.com\/wp-content\/uploads\/2026\/02\/welcome-crown.png\" alt=\"welcome crown\" width=\"25\" height=\"26\" \/><\/p>\n<\/div>\n<\/div><div class=\"promotions-wrap\"><div class=\"promotion-card\" style=\"background-image: url(https:\/\/choco-spin.com\/wp-content\/uploads\/First-deposit.webp);\"><h2 class=\"promotion-card__title\">Bonus od pierwszego depozytu<\/h2><label class=\"promotion-card__offer\">100% do 500 \u20ac + 150 darmowych spin\u00f3w<\/label><label class=\"promotion-card__description\"><\/label><div class=\"promotion-card__actions\"><button data-item=\"payments_link\" data-group=\"website_links\" class=\"goto btn btn-orange rounded-pill fw-bold px-4 m-button m-gradient-border m-button--primary m-button--large promotion-button promotion-card__action-btn\" aria-label=\"Zarejestruj si\u0119\"><div class=\"m-button-content\"><span class=\"promotion-button__content\">Zarejestruj si\u0119<\/span><\/div><\/button><button data-item=\"http:\/\/bonus_link\" data-group=\"website_links\" class=\"goto m-button m-gradient-border m-button--secondary m-button--medium promotion-card__info-btn\" aria-label=\"More information\"><div class=\"m-button-content\"><svg viewBox=\"0 0 24 24\" fill=\"none\" xmlns=\"http:\/\/www.w3.org\/2000\/svg\" class=\"m-icon m-icon-loadable\" name=\"Attention\" loading=\"false\" aria-hidden=\"true\"><path d=\"M12 22C6.477 22 2 17.522 2 12S6.477 2 12 2s10 4.478 10 10-4.477 10-10 10m-.002-13.004a.999.999 0 1 0 0-1.997.999.999 0 0 0 0 1.997M12 17a1 1 0 0 0 .993-.884L13 16l-.002-5.001-.007-.117a1 1 0 0 0-1.986 0l-.007.117L11 16l.007.117A1 1 0 0 0 12 17\" fill=\"currentColor\"><\/path><\/svg><\/div><\/button><\/div><\/div><div class=\"promotion-card\" style=\"background-image: url(https:\/\/choco-spin.com\/wp-content\/uploads\/Second-deposit.webp);\"><h2 class=\"promotion-card__title\">Bonus za drug\u0105 wp\u0142at\u0119<\/h2><label class=\"promotion-card__offer\">55% do 500 \u20ac + 100 darmowych spin\u00f3w<\/label><label class=\"promotion-card__description\"><\/label><div class=\"promotion-card__actions\"><button data-item=\"payments_link\" data-group=\"website_links\" class=\"goto btn btn-orange rounded-pill fw-bold px-4 m-button m-gradient-border m-button--primary m-button--large promotion-button promotion-card__action-btn\" aria-label=\"Zarejestruj si\u0119\"><div class=\"m-button-content\"><span class=\"promotion-button__content\">Zarejestruj si\u0119<\/span><\/div><\/button><button data-item=\"http:\/\/bonus_link\" data-group=\"website_links\" class=\"goto m-button m-gradient-border m-button--secondary m-button--medium promotion-card__info-btn\" aria-label=\"More information\"><div class=\"m-button-content\"><svg viewBox=\"0 0 24 24\" fill=\"none\" xmlns=\"http:\/\/www.w3.org\/2000\/svg\" class=\"m-icon m-icon-loadable\" name=\"Attention\" loading=\"false\" aria-hidden=\"true\"><path d=\"M12 22C6.477 22 2 17.522 2 12S6.477 2 12 2s10 4.478 10 10-4.477 10-10 10m-.002-13.004a.999.999 0 1 0 0-1.997.999.999 0 0 0 0 1.997M12 17a1 1 0 0 0 .993-.884L13 16l-.002-5.001-.007-.117a1 1 0 0 0-1.986 0l-.007.117L11 16l.007.117A1 1 0 0 0 12 17\" fill=\"currentColor\"><\/path><\/svg><\/div><\/button><\/div><\/div><div class=\"promotion-card\" style=\"background-image: url(https:\/\/choco-spin.com\/wp-content\/uploads\/Third-deposit.webp);\"><h2 class=\"promotion-card__title\">Bonus za trzeci\u0105 wp\u0142at\u0119<\/h2><label class=\"promotion-card__offer\">100% do 500 \u20ac<\/label><label class=\"promotion-card__description\"><\/label><div class=\"promotion-card__actions\"><button data-item=\"payments_link\" data-group=\"website_links\" class=\"goto btn btn-orange rounded-pill fw-bold px-4 m-button m-gradient-border m-button--primary m-button--large promotion-button promotion-card__action-btn\" aria-label=\"Zarejestruj si\u0119\"><div class=\"m-button-content\"><span class=\"promotion-button__content\">Zarejestruj si\u0119<\/span><\/div><\/button><button data-item=\"http:\/\/bonus_link\" data-group=\"website_links\" class=\"goto m-button m-gradient-border m-button--secondary m-button--medium promotion-card__info-btn\" aria-label=\"More information\"><div class=\"m-button-content\"><svg viewBox=\"0 0 24 24\" fill=\"none\" xmlns=\"http:\/\/www.w3.org\/2000\/svg\" class=\"m-icon m-icon-loadable\" name=\"Attention\" loading=\"false\" aria-hidden=\"true\"><path d=\"M12 22C6.477 22 2 17.522 2 12S6.477 2 12 2s10 4.478 10 10-4.477 10-10 10m-.002-13.004a.999.999 0 1 0 0-1.997.999.999 0 0 0 0 1.997M12 17a1 1 0 0 0 .993-.884L13 16l-.002-5.001-.007-.117a1 1 0 0 0-1.986 0l-.007.117L11 16l.007.117A1 1 0 0 0 12 17\" fill=\"currentColor\"><\/path><\/svg><\/div><\/button><\/div><\/div><div class=\"promotion-card\" style=\"background-image: url(https:\/\/choco-spin.com\/wp-content\/uploads\/Sunday-reload.webp);\"><h2 class=\"promotion-card__title\">Niedzielna do\u0142adowanie<\/h2><label class=\"promotion-card__offer\">25% do 100 \u20ac<\/label><label class=\"promotion-card__description\"><\/label><div class=\"promotion-card__actions\"><button data-item=\"payments_link\" data-group=\"website_links\" class=\"goto btn btn-orange rounded-pill fw-bold px-4 m-button m-gradient-border m-button--primary m-button--large promotion-button promotion-card__action-btn\" aria-label=\"Zarejestruj si\u0119\"><div class=\"m-button-content\"><span class=\"promotion-button__content\">Zarejestruj si\u0119<\/span><\/div><\/button><button data-item=\"http:\/\/bonus_link\" data-group=\"website_links\" class=\"goto m-button m-gradient-border m-button--secondary m-button--medium promotion-card__info-btn\" aria-label=\"More information\"><div class=\"m-button-content\"><svg viewBox=\"0 0 24 24\" fill=\"none\" xmlns=\"http:\/\/www.w3.org\/2000\/svg\" class=\"m-icon m-icon-loadable\" name=\"Attention\" loading=\"false\" aria-hidden=\"true\"><path d=\"M12 22C6.477 22 2 17.522 2 12S6.477 2 12 2s10 4.478 10 10-4.477 10-10 10m-.002-13.004a.999.999 0 1 0 0-1.997.999.999 0 0 0 0 1.997M12 17a1 1 0 0 0 .993-.884L13 16l-.002-5.001-.007-.117a1 1 0 0 0-1.986 0l-.007.117L11 16l.007.117A1 1 0 0 0 12 17\" fill=\"currentColor\"><\/path><\/svg><\/div><\/button><\/div><\/div><div class=\"promotion-card\" style=\"background-image: url(https:\/\/choco-spin.com\/wp-content\/uploads\/Cashback.webp);\"><h2 class=\"promotion-card__title\">Cotygodniowy zwrot got\u00f3wki<\/h2><label class=\"promotion-card__offer\">do 25%<\/label><label class=\"promotion-card__description\"><\/label><div class=\"promotion-card__actions\"><button data-item=\"payments_link\" data-group=\"website_links\" class=\"goto btn btn-orange rounded-pill fw-bold px-4 m-button m-gradient-border m-button--primary m-button--large promotion-button promotion-card__action-btn\" aria-label=\"Zarejestruj si\u0119\"><div class=\"m-button-content\"><span class=\"promotion-button__content\">Zarejestruj si\u0119<\/span><\/div><\/button><button data-item=\"http:\/\/bonus_link\" data-group=\"website_links\" class=\"goto m-button m-gradient-border m-button--secondary m-button--medium promotion-card__info-btn\" aria-label=\"More information\"><div class=\"m-button-content\"><svg viewBox=\"0 0 24 24\" fill=\"none\" xmlns=\"http:\/\/www.w3.org\/2000\/svg\" class=\"m-icon m-icon-loadable\" name=\"Attention\" loading=\"false\" aria-hidden=\"true\"><path d=\"M12 22C6.477 22 2 17.522 2 12S6.477 2 12 2s10 4.478 10 10-4.477 10-10 10m-.002-13.004a.999.999 0 1 0 0-1.997.999.999 0 0 0 0 1.997M12 17a1 1 0 0 0 .993-.884L13 16l-.002-5.001-.007-.117a1 1 0 0 0-1.986 0l-.007.117L11 16l.007.117A1 1 0 0 0 12 17\" fill=\"currentColor\"><\/path><\/svg><\/div><\/button><\/div><\/div><\/div><div class=\"scrollable-content-wrap my-5\"><div class=\"scrollable-content-inner\"><h2>Szczeg\u00f3\u0142y promocji<\/h2>\n<p>Kasyno Chocospin charakteryzuje si\u0119 szerok\u0105 gam\u0105 sta\u0142ych promocji dostosowanych do preferencji naszych wymagaj\u0105cych graczy \u2014 stale monitorujemy i aktualizujemy promocje, aby zadowoli\u0107 wszystkich. Kasyno ma aktywn\u0105 atmosfer\u0119 promocyjn\u0105, obejmuj\u0105c\u0105 atrakcyjne bonusy powitalne, nagrody ekskluzywne dla VIP-\u00f3w i wiele innych. Te oferty bonusowe Chocospin zosta\u0142y zaprojektowane, aby zach\u0119ci\u0107 graczy do odkrywania szerokiej gamy gier, takich jak automaty, gry sto\u0142owe i gry z krupierem na \u017cywo, z dodatkowymi korzy\u015bciami bonusowymi.<\/p>\n<h2>Konkursy w kasynie Choco Spin<\/h2>\n<p>Chocospin Casino organizuje r\u00f3\u017cne turnieje z ogromnymi nagrodami. Turnieje te s\u0105 zaprojektowane w taki spos\u00f3b, aby stanowi\u0142y wyzwanie dla umiej\u0119tno\u015bci i szcz\u0119\u015bcia, a tak\u017ce by\u0142y dobrym wyzwaniem dla wszystkich graczy. Znane konkursy to:<\/p>\n<ul>\n<li>Turniej Rookie Rumble z szalon\u0105 nagrod\u0105 w wysoko\u015bci 2500 \u20ac dziennie<\/li>\n<li>Turniej Drops and Wins z sezonow\u0105 nagrod\u0105 pieni\u0119\u017cn\u0105 w wysoko\u015bci 25 000 000 \u20ac<\/li>\n<li>Warto spr\u00f3bowa\u0107 swoich si\u0142 w turnieju na \u017cywo z pul\u0105 nagr\u00f3d 10 000 \u20ac<\/li>\n<\/ul>\n<p>Mo\u017cesz r\u00f3wnie\u017c wypr\u00f3bowa\u0107:<\/p>\n<ul>\n<li>Sunday Reload 25%, czyli oko\u0142o 100 \u20ac przy u\u017cyciu has\u0142a RELDAY<\/li>\n<li>Cotygodniowy zwrot got\u00f3wki mo\u017ce wynosi\u0107 do 25%, ale nale\u017cy pami\u0119ta\u0107, \u017ce zazwyczaj zale\u017cy on od wp\u0142at dokonanych przez gracza i strat poniesionych w ci\u0105gu 7 dni.<\/li>\n<\/ul>\n<p>Udzia\u0142 w takich turniejach jest \u0142atwy i otwarty dla wszystkich zarejestrowanych graczy. Rywalizacja stymuluje strategiczn\u0105 rozgrywk\u0119, a najlepsi gracze s\u0105 nagradzani ogromnym bonusem Chocospin, co tworzy dynamiczn\u0105 i satysfakcjonuj\u0105c\u0105 atmosfer\u0119.<\/p>\n<h2>Bonus powitalny w kasynie Chocospin<\/h2>\n<p>Prawdopodobnie my\u015blisz, \u017ce tylko najszcz\u0119\u015bliwsi mog\u0105 wygra\u0107 bonus Chocospin, prawda? Nie! Ka\u017cdy gracz, kt\u00f3ry zarejestruje si\u0119 u nas, mo\u017ce otrzyma\u0107 pakiet powitalny w ramach podzi\u0119kowania. Obecnie oferujemy 1500 \u20ac wszystkim nowym graczom, a tak\u017ce 250 darmowych spin\u00f3w do wykorzystania w ci\u0105gu pierwszych 3 dni (bonus Chocospin nale\u017cy wykorzysta\u0107 w ci\u0105gu tygodnia, w przeciwnym razie przepada).<\/p>\n<p>Pakiet ten pomo\u017ce nowym graczom rozpocz\u0105\u0107 gr\u0119 na korzystnych warunkach, zwi\u0119kszaj\u0105c ich pocz\u0105tkowy kapita\u0142 i daj\u0105c im wi\u0119cej mo\u017cliwo\u015bci wygranej. Bonus powitalny Chocospin to po\u0142\u0105czenie \u015brodk\u00f3w bonusowych oraz darmowych spin\u00f3w, kt\u00f3re mo\u017cna wykorzysta\u0107 w wielu r\u00f3\u017cnych grach kasynowych.<\/p>\n<h3>Bonus od pierwszego depozytu<\/h3>\n<p>Oferta powitalna w kasynie Chocospin obejmuje bonus od pierwszej wp\u0142aty, kt\u00f3ry jest kluczowym elementem oferty powitalnej. Gracze, kt\u00f3rzy dokonaj\u0105 pierwszej wp\u0142aty, otrzymaj\u0105 100% bonus od kwoty 500 \u20ac oraz 150 spin\u00f3w w prezencie. Mo\u017cna je wykorzysta\u0107 w niekt\u00f3rych grach slotowych Chocospin.<\/p>\n<p>Bonus ten znacznie wyd\u0142u\u017ca czas gry, umo\u017cliwiaj\u0105c graczom granie w r\u00f3\u017cne tytu\u0142y za dodatkowe pieni\u0105dze. Wym\u00f3g obrotu bonusem od pierwszej wp\u0142aty wynosi 35-krotno\u015b\u0107 kwoty bonusu, co jest uczciwe i przejrzyste.<\/p>\n<h3>Bonus za drug\u0105 wp\u0142at\u0119<\/h3>\n<p>Przy drugiej wp\u0142acie otrzymasz 500 \u20ac i 100 spin\u00f3w. Taka promocja zach\u0119ci do dalszej interakcji i doceni lojalno\u015b\u0107, zapewniaj\u0105c wi\u0119cej bonusowej got\u00f3wki.<\/p>\n<p>Warunki obrotu s\u0105 podobne do tych dotycz\u0105cych bonusu od pierwszego depozytu i wymagaj\u0105 35-krotnego obrotu. Ta jednolito\u015b\u0107 daje graczom dobre oczekiwania. Nie ma \u017cadnych przykrych niespodzianek.<\/p>\n<h3>Bonus za trzeci\u0105 wp\u0142at\u0119<\/h3>\n<p>Chocospin Casino oferuje bonus za trzeci\u0105 wp\u0142at\u0119, aby wzmocni\u0107 d\u0142ugoterminow\u0105 gr\u0119. Gracze otrzymuj\u0105 100% bonusu od wp\u0142aty (maksymalnie 500 \u20ac). Mimo \u017ce bonus ten nie obejmuje darmowych spin\u00f3w, ma taki sam wym\u00f3g obrotu 35-krotno\u015bci, co promuje odpowiedzialn\u0105 gr\u0119.<\/p>\n<h2>Warunki bonus\u00f3w dla graczy<\/h2>\n<p>Kasyno Chocospin ustali\u0142o konkretne warunki, kt\u00f3re maj\u0105 na celu zapewnienie przejrzysto\u015bci i uczciwo\u015bci wszystkich ofert bonusowych. Najwa\u017cniejsze warunki to:<\/p>\n<table>\n<tbody>\n<tr>\n<td>Warunek<\/td>\n<td>Szczeg\u00f3\u0142y<\/td>\n<\/tr>\n<tr>\n<td>Weryfikacja KYC<\/td>\n<td>Gracze musz\u0105 potwierdzi\u0107 swoj\u0105 to\u017csamo\u015b\u0107 za pomoc\u0105 wa\u017cnych dokument\u00f3w \u2013 potwierdzenia adresu zamieszkania i metody p\u0142atno\u015bci.<\/td>\n<\/tr>\n<tr>\n<td>Kwalifikowalno\u015b\u0107 do bonusu<\/td>\n<td>Gracze s\u0105 uprawnieni do otrzymania bonus\u00f3w na podstawie kwalifikacji regionalnych i wiekowych; bonusy podlegaj\u0105 ograniczeniom jurysdykcyjnym.<\/td>\n<\/tr>\n<tr>\n<td>Wymagania dotycz\u0105ce zak\u0142ad\u00f3w<\/td>\n<td>Bonusy musz\u0105 zosta\u0107 obr\u00f3cone co najmniej 30 razy, zanim b\u0119dzie mo\u017cna je wyp\u0142aci\u0107.<\/td>\n<\/tr>\n<tr>\n<td>Maksymalny limit zak\u0142adu<\/td>\n<td>W przypadku obstawiania bonus\u00f3w maksymalny zak\u0142ad wynosi 5 EUR, aby zapobiec nadu\u017cywaniu bonus\u00f3w.<\/td>\n<\/tr>\n<tr>\n<td>Wk\u0142ad gier<\/td>\n<td>R\u00f3\u017cne rodzaje gier maj\u0105 r\u00f3\u017cny wp\u0142yw na wymagania dotycz\u0105ce obrotu; automaty maj\u0105 wp\u0142yw w 100%, podczas gdy gry sto\u0142owe maj\u0105 mniejszy wp\u0142yw.<\/td>\n<\/tr>\n<tr>\n<td>Limit czasowy<\/td>\n<td>Bonusy musz\u0105 zosta\u0107 obr\u00f3cone w ci\u0105gu 7\u201314 dni, w przeciwnym razie wygasn\u0105.<\/td>\n<\/tr>\n<tr>\n<td>Odpowiedzialna gra<\/td>\n<td>Zach\u0119camy graczy do ograniczania zak\u0142ad\u00f3w i odpowiedzialnej gry, aby zapewni\u0107 bezpieczniejsze \u015brodowisko gry.<\/td>\n<\/tr>\n<\/tbody>\n<\/table>\n<h2>FAQ<\/h2>\n<h3>Jak mog\u0119 zrealizowa\u0107 bonus powitalny w kasynie Chocospin?<\/h3>\n<p>Bonus Chocospin jest automatycznie wp\u0142acany na konto gracza po potwierdzeniu wp\u0142aty, je\u015bli promocja zosta\u0142a wybrana w momencie dokonywania wp\u0142aty. Platforma zawiera jasne instrukcje, kt\u00f3rych nale\u017cy przestrzega\u0107. Wszystkie informacje mo\u017cna znale\u017a\u0107 na pulpicie nawigacyjnym.<\/p>\n<h3>Czy bonusy w kasynie Choco Spin s\u0105 wa\u017cne we wszystkich grach?<\/h3>\n<p>Nie ka\u017cda gra zapewnia bonus Choco Spin. Bonusy mog\u0105 by\u0107 oferowane tylko w grach slotowych i niekt\u00f3rych grach sto\u0142owych. Promocje okre\u015blaj\u0105 tytu\u0142y i procenty wk\u0142adu, kt\u00f3re kwalifikuj\u0105 si\u0119 do udzia\u0142u, a warunki i zasady wyja\u015bniaj\u0105 to wszystko dok\u0142adnie. Gracze musz\u0105 upewni\u0107 si\u0119, \u017ce kwalifikuj\u0105 si\u0119 do gry przed postawieniem zak\u0142adu.<\/p>\n<h3>Jak \u015bledzi\u0107 wszystkie promocje w kasynie Chocospin?<\/h3>\n<p>Na swoim pulpicie nawigacyjnym mo\u017cesz \u015bledzi\u0107 wszystkie trwaj\u0105ce turnieje i oferty Chocospin. Regularne uczestnictwo pozwala odblokowa\u0107 wspania\u0142e funkcje bonusowe, darmowe spiny i jackpoty, dlatego zalecamy aktywny udzia\u0142 w naszych turniejach.<\/p>\n<\/div><\/div><\/p>\n","protected":false},"excerpt":{"rendered":"<p>Bonusy i nagrody w kasynie Chocospin Chocospin bonus zmieni wszystko, co wiesz o wygrywaniu w kasynach online. Stworzyli\u015bmy tak racjonalny, hojny i dobrze zorganizowany system bonus\u00f3w, \u017ce ka\u017cdy polski gracz b\u0119dzie zadowolony. Kasyno Chocospin d\u0105\u017cy do uczciwo\u015bci, bezpiecze\u0144stwa i przejrzysto\u015bci, aby zapewni\u0107 wszystkim graczom mo\u017cliwo\u015b\u0107 maksymalizacji potencjalnych wygranych dzi\u0119ki atrakcyjnym pakietom bonusowym. Nasza strona wspiera [&hellip;]<\/p>\n","protected":false},"author":1,"featured_media":0,"parent":0,"menu_order":0,"comment_status":"closed","ping_status":"closed","template":"template-builder.php","meta":{"_acf_changed":false,"inline_featured_image":false,"footnotes":""},"class_list":["post-1453","page","type-page","status-publish","hentry"],"acf":[],"yoast_head":"<!-- This site is optimized with the Yoast SEO plugin v27.3 - https:\/\/yoast.com\/product\/yoast-seo-wordpress\/ -->\n<title>Chocospin kasyna Bonusy i oferty specjalne<\/title>\n<meta name=\"description\" content=\"Odkryj ekskluzywne bonusy w kasynie Chocospin, w tym hojne oferty powitalne, nagrody za wp\u0142aty, bie\u017c\u0105ce promocje i ekscytuj\u0105ce turnieje. \u0141atwy dost\u0119p do wszystkich warunk\u00f3w bonus\u00f3w i instrukcji dotycz\u0105cych ich odbierania w jednym wygodnym miejscu.\" \/>\n<meta name=\"robots\" content=\"index, follow, max-snippet:-1, max-image-preview:large, max-video-preview:-1\" \/>\n<link rel=\"canonical\" href=\"https:\/\/choco-spin.com\/pl\/bonus\/\" \/>\n<meta property=\"og:locale\" content=\"pl_PL\" \/>\n<meta property=\"og:type\" content=\"article\" \/>\n<meta property=\"og:title\" content=\"Chocospin kasyna Bonusy i oferty specjalne\" \/>\n<meta property=\"og:description\" content=\"Odkryj ekskluzywne bonusy w kasynie Chocospin, w tym hojne oferty powitalne, nagrody za wp\u0142aty, bie\u017c\u0105ce promocje i ekscytuj\u0105ce turnieje. \u0141atwy dost\u0119p do wszystkich warunk\u00f3w bonus\u00f3w i instrukcji dotycz\u0105cych ich odbierania w jednym wygodnym miejscu.\" \/>\n<meta property=\"og:url\" content=\"https:\/\/choco-spin.com\/pl\/bonus\/\" \/>\n<meta property=\"og:site_name\" content=\"chocospin\" \/>\n<meta property=\"article:modified_time\" content=\"2026-02-19T08:32:41+00:00\" \/>\n<meta name=\"twitter:card\" content=\"summary_large_image\" \/>\n<meta name=\"twitter:label1\" content=\"Est. reading time\" \/>\n\t<meta name=\"twitter:data1\" content=\"1 minute\" \/>\n<script type=\"application\/ld+json\" class=\"yoast-schema-graph\">{\"@context\":\"https:\\\/\\\/schema.org\",\"@graph\":[{\"@type\":\"WebPage\",\"@id\":\"https:\\\/\\\/choco-spin.com\\\/pl\\\/bonus\\\/\",\"url\":\"https:\\\/\\\/choco-spin.com\\\/pl\\\/bonus\\\/\",\"name\":\"Chocospin kasyna Bonusy i oferty specjalne\",\"isPartOf\":{\"@id\":\"https:\\\/\\\/choco-spin.com\\\/pl\\\/#website\"},\"datePublished\":\"2026-02-18T14:07:10+00:00\",\"dateModified\":\"2026-02-19T08:32:41+00:00\",\"description\":\"Odkryj ekskluzywne bonusy w kasynie Chocospin, w tym hojne oferty powitalne, nagrody za wp\u0142aty, bie\u017c\u0105ce promocje i ekscytuj\u0105ce turnieje. \u0141atwy dost\u0119p do wszystkich warunk\u00f3w bonus\u00f3w i instrukcji dotycz\u0105cych ich odbierania w jednym wygodnym miejscu.\",\"breadcrumb\":{\"@id\":\"https:\\\/\\\/choco-spin.com\\\/pl\\\/bonus\\\/#breadcrumb\"},\"inLanguage\":\"pl-PL\",\"potentialAction\":[{\"@type\":\"ReadAction\",\"target\":[\"https:\\\/\\\/choco-spin.com\\\/pl\\\/bonus\\\/\"]}]},{\"@type\":\"BreadcrumbList\",\"@id\":\"https:\\\/\\\/choco-spin.com\\\/pl\\\/bonus\\\/#breadcrumb\",\"itemListElement\":[{\"@type\":\"ListItem\",\"position\":1,\"name\":\"Chocospin\",\"item\":\"https:\\\/\\\/choco-spin.com\\\/pl\\\/\"},{\"@type\":\"ListItem\",\"position\":2,\"name\":\"Bonus\"}]},{\"@type\":\"WebSite\",\"@id\":\"https:\\\/\\\/choco-spin.com\\\/pl\\\/#website\",\"url\":\"https:\\\/\\\/choco-spin.com\\\/pl\\\/\",\"name\":\"Chocospin\",\"description\":\"\",\"publisher\":{\"@id\":\"https:\\\/\\\/choco-spin.com\\\/pl\\\/#organization\"},\"potentialAction\":[{\"@type\":\"SearchAction\",\"target\":{\"@type\":\"EntryPoint\",\"urlTemplate\":\"https:\\\/\\\/choco-spin.com\\\/pl\\\/?s={search_term_string}\"},\"query-input\":{\"@type\":\"PropertyValueSpecification\",\"valueRequired\":true,\"valueName\":\"search_term_string\"}}],\"inLanguage\":\"pl-PL\"},{\"@type\":\"Organization\",\"@id\":\"https:\\\/\\\/choco-spin.com\\\/pl\\\/#organization\",\"name\":\"Chocospin\",\"url\":\"https:\\\/\\\/choco-spin.com\\\/pl\\\/\",\"logo\":{\"@type\":\"ImageObject\",\"inLanguage\":\"pl-PL\",\"@id\":\"https:\\\/\\\/choco-spin.com\\\/pl\\\/#\\\/schema\\\/logo\\\/image\\\/\",\"url\":\"https:\\\/\\\/choco-spin.com\\\/wp-content\\\/uploads\\\/2026\\\/02\\\/Chocospin-logo-Desktop.png\",\"contentUrl\":\"https:\\\/\\\/choco-spin.com\\\/wp-content\\\/uploads\\\/2026\\\/02\\\/Chocospin-logo-Desktop.png\",\"width\":123,\"height\":20,\"caption\":\"Chocospin\"},\"image\":{\"@id\":\"https:\\\/\\\/choco-spin.com\\\/pl\\\/#\\\/schema\\\/logo\\\/image\\\/\"}}]}<\/script>\n<!-- \/ Yoast SEO plugin. -->","yoast_head_json":{"title":"Chocospin kasyna Bonusy i oferty specjalne","description":"Odkryj ekskluzywne bonusy w kasynie Chocospin, w tym hojne oferty powitalne, nagrody za wp\u0142aty, bie\u017c\u0105ce promocje i ekscytuj\u0105ce turnieje. \u0141atwy dost\u0119p do wszystkich warunk\u00f3w bonus\u00f3w i instrukcji dotycz\u0105cych ich odbierania w jednym wygodnym miejscu.","robots":{"index":"index","follow":"follow","max-snippet":"max-snippet:-1","max-image-preview":"max-image-preview:large","max-video-preview":"max-video-preview:-1"},"canonical":"https:\/\/choco-spin.com\/pl\/bonus\/","og_locale":"pl_PL","og_type":"article","og_title":"Chocospin kasyna Bonusy i oferty specjalne","og_description":"Odkryj ekskluzywne bonusy w kasynie Chocospin, w tym hojne oferty powitalne, nagrody za wp\u0142aty, bie\u017c\u0105ce promocje i ekscytuj\u0105ce turnieje. \u0141atwy dost\u0119p do wszystkich warunk\u00f3w bonus\u00f3w i instrukcji dotycz\u0105cych ich odbierania w jednym wygodnym miejscu.","og_url":"https:\/\/choco-spin.com\/pl\/bonus\/","og_site_name":"chocospin","article_modified_time":"2026-02-19T08:32:41+00:00","twitter_card":"summary_large_image","twitter_misc":{"Est. reading time":"1 minute"},"schema":{"@context":"https:\/\/schema.org","@graph":[{"@type":"WebPage","@id":"https:\/\/choco-spin.com\/pl\/bonus\/","url":"https:\/\/choco-spin.com\/pl\/bonus\/","name":"Chocospin kasyna Bonusy i oferty specjalne","isPartOf":{"@id":"https:\/\/choco-spin.com\/pl\/#website"},"datePublished":"2026-02-18T14:07:10+00:00","dateModified":"2026-02-19T08:32:41+00:00","description":"Odkryj ekskluzywne bonusy w kasynie Chocospin, w tym hojne oferty powitalne, nagrody za wp\u0142aty, bie\u017c\u0105ce promocje i ekscytuj\u0105ce turnieje. \u0141atwy dost\u0119p do wszystkich warunk\u00f3w bonus\u00f3w i instrukcji dotycz\u0105cych ich odbierania w jednym wygodnym miejscu.","breadcrumb":{"@id":"https:\/\/choco-spin.com\/pl\/bonus\/#breadcrumb"},"inLanguage":"pl-PL","potentialAction":[{"@type":"ReadAction","target":["https:\/\/choco-spin.com\/pl\/bonus\/"]}]},{"@type":"BreadcrumbList","@id":"https:\/\/choco-spin.com\/pl\/bonus\/#breadcrumb","itemListElement":[{"@type":"ListItem","position":1,"name":"Chocospin","item":"https:\/\/choco-spin.com\/pl\/"},{"@type":"ListItem","position":2,"name":"Bonus"}]},{"@type":"WebSite","@id":"https:\/\/choco-spin.com\/pl\/#website","url":"https:\/\/choco-spin.com\/pl\/","name":"Chocospin","description":"","publisher":{"@id":"https:\/\/choco-spin.com\/pl\/#organization"},"potentialAction":[{"@type":"SearchAction","target":{"@type":"EntryPoint","urlTemplate":"https:\/\/choco-spin.com\/pl\/?s={search_term_string}"},"query-input":{"@type":"PropertyValueSpecification","valueRequired":true,"valueName":"search_term_string"}}],"inLanguage":"pl-PL"},{"@type":"Organization","@id":"https:\/\/choco-spin.com\/pl\/#organization","name":"Chocospin","url":"https:\/\/choco-spin.com\/pl\/","logo":{"@type":"ImageObject","inLanguage":"pl-PL","@id":"https:\/\/choco-spin.com\/pl\/#\/schema\/logo\/image\/","url":"https:\/\/choco-spin.com\/wp-content\/uploads\/2026\/02\/Chocospin-logo-Desktop.png","contentUrl":"https:\/\/choco-spin.com\/wp-content\/uploads\/2026\/02\/Chocospin-logo-Desktop.png","width":123,"height":20,"caption":"Chocospin"},"image":{"@id":"https:\/\/choco-spin.com\/pl\/#\/schema\/logo\/image\/"}}]}},"_links":{"self":[{"href":"https:\/\/choco-spin.com\/pl\/wp-json\/wp\/v2\/pages\/1453","targetHints":{"allow":["GET"]}}],"collection":[{"href":"https:\/\/choco-spin.com\/pl\/wp-json\/wp\/v2\/pages"}],"about":[{"href":"https:\/\/choco-spin.com\/pl\/wp-json\/wp\/v2\/types\/page"}],"author":[{"embeddable":true,"href":"https:\/\/choco-spin.com\/pl\/wp-json\/wp\/v2\/users\/1"}],"replies":[{"embeddable":true,"href":"https:\/\/choco-spin.com\/pl\/wp-json\/wp\/v2\/comments?post=1453"}],"version-history":[{"count":2,"href":"https:\/\/choco-spin.com\/pl\/wp-json\/wp\/v2\/pages\/1453\/revisions"}],"predecessor-version":[{"id":1978,"href":"https:\/\/choco-spin.com\/pl\/wp-json\/wp\/v2\/pages\/1453\/revisions\/1978"}],"wp:attachment":[{"href":"https:\/\/choco-spin.com\/pl\/wp-json\/wp\/v2\/media?parent=1453"}],"curies":[{"name":"wp","href":"https:\/\/api.w.org\/{rel}","templated":true}]}}