{"id":1439,"date":"2026-02-18T13:53:57","date_gmt":"2026-02-18T13:53:57","guid":{"rendered":"https:\/\/choco-spin.com\/app\/"},"modified":"2026-02-19T09:02:57","modified_gmt":"2026-02-19T09:02:57","slug":"aplikacja","status":"publish","type":"page","link":"https:\/\/choco-spin.com\/pl\/aplikacja\/","title":{"rendered":"Aplikacja"},"content":{"rendered":"<h1>Choco Spin na urz\u0105dzeniach mobilnych<\/h1>\n<p>Chocospin app to nowoczesna platforma cyfrowa, kt\u00f3ra zapewnia niezr\u00f3wnane wra\u017cenia podczas grania w gry kasynowe online na telefonie kom\u00f3rkowym. Aplikacja zosta\u0142a opracowana z my\u015bl\u0105 o \u0142atwo\u015bci obs\u0142ugi i wydajno\u015bci, aby polscy gracze mieli mo\u017cliwo\u015b\u0107 grania w swoje ulubione gry, gdziekolwiek si\u0119 znajduj\u0105.<\/p>\n<p>Nasza platforma jest dost\u0119pna na smartfonach, tabletach, komputerach i innych urz\u0105dzeniach przeno\u015bnych. Nasi u\u017cytkownicy ciesz\u0105 si\u0119 innowacyjnymi funkcjami, kt\u00f3re zapewniaj\u0105 profesjonalne wra\u017cenia z gry. Aplikacja Choco Spin to po\u0142\u0105czenie szybko\u015bci, bezpiecze\u0144stwa i wygody. Zapraszamy do wypr\u00f3bowania jej zar\u00f3wno osoby graj\u0105ce rekreacyjnie, jak i entuzjast\u00f3w gier.<\/p>\n<div class=\"banner-wrap\" aria-label=\"Banner\"><img src=\"https:\/\/choco-spin.com\/wp-content\/uploads\/2026\/02\/Chocospin-banner-desktop.webp\" class=\"w-100 d-none d-lg-block img-pc main-banner-img\" alt=\"Chocospin banner desktop\" fetchpriority=\"high\" decoding=\"async\"><img src=\"https:\/\/choco-spin.com\/wp-content\/uploads\/2026\/02\/Chocospin-Banner-mobile.webp\" class=\"w-100 d-none d-md-block d-lg-none main-banner-img\" alt=\"Chocospin Banner mobile\" fetchpriority=\"high\" decoding=\"async\"><img src=\"https:\/\/choco-spin.com\/wp-content\/uploads\/2026\/02\/Chocospin-Banner-mobile.webp\" class=\"w-100 d-md-none\" alt=\"Chocospin Banner mobile\" fetchpriority=\"high\" decoding=\"async\"><div class=\"banner-description\">\n<div class=\"banner-title\">Bonusy powitalne<\/div>\n<p class=\"banner-header-title\">\u20ac1500<\/p>\n<div class=\"banner-header-AdditionalText\">+ 150 Darmowe spiny<\/div>\n<button data-item=\"homepage_banner_link\" class=\"goto m-button m-gradient-border m-button--primary m-button--large banner-button btn-orange\">\n            <div class=\"m-button-content\">\n                <span>Zarejestruj si\u0119 teraz<\/span>\n                <span><\/span>\n            <\/div>\n        <\/button>\n<\/div>\n<div class=\"WelcomePack\">\n<p><img loading=\"lazy\" decoding=\"async\" class=\"alignnone size-full wp-image-1389\" src=\"https:\/\/choco-spin.com\/wp-content\/uploads\/2026\/02\/welcome-crown.png\" alt=\"welcome crown\" width=\"25\" height=\"26\" \/><\/p>\n<div class=\"WelcomePack-Info\">Cotygodniowy zwrot got\u00f3wki do 25%<\/div>\n<p><img loading=\"lazy\" decoding=\"async\" class=\"alignnone size-full wp-image-1389\" src=\"https:\/\/choco-spin.com\/wp-content\/uploads\/2026\/02\/welcome-crown.png\" alt=\"welcome crown\" width=\"25\" height=\"26\" \/><\/p>\n<\/div>\n<\/div>\n<h2>Dost\u0119p mobilny do Chocospin<\/h2>\n<p>Kasyno Chocospin oferuje r\u00f3\u017cne opcje dost\u0119pu mobilnego, aby zaspokoi\u0107 potrzeby r\u00f3\u017cnych u\u017cytkownik\u00f3w pod wzgl\u0119dem urz\u0105dze\u0144 i ich mo\u017cliwo\u015bci. Te alternatywy s\u0105 dobre, aby zagwarantowa\u0107 najlepsz\u0105 wydajno\u015b\u0107, bezpiecze\u0144stwo i wra\u017cenia u\u017cytkownikom platformy Choco Spin.<\/p>\n<p>Dlaczego warto wybra\u0107 wersj\u0119 mobiln\u0105 zamiast stacjonarn\u0105?<\/p>\n<ul>\n<li>Umo\u017cliwia graczom wygodn\u0105 gr\u0119 w automaty online, gry z krupierem na \u017cywo, kolekcje ksi\u0105\u017cek i inne oferty Chocospin.<\/li>\n<li>Zapewnij szybkie, sprawdzone i \u0142atwe w u\u017cyciu rozwi\u0105zanie mobilne.<\/li>\n<li>Zapewnij p\u0142ynn\u0105 rozgrywk\u0119 na telefonie kom\u00f3rkowym lub w zaciszu w\u0142asnego domu.<\/li>\n<\/ul>\n<p>Aplikacja Chocospin ma wiele zalet w por\u00f3wnaniu z gr\u0105 na komputerze. Platforma mobilna jest zoptymalizowana, aby dzia\u0142a\u0107 dobrze i by\u0107 responsywna, szybko si\u0119 \u0142adowa\u0107 i mie\u0107 uproszczon\u0105 nawigacj\u0119. Oferuje natychmiastowy dost\u0119p do ca\u0142ego wachlarza funkcji kasyna bez konieczno\u015bci przeprowadzania rozbudowanej konfiguracji lub aktualizacji.<\/p>\n<p><div class=\"scrollable-content-wrap my-5\"><div class=\"scrollable-content-inner\"><h2>Aplikacja Chocospin na iOS<\/h2>\n<p>Aplikacja Chocospin na iOS spe\u0142nia potrzeby u\u017cytkownik\u00f3w urz\u0105dze\u0144 Apple. Po\u015bwi\u0119cili\u015bmy du\u017co czasu na wdro\u017cenie wysokiej jako\u015bci PWA, aby zapewni\u0107 p\u0142ynne i \u0142atwe w obs\u0142udze \u015brodowisko gry. Wersja na iOS jest zoptymalizowana pod k\u0105tem bezpiecze\u0144stwa i zapewnia dobr\u0105 wydajno\u015b\u0107 dzi\u0119ki wysokiej pr\u0119dko\u015bci \u0142adowania i niezawodnemu dzia\u0142aniu. Aplikacja ma wysok\u0105 jako\u015b\u0107 grafiki, a panelem sterowania mo\u017cna zarz\u0105dza\u0107 na iPhonie i iPadzie. Z pewno\u015bci\u0105 spodoba Ci si\u0119 profesjonalna atmosfera gry na automatach online Choco Spin i w grach z krupierem na \u017cywo. Regularne aktualizacje poprawiaj\u0105 wydajno\u015b\u0107 i dodaj\u0105 nowe funkcje, dzi\u0119ki czemu aplikacja jest zgodna z najnowszymi trendami w grach mobilnych.<\/p>\n<p><img loading=\"lazy\" decoding=\"async\" class=\"alignnone wp-image-1440 size-full\" src=\"https:\/\/choco-spin.com\/wp-content\/uploads\/Chocospin-iOS-App.webp\" alt=\"Chocospin iOS App\" width=\"1248\" height=\"536\" srcset=\"https:\/\/choco-spin.com\/wp-content\/uploads\/Chocospin-iOS-App.webp 1248w, https:\/\/choco-spin.com\/wp-content\/uploads\/Chocospin-iOS-App-300x129.webp 300w, https:\/\/choco-spin.com\/wp-content\/uploads\/Chocospin-iOS-App-1024x440.webp 1024w, https:\/\/choco-spin.com\/wp-content\/uploads\/Chocospin-iOS-App-768x330.webp 768w\" sizes=\"auto, (max-width: 1248px) 100vw, 1248px\" \/><\/p>\n<\/div><\/div><div style=\"clear: both\"><\/div><div class=\"d-flex justify-content-center\"><button data-item=\"decouvrez_link\" data-group=\"website_links\" class=\"goto fw-bold rounded-pill btn btn-orange\" aria-label=\"Pobierz aplikacj\u0119 Chocospin\" >Pobierz aplikacj\u0119 Chocospin<\/button><\/div><div class=\"scrollable-content-wrap my-5\"><div class=\"scrollable-content-inner\"><h2>Aplikacja Chocospin na Androida<\/h2>\n<p>Wersja aplikacji Chocospin na Androida jest progresywn\u0105 aplikacj\u0105 internetow\u0105 (PWA) z uproszczon\u0105 i uniwersaln\u0105 platform\u0105 do gier. Dzia\u0142a na r\u00f3\u017cnych smartfonach z systemem Android i tabletach z systemem Android. Zaskoczy Ci\u0119 stabiln\u0105 wydajno\u015bci\u0105 i wysok\u0105 jako\u015bci\u0105 grafiki.<\/p>\n<p>Aplikacja na Androida jest prosta w instalacji i aktualizuje si\u0119 automatycznie w tle, wi\u0119c nie ma potrzeby r\u0119cznej instalacji ani aktualizacji. Dzi\u0119ki intuicyjnemu interfejsowi dzia\u0142a szybko, zapewniaj\u0105c graczom \u0142atwy dost\u0119p do kategorii gier, promocji i zarz\u0105dzania kontem, dzi\u0119ki czemu mog\u0105 oni bez przeszk\u00f3d korzysta\u0107 z najnowszych ofert kasyna Chocospin.<\/p>\n<h3>PWA<\/h3>\n<p>Gracze Choco Spin Casino preferuj\u0105 nasz\u0105 lekk\u0105 aplikacj\u0119 Progressive Web Application. Oferuje ona natychmiastowy dost\u0119p bez konieczno\u015bci pobierania. Jest to po\u0142\u0105czenie strony internetowej i niestandardowej aplikacji, co oznacza, \u017ce \u0142aduje si\u0119 szybko i jest responsywna. PWA mo\u017ce by\u0107 u\u017cywana we wszystkich wsp\u00f3\u0142czesnych przegl\u0105darkach, kt\u00f3re oferuj\u0105 bezpieczn\u0105 platform\u0119 do gry. Obejmuje ona ca\u0142\u0105 gam\u0119 funkcji kasyna Chocospin, takich jak czat na \u017cywo, opcje odpowiedzialnej gry i dost\u0119p do procesu weryfikacji. Ta alternatywa jest idealna dla graczy, kt\u00f3rzy chc\u0105 uzyska\u0107 dost\u0119p do platformy Choco Spin Casino. Nasza aplikacja Chocospin jest szybkim i wygodnym sposobem i nie wymaga dodatkowej pami\u0119ci.<\/p>\n<p>PWA stanowi ulepszenie w stosunku do plik\u00f3w APK Chocospin, poniewa\u017c posiada automatyczne aktualizacje i jest bardziej stabilna. Przej\u015bcie na PWA u\u0142atwia dost\u0119p, minimalizuje ewentualne obawy dotycz\u0105ce bezpiecze\u0144stwa i zapewnia zgodno\u015b\u0107 z najnowszymi standardami przegl\u0105darek Android.<\/p>\n<table>\n<tbody>\n<tr>\n<td>Oprogramowanie<\/td>\n<td>Metoda dost\u0119pu<\/td>\n<td>Wymagania dotycz\u0105ce pami\u0119ci<\/td>\n<td>Procedura aktualizacji<\/td>\n<td>G\u0142\u00f3wna zaleta<\/td>\n<\/tr>\n<tr>\n<td>PWA (iOS\/Android)<\/td>\n<td>Przegl\u0105darka (Safari, Chrome itp.)<\/td>\n<td>Bardzo niskie\/minimalne (dynamiczne \u0142adowanie)<\/td>\n<td>Automatyczne aktualizacje<\/td>\n<td>Szybki dost\u0119p, brak zale\u017cno\u015bci od sklepu z aplikacjami, p\u0142ynna integracja<\/td>\n<\/tr>\n<tr>\n<td>APK<\/td>\n<td>Pobieranie ze strony internetowej<\/td>\n<td>Wymaga miejsca na dysku dla pliku APK<\/td>\n<td>R\u0119czne ponowne pobieranie aktualizacji<\/td>\n<td>Instalacja poza sklepami z aplikacjami<\/td>\n<\/tr>\n<tr>\n<td>Windows\/Mac<\/td>\n<td>Aplikacje komputerowe<\/td>\n<td>R\u00f3\u017cna pojemno\u015b\u0107 pami\u0119ci lokalnej<\/td>\n<td>Nie jest konieczne<\/td>\n<td>Zoptymalizowane pod k\u0105tem wi\u0119kszych ekran\u00f3w z ulepszonymi funkcjami<\/td>\n<\/tr>\n<\/tbody>\n<\/table>\n<p><img loading=\"lazy\" decoding=\"async\" class=\"alignnone wp-image-1968 size-full\" src=\"https:\/\/choco-spin.com\/wp-content\/uploads\/Chocospin-Android-App.webp\" alt=\"\" width=\"1248\" height=\"536\" srcset=\"https:\/\/choco-spin.com\/wp-content\/uploads\/Chocospin-Android-App.webp 1248w, https:\/\/choco-spin.com\/wp-content\/uploads\/Chocospin-Android-App-300x129.webp 300w, https:\/\/choco-spin.com\/wp-content\/uploads\/Chocospin-Android-App-1024x440.webp 1024w, https:\/\/choco-spin.com\/wp-content\/uploads\/Chocospin-Android-App-768x330.webp 768w\" sizes=\"auto, (max-width: 1248px) 100vw, 1248px\" \/><\/p>\n<\/div><\/div><div style=\"clear: both\"><\/div><div class=\"d-flex justify-content-center\"><button data-item=\"decouvrez_link\" data-group=\"website_links\" class=\"goto fw-bold rounded-pill btn btn-orange\" aria-label=\"Pobierz Chocospin\" >Pobierz Chocospin<\/button><\/div><div class=\"scrollable-content-wrap my-5\"><div class=\"scrollable-content-inner\"><h2>Aplikacje dla system\u00f3w Windows i Mac<\/h2>\n<p>Chocospin Casino oferuje aplikacje dla system\u00f3w Windows i macOS, odpowiednie dla graczy preferuj\u0105cych gry na komputerach stacjonarnych. Zapewniaj\u0105 one pe\u0142ny panoramiczny widok \u015brodowiska kasyna i zawieraj\u0105 grafik\u0119 w wysokiej rozdzielczo\u015bci oraz zaawansowane funkcje, kt\u00f3re mo\u017cna znale\u017a\u0107 w tych wersjach na komputery stacjonarne. S\u0105 one dost\u0119pne na wi\u0119kszych ekranach i zapewniaj\u0105 doskona\u0142e wra\u017cenia z gry, szczeg\u00f3lnie w grach z krupierem na \u017cywo \u2014 wygl\u0105da to tak, jakby krupier sta\u0142 tu\u017c obok Ciebie, a Ty cieszy\u0142e\u015b si\u0119 wra\u017ceniami z Las Vegas i bardziej skomplikowanymi zak\u0142adami. Inne specyfikacje to wsparcie na czacie na \u017cywo, natychmiastowa weryfikacja konta i \u0142atwa nawigacja, kt\u00f3re sprawiaj\u0105, \u017ce jest to kompletna platforma do gier, konkuruj\u0105ca z tradycyjnymi platformami online.<\/p>\n<p><img loading=\"lazy\" decoding=\"async\" class=\"alignnone wp-image-1969 size-full\" src=\"https:\/\/choco-spin.com\/wp-content\/uploads\/Chocospin-Desktop.webp\" alt=\"Chocospin Desktop\" width=\"1248\" height=\"536\" srcset=\"https:\/\/choco-spin.com\/wp-content\/uploads\/Chocospin-Desktop.webp 1248w, https:\/\/choco-spin.com\/wp-content\/uploads\/Chocospin-Desktop-300x129.webp 300w, https:\/\/choco-spin.com\/wp-content\/uploads\/Chocospin-Desktop-1024x440.webp 1024w, https:\/\/choco-spin.com\/wp-content\/uploads\/Chocospin-Desktop-768x330.webp 768w\" sizes=\"auto, (max-width: 1248px) 100vw, 1248px\" \/><\/p>\n<\/div><\/div><div style=\"clear: both\"><\/div><div class=\"d-flex justify-content-center\"><button data-item=\"decouvrez_link\" data-group=\"website_links\" class=\"goto fw-bold rounded-pill btn btn-orange\" aria-label=\"Pobierz aplikacj\u0119 Chocospin\" >Pobierz aplikacj\u0119 Chocospin<\/button><\/div><div class=\"scrollable-content-wrap my-5\"><div class=\"scrollable-content-inner\"><h2>FAQ<\/h2>\n<h3>Czy do korzystania z aplikacji Choco Spin wymagane jest utworzenie konta?<\/h3>\n<p>Tak, jest to wa\u017cne dla naszego mobilnego kasyna. Gracze online musz\u0105 si\u0119 zarejestrowa\u0107 i zweryfikowa\u0107 swoj\u0105 to\u017csamo\u015b\u0107, aby uzyska\u0107 dost\u0119p do wszystkich funkcji Chocospin Casino. Po rejestracji mo\u017cesz cieszy\u0107 si\u0119 wszystkim \u2014 automatami online, grami z krupierem na \u017cywo i bonusami. Darmowe konto umo\u017cliwia bezpieczne zakupy, dost\u0119p do promocji i kontakt z zespo\u0142em wsparcia technicznego w razie potrzeby.<\/p>\n<h3>Czy aplikacja Choco Spin Casino oferuje obs\u0142ug\u0119 klienta?<\/h3>\n<p>Aplikacja Chocospin ma dedykowany zesp\u00f3\u0142 wsparcia, z kt\u00f3rym mo\u017cna si\u0119 skontaktowa\u0107 mi\u0119dzy innymi poprzez czat na \u017cywo i e-mail. Pozwala to na szybk\u0105 reakcj\u0119 na problemy techniczne, weryfikacj\u0119 konta i og\u00f3lne zapytania, co zapewnia nieprzerwany proces gry.<\/p>\n<h3>Jak zaktualizowa\u0107 aplikacj\u0119 Chocospin Casino?<\/h3>\n<p>Aplikacja nie jest ju\u017c obs\u0142ugiwana r\u0119cznie, wi\u0119c nowe gry i aktualizacje s\u0105 dost\u0119pne w spos\u00f3b ci\u0105g\u0142y. Nie musisz nic robi\u0107 r\u0119cznie, poniewa\u017c aplikacja Chocospin aktualizuje si\u0119 sama, wi\u0119c nie musisz si\u0119 tym martwi\u0107.<\/p>\n<\/div><\/div><\/p>\n","protected":false},"excerpt":{"rendered":"<p>Choco Spin na urz\u0105dzeniach mobilnych Chocospin app to nowoczesna platforma cyfrowa, kt\u00f3ra zapewnia niezr\u00f3wnane wra\u017cenia podczas grania w gry kasynowe online na telefonie kom\u00f3rkowym. Aplikacja zosta\u0142a opracowana z my\u015bl\u0105 o \u0142atwo\u015bci obs\u0142ugi i wydajno\u015bci, aby polscy gracze mieli mo\u017cliwo\u015b\u0107 grania w swoje ulubione gry, gdziekolwiek si\u0119 znajduj\u0105. Nasza platforma jest dost\u0119pna na smartfonach, tabletach, komputerach [&hellip;]<\/p>\n","protected":false},"author":1,"featured_media":0,"parent":0,"menu_order":0,"comment_status":"closed","ping_status":"closed","template":"template-builder.php","meta":{"_acf_changed":false,"inline_featured_image":false,"footnotes":""},"class_list":["post-1439","page","type-page","status-publish","hentry"],"acf":[],"yoast_head":"<!-- This site is optimized with the Yoast SEO plugin v27.3 - https:\/\/yoast.com\/product\/yoast-seo-wordpress\/ -->\n<title>Chocospin app Pobieranie | iOS i Android<\/title>\n<meta name=\"description\" content=\"Aplikacja Chocospin zapewnia p\u0142ynn\u0105 rozgrywk\u0119 na platformach Android, iOS, Windows i macOS, wraz z synchronizacj\u0105 kont, regularnymi aktualizacjami i wbudowan\u0105 pomoc\u0105 techniczn\u0105 dla u\u017cytkownik\u00f3w, co zapewnia \u0142atwo\u015b\u0107 obs\u0142ugi.\" \/>\n<meta name=\"robots\" content=\"index, follow, max-snippet:-1, max-image-preview:large, max-video-preview:-1\" \/>\n<link rel=\"canonical\" href=\"https:\/\/choco-spin.com\/pl\/aplikacja\/\" \/>\n<meta property=\"og:locale\" content=\"pl_PL\" \/>\n<meta property=\"og:type\" content=\"article\" \/>\n<meta property=\"og:title\" content=\"Chocospin app Pobieranie | iOS i Android\" \/>\n<meta property=\"og:description\" content=\"Aplikacja Chocospin zapewnia p\u0142ynn\u0105 rozgrywk\u0119 na platformach Android, iOS, Windows i macOS, wraz z synchronizacj\u0105 kont, regularnymi aktualizacjami i wbudowan\u0105 pomoc\u0105 techniczn\u0105 dla u\u017cytkownik\u00f3w, co zapewnia \u0142atwo\u015b\u0107 obs\u0142ugi.\" \/>\n<meta property=\"og:url\" content=\"https:\/\/choco-spin.com\/pl\/aplikacja\/\" \/>\n<meta property=\"og:site_name\" content=\"chocospin\" \/>\n<meta property=\"article:modified_time\" content=\"2026-02-19T09:02:57+00:00\" \/>\n<meta name=\"twitter:card\" content=\"summary_large_image\" \/>\n<meta name=\"twitter:label1\" content=\"Est. reading time\" \/>\n\t<meta name=\"twitter:data1\" content=\"1 minute\" \/>\n<script type=\"application\/ld+json\" class=\"yoast-schema-graph\">{\"@context\":\"https:\\\/\\\/schema.org\",\"@graph\":[{\"@type\":\"WebPage\",\"@id\":\"https:\\\/\\\/choco-spin.com\\\/pl\\\/aplikacja\\\/\",\"url\":\"https:\\\/\\\/choco-spin.com\\\/pl\\\/aplikacja\\\/\",\"name\":\"Chocospin app Pobieranie | iOS i Android\",\"isPartOf\":{\"@id\":\"https:\\\/\\\/choco-spin.com\\\/pl\\\/#website\"},\"datePublished\":\"2026-02-18T13:53:57+00:00\",\"dateModified\":\"2026-02-19T09:02:57+00:00\",\"description\":\"Aplikacja Chocospin zapewnia p\u0142ynn\u0105 rozgrywk\u0119 na platformach Android, iOS, Windows i macOS, wraz z synchronizacj\u0105 kont, regularnymi aktualizacjami i wbudowan\u0105 pomoc\u0105 techniczn\u0105 dla u\u017cytkownik\u00f3w, co zapewnia \u0142atwo\u015b\u0107 obs\u0142ugi.\",\"breadcrumb\":{\"@id\":\"https:\\\/\\\/choco-spin.com\\\/pl\\\/aplikacja\\\/#breadcrumb\"},\"inLanguage\":\"pl-PL\",\"potentialAction\":[{\"@type\":\"ReadAction\",\"target\":[\"https:\\\/\\\/choco-spin.com\\\/pl\\\/aplikacja\\\/\"]}]},{\"@type\":\"BreadcrumbList\",\"@id\":\"https:\\\/\\\/choco-spin.com\\\/pl\\\/aplikacja\\\/#breadcrumb\",\"itemListElement\":[{\"@type\":\"ListItem\",\"position\":1,\"name\":\"Chocospin\",\"item\":\"https:\\\/\\\/choco-spin.com\\\/pl\\\/\"},{\"@type\":\"ListItem\",\"position\":2,\"name\":\"Aplikacja\"}]},{\"@type\":\"WebSite\",\"@id\":\"https:\\\/\\\/choco-spin.com\\\/pl\\\/#website\",\"url\":\"https:\\\/\\\/choco-spin.com\\\/pl\\\/\",\"name\":\"Chocospin\",\"description\":\"\",\"publisher\":{\"@id\":\"https:\\\/\\\/choco-spin.com\\\/pl\\\/#organization\"},\"potentialAction\":[{\"@type\":\"SearchAction\",\"target\":{\"@type\":\"EntryPoint\",\"urlTemplate\":\"https:\\\/\\\/choco-spin.com\\\/pl\\\/?s={search_term_string}\"},\"query-input\":{\"@type\":\"PropertyValueSpecification\",\"valueRequired\":true,\"valueName\":\"search_term_string\"}}],\"inLanguage\":\"pl-PL\"},{\"@type\":\"Organization\",\"@id\":\"https:\\\/\\\/choco-spin.com\\\/pl\\\/#organization\",\"name\":\"Chocospin\",\"url\":\"https:\\\/\\\/choco-spin.com\\\/pl\\\/\",\"logo\":{\"@type\":\"ImageObject\",\"inLanguage\":\"pl-PL\",\"@id\":\"https:\\\/\\\/choco-spin.com\\\/pl\\\/#\\\/schema\\\/logo\\\/image\\\/\",\"url\":\"https:\\\/\\\/choco-spin.com\\\/wp-content\\\/uploads\\\/2026\\\/02\\\/Chocospin-logo-Desktop.png\",\"contentUrl\":\"https:\\\/\\\/choco-spin.com\\\/wp-content\\\/uploads\\\/2026\\\/02\\\/Chocospin-logo-Desktop.png\",\"width\":123,\"height\":20,\"caption\":\"Chocospin\"},\"image\":{\"@id\":\"https:\\\/\\\/choco-spin.com\\\/pl\\\/#\\\/schema\\\/logo\\\/image\\\/\"}}]}<\/script>\n<!-- \/ Yoast SEO plugin. -->","yoast_head_json":{"title":"Chocospin app Pobieranie | iOS i Android","description":"Aplikacja Chocospin zapewnia p\u0142ynn\u0105 rozgrywk\u0119 na platformach Android, iOS, Windows i macOS, wraz z synchronizacj\u0105 kont, regularnymi aktualizacjami i wbudowan\u0105 pomoc\u0105 techniczn\u0105 dla u\u017cytkownik\u00f3w, co zapewnia \u0142atwo\u015b\u0107 obs\u0142ugi.","robots":{"index":"index","follow":"follow","max-snippet":"max-snippet:-1","max-image-preview":"max-image-preview:large","max-video-preview":"max-video-preview:-1"},"canonical":"https:\/\/choco-spin.com\/pl\/aplikacja\/","og_locale":"pl_PL","og_type":"article","og_title":"Chocospin app Pobieranie | iOS i Android","og_description":"Aplikacja Chocospin zapewnia p\u0142ynn\u0105 rozgrywk\u0119 na platformach Android, iOS, Windows i macOS, wraz z synchronizacj\u0105 kont, regularnymi aktualizacjami i wbudowan\u0105 pomoc\u0105 techniczn\u0105 dla u\u017cytkownik\u00f3w, co zapewnia \u0142atwo\u015b\u0107 obs\u0142ugi.","og_url":"https:\/\/choco-spin.com\/pl\/aplikacja\/","og_site_name":"chocospin","article_modified_time":"2026-02-19T09:02:57+00:00","twitter_card":"summary_large_image","twitter_misc":{"Est. reading time":"1 minute"},"schema":{"@context":"https:\/\/schema.org","@graph":[{"@type":"WebPage","@id":"https:\/\/choco-spin.com\/pl\/aplikacja\/","url":"https:\/\/choco-spin.com\/pl\/aplikacja\/","name":"Chocospin app Pobieranie | iOS i Android","isPartOf":{"@id":"https:\/\/choco-spin.com\/pl\/#website"},"datePublished":"2026-02-18T13:53:57+00:00","dateModified":"2026-02-19T09:02:57+00:00","description":"Aplikacja Chocospin zapewnia p\u0142ynn\u0105 rozgrywk\u0119 na platformach Android, iOS, Windows i macOS, wraz z synchronizacj\u0105 kont, regularnymi aktualizacjami i wbudowan\u0105 pomoc\u0105 techniczn\u0105 dla u\u017cytkownik\u00f3w, co zapewnia \u0142atwo\u015b\u0107 obs\u0142ugi.","breadcrumb":{"@id":"https:\/\/choco-spin.com\/pl\/aplikacja\/#breadcrumb"},"inLanguage":"pl-PL","potentialAction":[{"@type":"ReadAction","target":["https:\/\/choco-spin.com\/pl\/aplikacja\/"]}]},{"@type":"BreadcrumbList","@id":"https:\/\/choco-spin.com\/pl\/aplikacja\/#breadcrumb","itemListElement":[{"@type":"ListItem","position":1,"name":"Chocospin","item":"https:\/\/choco-spin.com\/pl\/"},{"@type":"ListItem","position":2,"name":"Aplikacja"}]},{"@type":"WebSite","@id":"https:\/\/choco-spin.com\/pl\/#website","url":"https:\/\/choco-spin.com\/pl\/","name":"Chocospin","description":"","publisher":{"@id":"https:\/\/choco-spin.com\/pl\/#organization"},"potentialAction":[{"@type":"SearchAction","target":{"@type":"EntryPoint","urlTemplate":"https:\/\/choco-spin.com\/pl\/?s={search_term_string}"},"query-input":{"@type":"PropertyValueSpecification","valueRequired":true,"valueName":"search_term_string"}}],"inLanguage":"pl-PL"},{"@type":"Organization","@id":"https:\/\/choco-spin.com\/pl\/#organization","name":"Chocospin","url":"https:\/\/choco-spin.com\/pl\/","logo":{"@type":"ImageObject","inLanguage":"pl-PL","@id":"https:\/\/choco-spin.com\/pl\/#\/schema\/logo\/image\/","url":"https:\/\/choco-spin.com\/wp-content\/uploads\/2026\/02\/Chocospin-logo-Desktop.png","contentUrl":"https:\/\/choco-spin.com\/wp-content\/uploads\/2026\/02\/Chocospin-logo-Desktop.png","width":123,"height":20,"caption":"Chocospin"},"image":{"@id":"https:\/\/choco-spin.com\/pl\/#\/schema\/logo\/image\/"}}]}},"_links":{"self":[{"href":"https:\/\/choco-spin.com\/pl\/wp-json\/wp\/v2\/pages\/1439","targetHints":{"allow":["GET"]}}],"collection":[{"href":"https:\/\/choco-spin.com\/pl\/wp-json\/wp\/v2\/pages"}],"about":[{"href":"https:\/\/choco-spin.com\/pl\/wp-json\/wp\/v2\/types\/page"}],"author":[{"embeddable":true,"href":"https:\/\/choco-spin.com\/pl\/wp-json\/wp\/v2\/users\/1"}],"replies":[{"embeddable":true,"href":"https:\/\/choco-spin.com\/pl\/wp-json\/wp\/v2\/comments?post=1439"}],"version-history":[{"count":3,"href":"https:\/\/choco-spin.com\/pl\/wp-json\/wp\/v2\/pages\/1439\/revisions"}],"predecessor-version":[{"id":2040,"href":"https:\/\/choco-spin.com\/pl\/wp-json\/wp\/v2\/pages\/1439\/revisions\/2040"}],"wp:attachment":[{"href":"https:\/\/choco-spin.com\/pl\/wp-json\/wp\/v2\/media?parent=1439"}],"curies":[{"name":"wp","href":"https:\/\/api.w.org\/{rel}","templated":true}]}}