{"id":1451,"date":"2026-02-18T14:07:10","date_gmt":"2026-02-18T14:07:10","guid":{"rendered":"https:\/\/choco-spin.com\/bonus\/"},"modified":"2026-02-19T08:07:17","modified_gmt":"2026-02-19T08:07:17","slug":"bonus","status":"publish","type":"page","link":"https:\/\/choco-spin.com\/it\/bonus\/","title":{"rendered":"Bonus"},"content":{"rendered":"<h1>Bonus e premi di Chocospin Casino<\/h1>\n<p>Il Chocospin bonus cambier\u00e0 tutto ci\u00f2 che sai sulle vincite nei casin\u00f2 online. Abbiamo creato un sistema di bonus cos\u00ec razionale, generoso e ben organizzato che ogni giocatore italiano ne sar\u00e0 soddisfatto. Chocospin Casino punta su correttezza, sicurezza e trasparenza per garantire che tutti i giocatori possano massimizzare le loro potenziali vincite attraverso allettanti pacchetti bonus. Il nostro sito supporta i giocatori aggiornando continuamente i suoi servizi promozionali per attirare e fidelizzare efficacemente i clienti.<\/p>\n<p><div class=\"banner-wrap\" aria-label=\"Banner\"><img src=\"https:\/\/choco-spin.com\/wp-content\/uploads\/2026\/02\/Chocospin-banner-desktop.webp\" class=\"w-100 d-none d-lg-block img-pc main-banner-img\" alt=\"Chocospin banner desktop\" fetchpriority=\"high\" decoding=\"async\"><img src=\"https:\/\/choco-spin.com\/wp-content\/uploads\/2026\/02\/Chocospin-Banner-mobile.webp\" class=\"w-100 d-none d-md-block d-lg-none main-banner-img\" alt=\"Chocospin Banner mobile\" fetchpriority=\"high\" decoding=\"async\"><img src=\"https:\/\/choco-spin.com\/wp-content\/uploads\/2026\/02\/Chocospin-Banner-mobile.webp\" class=\"w-100 d-md-none\" alt=\"Chocospin Banner mobile\" fetchpriority=\"high\" decoding=\"async\"><div class=\"banner-description\">\n<div class=\"banner-title\">Bonus di benvenuto<\/div>\n<p class=\"banner-header-title\">\u20ac1500<\/p>\n<div class=\"banner-header-AdditionalText\">+ 150 Giri gratuiti<\/div>\n<button data-item=\"homepage_banner_link\" class=\"goto m-button m-gradient-border m-button--primary m-button--large banner-button btn-orange\">\n            <div class=\"m-button-content\">\n                <span>Iscriviti ora<\/span>\n                <span><\/span>\n            <\/div>\n        <\/button>\n<\/div>\n<div class=\"WelcomePack\">\n<p><img loading=\"lazy\" decoding=\"async\" class=\"alignnone size-full wp-image-1389\" src=\"https:\/\/choco-spin.com\/wp-content\/uploads\/2026\/02\/welcome-crown.png\" alt=\"welcome crown\" width=\"25\" height=\"26\" \/><\/p>\n<div class=\"WelcomePack-Info\">Cashback settimanale fino al 25%<\/div>\n<p><img loading=\"lazy\" decoding=\"async\" class=\"alignnone size-full wp-image-1389\" src=\"https:\/\/choco-spin.com\/wp-content\/uploads\/2026\/02\/welcome-crown.png\" alt=\"welcome crown\" width=\"25\" height=\"26\" \/><\/p>\n<\/div>\n<\/div><div class=\"promotions-wrap\"><div class=\"promotion-card\" style=\"background-image: url(https:\/\/choco-spin.com\/wp-content\/uploads\/First-deposit.webp);\"><h2 class=\"promotion-card__title\">Bonus sul primo deposito<\/h2><label class=\"promotion-card__offer\">100% fino a \u20ac 500 + 150 giri gratuiti<\/label><label class=\"promotion-card__description\"><\/label><div class=\"promotion-card__actions\"><button data-item=\"payments_link\" data-group=\"website_links\" class=\"goto btn btn-orange rounded-pill fw-bold px-4 m-button m-gradient-border m-button--primary m-button--large promotion-button promotion-card__action-btn\" aria-label=\"Iscriviti\"><div class=\"m-button-content\"><span class=\"promotion-button__content\">Iscriviti<\/span><\/div><\/button><button data-item=\"http:\/\/bonus_link\" data-group=\"website_links\" class=\"goto m-button m-gradient-border m-button--secondary m-button--medium promotion-card__info-btn\" aria-label=\"More information\"><div class=\"m-button-content\"><svg viewBox=\"0 0 24 24\" fill=\"none\" xmlns=\"http:\/\/www.w3.org\/2000\/svg\" class=\"m-icon m-icon-loadable\" name=\"Attention\" loading=\"false\" aria-hidden=\"true\"><path d=\"M12 22C6.477 22 2 17.522 2 12S6.477 2 12 2s10 4.478 10 10-4.477 10-10 10m-.002-13.004a.999.999 0 1 0 0-1.997.999.999 0 0 0 0 1.997M12 17a1 1 0 0 0 .993-.884L13 16l-.002-5.001-.007-.117a1 1 0 0 0-1.986 0l-.007.117L11 16l.007.117A1 1 0 0 0 12 17\" fill=\"currentColor\"><\/path><\/svg><\/div><\/button><\/div><\/div><div class=\"promotion-card\" style=\"background-image: url(https:\/\/choco-spin.com\/wp-content\/uploads\/Second-deposit.webp);\"><h2 class=\"promotion-card__title\">Bonus sul secondo deposito<\/h2><label class=\"promotion-card__offer\">55% fino a \u20ac 500 + 100 giri gratuiti<\/label><label class=\"promotion-card__description\"><\/label><div class=\"promotion-card__actions\"><button data-item=\"payments_link\" data-group=\"website_links\" class=\"goto btn btn-orange rounded-pill fw-bold px-4 m-button m-gradient-border m-button--primary m-button--large promotion-button promotion-card__action-btn\" aria-label=\"Iscriviti\"><div class=\"m-button-content\"><span class=\"promotion-button__content\">Iscriviti<\/span><\/div><\/button><button data-item=\"http:\/\/bonus_link\" data-group=\"website_links\" class=\"goto m-button m-gradient-border m-button--secondary m-button--medium promotion-card__info-btn\" aria-label=\"More information\"><div class=\"m-button-content\"><svg viewBox=\"0 0 24 24\" fill=\"none\" xmlns=\"http:\/\/www.w3.org\/2000\/svg\" class=\"m-icon m-icon-loadable\" name=\"Attention\" loading=\"false\" aria-hidden=\"true\"><path d=\"M12 22C6.477 22 2 17.522 2 12S6.477 2 12 2s10 4.478 10 10-4.477 10-10 10m-.002-13.004a.999.999 0 1 0 0-1.997.999.999 0 0 0 0 1.997M12 17a1 1 0 0 0 .993-.884L13 16l-.002-5.001-.007-.117a1 1 0 0 0-1.986 0l-.007.117L11 16l.007.117A1 1 0 0 0 12 17\" fill=\"currentColor\"><\/path><\/svg><\/div><\/button><\/div><\/div><div class=\"promotion-card\" style=\"background-image: url(https:\/\/choco-spin.com\/wp-content\/uploads\/Third-deposit.webp);\"><h2 class=\"promotion-card__title\">Bonus sul terzo deposito<\/h2><label class=\"promotion-card__offer\">100% fino a \u20ac 500<\/label><label class=\"promotion-card__description\"><\/label><div class=\"promotion-card__actions\"><button data-item=\"payments_link\" data-group=\"website_links\" class=\"goto btn btn-orange rounded-pill fw-bold px-4 m-button m-gradient-border m-button--primary m-button--large promotion-button promotion-card__action-btn\" aria-label=\"Iscriviti\"><div class=\"m-button-content\"><span class=\"promotion-button__content\">Iscriviti<\/span><\/div><\/button><button data-item=\"http:\/\/bonus_link\" data-group=\"website_links\" class=\"goto m-button m-gradient-border m-button--secondary m-button--medium promotion-card__info-btn\" aria-label=\"More information\"><div class=\"m-button-content\"><svg viewBox=\"0 0 24 24\" fill=\"none\" xmlns=\"http:\/\/www.w3.org\/2000\/svg\" class=\"m-icon m-icon-loadable\" name=\"Attention\" loading=\"false\" aria-hidden=\"true\"><path d=\"M12 22C6.477 22 2 17.522 2 12S6.477 2 12 2s10 4.478 10 10-4.477 10-10 10m-.002-13.004a.999.999 0 1 0 0-1.997.999.999 0 0 0 0 1.997M12 17a1 1 0 0 0 .993-.884L13 16l-.002-5.001-.007-.117a1 1 0 0 0-1.986 0l-.007.117L11 16l.007.117A1 1 0 0 0 12 17\" fill=\"currentColor\"><\/path><\/svg><\/div><\/button><\/div><\/div><div class=\"promotion-card\" style=\"background-image: url(https:\/\/choco-spin.com\/wp-content\/uploads\/Sunday-reload.webp);\"><h2 class=\"promotion-card__title\">Ricarica domenicale<\/h2><label class=\"promotion-card__offer\">25% fino a \u20ac 100<\/label><label class=\"promotion-card__description\"><\/label><div class=\"promotion-card__actions\"><button data-item=\"payments_link\" data-group=\"website_links\" class=\"goto btn btn-orange rounded-pill fw-bold px-4 m-button m-gradient-border m-button--primary m-button--large promotion-button promotion-card__action-btn\" aria-label=\"Iscriviti\"><div class=\"m-button-content\"><span class=\"promotion-button__content\">Iscriviti<\/span><\/div><\/button><button data-item=\"http:\/\/bonus_link\" data-group=\"website_links\" class=\"goto m-button m-gradient-border m-button--secondary m-button--medium promotion-card__info-btn\" aria-label=\"More information\"><div class=\"m-button-content\"><svg viewBox=\"0 0 24 24\" fill=\"none\" xmlns=\"http:\/\/www.w3.org\/2000\/svg\" class=\"m-icon m-icon-loadable\" name=\"Attention\" loading=\"false\" aria-hidden=\"true\"><path d=\"M12 22C6.477 22 2 17.522 2 12S6.477 2 12 2s10 4.478 10 10-4.477 10-10 10m-.002-13.004a.999.999 0 1 0 0-1.997.999.999 0 0 0 0 1.997M12 17a1 1 0 0 0 .993-.884L13 16l-.002-5.001-.007-.117a1 1 0 0 0-1.986 0l-.007.117L11 16l.007.117A1 1 0 0 0 12 17\" fill=\"currentColor\"><\/path><\/svg><\/div><\/button><\/div><\/div><div class=\"promotion-card\" style=\"background-image: url(https:\/\/choco-spin.com\/wp-content\/uploads\/Cashback.webp);\"><h2 class=\"promotion-card__title\">Cashback settimanale<\/h2><label class=\"promotion-card__offer\">fino al 25%<\/label><label class=\"promotion-card__description\"><\/label><div class=\"promotion-card__actions\"><button data-item=\"payments_link\" data-group=\"website_links\" class=\"goto btn btn-orange rounded-pill fw-bold px-4 m-button m-gradient-border m-button--primary m-button--large promotion-button promotion-card__action-btn\" aria-label=\"Iscriviti\"><div class=\"m-button-content\"><span class=\"promotion-button__content\">Iscriviti<\/span><\/div><\/button><button data-item=\"http:\/\/bonus_link\" data-group=\"website_links\" class=\"goto m-button m-gradient-border m-button--secondary m-button--medium promotion-card__info-btn\" aria-label=\"More information\"><div class=\"m-button-content\"><svg viewBox=\"0 0 24 24\" fill=\"none\" xmlns=\"http:\/\/www.w3.org\/2000\/svg\" class=\"m-icon m-icon-loadable\" name=\"Attention\" loading=\"false\" aria-hidden=\"true\"><path d=\"M12 22C6.477 22 2 17.522 2 12S6.477 2 12 2s10 4.478 10 10-4.477 10-10 10m-.002-13.004a.999.999 0 1 0 0-1.997.999.999 0 0 0 0 1.997M12 17a1 1 0 0 0 .993-.884L13 16l-.002-5.001-.007-.117a1 1 0 0 0-1.986 0l-.007.117L11 16l.007.117A1 1 0 0 0 12 17\" fill=\"currentColor\"><\/path><\/svg><\/div><\/button><\/div><\/div><\/div><div class=\"scrollable-content-wrap my-5\"><div class=\"scrollable-content-inner\"><h2>Dettagli della promozione<\/h2>\n<p>Chocospin Casino \u00e8 caratterizzato da un&#8217;ampia variet\u00e0 di promozioni permanenti a seconda delle preferenze dei nostri giocatori pi\u00f9 esigenti: monitoriamo e aggiorniamo costantemente le promozioni per soddisfare tutti voi. Il casin\u00f2 ha un&#8217;atmosfera promozionale attiva, che include interessanti bonus di benvenuto, premi esclusivi VIP e altro ancora. Queste offerte bonus di Chocospin sono state progettate per incoraggiare i giocatori a esplorare una vasta gamma di giochi, come slot, giochi da tavolo e giochi con croupier dal vivo, con l&#8217;aggiunta di vantaggi bonus.<\/p>\n<h2>Competizioni di Choco Spin Casino<\/h2>\n<p>Chocospin Casino offre diversi tornei competitivi con ricchi premi in palio. Questi tornei sono progettati in modo tale da mettere alla prova l&#8217;abilit\u00e0 e la fortuna, offrendo anche una bella sfida a tutti i partecipanti. Le competizioni pi\u00f9 famose sono:<\/p>\n<ul>\n<li>Torneo Rookie Rumble con un incredibile premio giornaliero di 2.500 \u20ac<\/li>\n<li>Torneo Drops and Wins con un premio stagionale in denaro di 25.000.000 \u20ac<\/li>\n<li>Vale la pena provare il torneo live da 10.000 \u20ac.<\/li>\n<\/ul>\n<p>Puoi anche provare:<\/p>\n<ul>\n<li>Sunday Reload del 25%, che corrisponde a circa 100 \u20ac se si utilizza la parola in codice RELDAY<\/li>\n<li>Il cashback settimanale pu\u00f2 arrivare fino al 25%, ma tieni presente che di solito dipende dai depositi effettuati e dalle perdite subite durante il periodo di 7 giorni.<\/li>\n<\/ul>\n<p>Partecipare a questi tornei \u00e8 facile e aperto a tutti i giocatori registrati. La natura competitiva stimola un gameplay strategico e i migliori giocatori vengono ricompensati con un enorme bonus Chocospin, creando un&#8217;atmosfera vivace e gratificante.<\/p>\n<h2>Bonus di benvenuto di Chocospin Casino<\/h2>\n<p>Beh, probabilmente pensi che solo i pi\u00f9 fortunati possano vincere il bonus Chocospin, giusto? No! Ogni singolo giocatore che si registra con noi pu\u00f2 ricevere un pacchetto di benvenuto come ringraziamento. Attualmente, offriamo 1.500 \u20ac a tutti i nuovi arrivati, insieme a 250 giri gratuiti da spendere nei primi 3 giorni (il bonus Chocospin deve essere speso entro una settimana, altrimenti decade).<\/p>\n<p>Il pacchetto aiuter\u00e0 i nuovi giocatori a partire con il piede giusto, aumentando il loro bankroll iniziale e offrendo loro maggiori opportunit\u00e0 di vincita. Il bonus di benvenuto di Chocospin \u00e8 un mix di fondi bonus e giri gratuiti, che possono essere utilizzati in una vasta gamma di giochi da casin\u00f2.<\/p>\n<h3>Bonus sul primo deposito<\/h3>\n<p>L&#8217;offerta di benvenuto di Chocospin Casino include il bonus sul primo deposito, che \u00e8 una componente fondamentale dell&#8217;offerta di benvenuto. I giocatori che effettuano il loro primo deposito riceveranno un bonus del 100% fino a un massimo di 500 \u20ac e 150 giri gratuiti in regalo. \u00c8 possibile utilizzarli per alcuni dei giochi di slot di Chocospin.<\/p>\n<p>Questo bonus aumenta notevolmente la durata del gioco, consentendo ai giocatori di provare diversi titoli con il denaro aggiuntivo. Il requisito di scommessa del bonus sul primo deposito \u00e8 pari a 35 volte l&#8217;importo del bonus, il che \u00e8 equo e trasparente.<\/p>\n<h3>Bonus sul secondo deposito<\/h3>\n<p>La seconda volta che effettui un deposito, riceverai 500 \u20ac e 100 giri. Tale promozione incoragger\u00e0 un&#8217;ulteriore interazione e apprezzer\u00e0 la fedelt\u00e0 fornendo pi\u00f9 bonus in denaro.<\/p>\n<p>I termini di scommessa sono simili a quelli del bonus sul primo deposito e richiedono un playthrough di 35x. Questa uniformit\u00e0 offre ai giocatori buone aspettative. Non ci sono brutte sorprese.<\/p>\n<h3>Bonus sul terzo deposito<\/h3>\n<p>Chocospin Casino offre un bonus sul terzo deposito per rafforzare il gioco a lungo termine. Ai giocatori viene assegnato un bonus del 100% (massimo 500 \u20ac). Anche se questo bonus non prevede giri gratuiti, ha lo stesso requisito di scommessa di 35 volte, che promuove il gioco responsabile.<\/p>\n<h2>Termini e condizioni dei bonus per i giocatori<\/h2>\n<p>Chocospin Casino ha stabilito termini specifici che vengono utilizzati per rendere tutte le offerte di bonus trasparenti ed eque. Le condizioni principali includono:<\/p>\n<table>\n<tbody>\n<tr>\n<td>Condizione<\/td>\n<td>Dettagli<\/td>\n<\/tr>\n<tr>\n<td>Verifica KYC<\/td>\n<td>I giocatori devono autenticarsi utilizzando documenti legittimi, quali prova di indirizzo e metodo di pagamento.<\/td>\n<\/tr>\n<tr>\n<td>Idoneit\u00e0 al bonus<\/td>\n<td>I giocatori hanno diritto ai bonus in base ai requisiti regionali e di et\u00e0; i bonus sono soggetti a limitazioni giurisdizionali.<\/td>\n<\/tr>\n<tr>\n<td>Requisiti di scommessa<\/td>\n<td>I bonus devono essere scommessi almeno 30 volte prima di poter essere prelevati.<\/td>\n<\/tr>\n<tr>\n<td>Limite massimo di scommessa<\/td>\n<td>Per le scommesse bonus, la puntata massima \u00e8 di 5 \u20ac per prevenire l&#8217;abuso dei bonus.<\/td>\n<\/tr>\n<tr>\n<td>Contributi di gioco<\/td>\n<td>I diversi tipi di gioco contribuiscono in modo diverso ai requisiti di scommessa; le slot contribuiscono al 100%, mentre i giochi da tavolo contribuiscono in misura minore.<\/td>\n<\/tr>\n<tr>\n<td>Limite di tempo<\/td>\n<td>I bonus devono essere scommessi entro 7-14 giorni, altrimenti scadranno.<\/td>\n<\/tr>\n<tr>\n<td>Gioco responsabile<\/td>\n<td>Incoraggia i giocatori a limitare le loro scommesse e a giocare in modo responsabile per un ambiente di gioco pi\u00f9 sicuro.<\/td>\n<\/tr>\n<\/tbody>\n<\/table>\n<h2>Domande frequenti<\/h2>\n<h3>Come posso riscattare il bonus di benvenuto su Chocospin Casino?<\/h3>\n<p>Il bonus Chocospin viene automaticamente depositato sul conto del giocatore dopo la conferma del deposito, nel caso in cui la promozione sia stata scelta al momento del deposito. La piattaforma fornisce istruzioni chiare da seguire. Puoi leggere tutte le informazioni sulla tua dashboard.<\/p>\n<h3>I bonus di Choco Spin Casino sono validi per tutti i giochi?<\/h3>\n<p>Non tutti i giochi danno diritto al bonus Choco Spin. I bonus possono essere offerti solo nei giochi di slot e in alcuni giochi da tavolo. Le promozioni specificano i titoli e le percentuali di contribuzione che sono ammissibili, e i termini e le condizioni lo spiegano bene. I giocatori devono assicurarsi di essere qualificati per giocare prima di piazzare una scommessa.<\/p>\n<h3>Come tenere traccia di tutte le promozioni su Chocospin Casino?<\/h3>\n<p>Sulla tua dashboard puoi seguire tutti i tornei e le offerte Chocospin in corso. Partecipando regolarmente, puoi sbloccare fantastiche funzioni bonus, giri gratuiti e jackpot, quindi ti consigliamo di partecipare attivamente ai nostri tornei.<\/p>\n<\/div><\/div><\/p>\n","protected":false},"excerpt":{"rendered":"<p>Bonus e premi di Chocospin Casino Il Chocospin bonus cambier\u00e0 tutto ci\u00f2 che sai sulle vincite nei casin\u00f2 online. Abbiamo creato un sistema di bonus cos\u00ec razionale, generoso e ben organizzato che ogni giocatore italiano ne sar\u00e0 soddisfatto. Chocospin Casino punta su correttezza, sicurezza e trasparenza per garantire che tutti i giocatori possano massimizzare le [&hellip;]<\/p>\n","protected":false},"author":1,"featured_media":0,"parent":0,"menu_order":0,"comment_status":"closed","ping_status":"closed","template":"template-builder.php","meta":{"_acf_changed":false,"inline_featured_image":false,"footnotes":""},"class_list":["post-1451","page","type-page","status-publish","hentry"],"acf":[],"yoast_head":"<!-- This site is optimized with the Yoast SEO plugin v27.3 - https:\/\/yoast.com\/product\/yoast-seo-wordpress\/ -->\n<title>Chocospin Casino Bonus e offerte speciali<\/title>\n<meta name=\"description\" content=\"Scopri i bonus esclusivi di Chocospin Casino, tra cui generose offerte di benvenuto, premi sui depositi, promozioni continue ed emozionanti tornei. Accedi facilmente a tutti i termini dei bonus e alle istruzioni per richiederli in un unico posto comodo.\" \/>\n<meta name=\"robots\" content=\"index, follow, max-snippet:-1, max-image-preview:large, max-video-preview:-1\" \/>\n<link rel=\"canonical\" href=\"https:\/\/choco-spin.com\/it\/bonus\/\" \/>\n<meta property=\"og:locale\" content=\"it_IT\" \/>\n<meta property=\"og:type\" content=\"article\" \/>\n<meta property=\"og:title\" content=\"Chocospin Casino Bonus e offerte speciali\" \/>\n<meta property=\"og:description\" content=\"Scopri i bonus esclusivi di Chocospin Casino, tra cui generose offerte di benvenuto, premi sui depositi, promozioni continue ed emozionanti tornei. Accedi facilmente a tutti i termini dei bonus e alle istruzioni per richiederli in un unico posto comodo.\" \/>\n<meta property=\"og:url\" content=\"https:\/\/choco-spin.com\/it\/bonus\/\" \/>\n<meta property=\"og:site_name\" content=\"chocospin\" \/>\n<meta property=\"article:modified_time\" content=\"2026-02-19T08:07:17+00:00\" \/>\n<meta name=\"twitter:card\" content=\"summary_large_image\" \/>\n<meta name=\"twitter:label1\" content=\"Est. reading time\" \/>\n\t<meta name=\"twitter:data1\" content=\"1 minute\" \/>\n<script type=\"application\/ld+json\" class=\"yoast-schema-graph\">{\"@context\":\"https:\\\/\\\/schema.org\",\"@graph\":[{\"@type\":\"WebPage\",\"@id\":\"https:\\\/\\\/choco-spin.com\\\/it\\\/bonus\\\/\",\"url\":\"https:\\\/\\\/choco-spin.com\\\/it\\\/bonus\\\/\",\"name\":\"Chocospin Casino Bonus e offerte speciali\",\"isPartOf\":{\"@id\":\"https:\\\/\\\/choco-spin.com\\\/it\\\/#website\"},\"datePublished\":\"2026-02-18T14:07:10+00:00\",\"dateModified\":\"2026-02-19T08:07:17+00:00\",\"description\":\"Scopri i bonus esclusivi di Chocospin Casino, tra cui generose offerte di benvenuto, premi sui depositi, promozioni continue ed emozionanti tornei. Accedi facilmente a tutti i termini dei bonus e alle istruzioni per richiederli in un unico posto comodo.\",\"breadcrumb\":{\"@id\":\"https:\\\/\\\/choco-spin.com\\\/it\\\/bonus\\\/#breadcrumb\"},\"inLanguage\":\"it-IT\",\"potentialAction\":[{\"@type\":\"ReadAction\",\"target\":[\"https:\\\/\\\/choco-spin.com\\\/it\\\/bonus\\\/\"]}]},{\"@type\":\"BreadcrumbList\",\"@id\":\"https:\\\/\\\/choco-spin.com\\\/it\\\/bonus\\\/#breadcrumb\",\"itemListElement\":[{\"@type\":\"ListItem\",\"position\":1,\"name\":\"Chocospin\",\"item\":\"https:\\\/\\\/choco-spin.com\\\/it\\\/\"},{\"@type\":\"ListItem\",\"position\":2,\"name\":\"Bonus\"}]},{\"@type\":\"WebSite\",\"@id\":\"https:\\\/\\\/choco-spin.com\\\/it\\\/#website\",\"url\":\"https:\\\/\\\/choco-spin.com\\\/it\\\/\",\"name\":\"Chocospin\",\"description\":\"\",\"publisher\":{\"@id\":\"https:\\\/\\\/choco-spin.com\\\/it\\\/#organization\"},\"potentialAction\":[{\"@type\":\"SearchAction\",\"target\":{\"@type\":\"EntryPoint\",\"urlTemplate\":\"https:\\\/\\\/choco-spin.com\\\/it\\\/?s={search_term_string}\"},\"query-input\":{\"@type\":\"PropertyValueSpecification\",\"valueRequired\":true,\"valueName\":\"search_term_string\"}}],\"inLanguage\":\"it-IT\"},{\"@type\":\"Organization\",\"@id\":\"https:\\\/\\\/choco-spin.com\\\/it\\\/#organization\",\"name\":\"Chocospin\",\"url\":\"https:\\\/\\\/choco-spin.com\\\/it\\\/\",\"logo\":{\"@type\":\"ImageObject\",\"inLanguage\":\"it-IT\",\"@id\":\"https:\\\/\\\/choco-spin.com\\\/it\\\/#\\\/schema\\\/logo\\\/image\\\/\",\"url\":\"https:\\\/\\\/choco-spin.com\\\/wp-content\\\/uploads\\\/2026\\\/02\\\/Chocospin-logo-Desktop.png\",\"contentUrl\":\"https:\\\/\\\/choco-spin.com\\\/wp-content\\\/uploads\\\/2026\\\/02\\\/Chocospin-logo-Desktop.png\",\"width\":123,\"height\":20,\"caption\":\"Chocospin\"},\"image\":{\"@id\":\"https:\\\/\\\/choco-spin.com\\\/it\\\/#\\\/schema\\\/logo\\\/image\\\/\"}}]}<\/script>\n<!-- \/ Yoast SEO plugin. -->","yoast_head_json":{"title":"Chocospin Casino Bonus e offerte speciali","description":"Scopri i bonus esclusivi di Chocospin Casino, tra cui generose offerte di benvenuto, premi sui depositi, promozioni continue ed emozionanti tornei. Accedi facilmente a tutti i termini dei bonus e alle istruzioni per richiederli in un unico posto comodo.","robots":{"index":"index","follow":"follow","max-snippet":"max-snippet:-1","max-image-preview":"max-image-preview:large","max-video-preview":"max-video-preview:-1"},"canonical":"https:\/\/choco-spin.com\/it\/bonus\/","og_locale":"it_IT","og_type":"article","og_title":"Chocospin Casino Bonus e offerte speciali","og_description":"Scopri i bonus esclusivi di Chocospin Casino, tra cui generose offerte di benvenuto, premi sui depositi, promozioni continue ed emozionanti tornei. Accedi facilmente a tutti i termini dei bonus e alle istruzioni per richiederli in un unico posto comodo.","og_url":"https:\/\/choco-spin.com\/it\/bonus\/","og_site_name":"chocospin","article_modified_time":"2026-02-19T08:07:17+00:00","twitter_card":"summary_large_image","twitter_misc":{"Est. reading time":"1 minute"},"schema":{"@context":"https:\/\/schema.org","@graph":[{"@type":"WebPage","@id":"https:\/\/choco-spin.com\/it\/bonus\/","url":"https:\/\/choco-spin.com\/it\/bonus\/","name":"Chocospin Casino Bonus e offerte speciali","isPartOf":{"@id":"https:\/\/choco-spin.com\/it\/#website"},"datePublished":"2026-02-18T14:07:10+00:00","dateModified":"2026-02-19T08:07:17+00:00","description":"Scopri i bonus esclusivi di Chocospin Casino, tra cui generose offerte di benvenuto, premi sui depositi, promozioni continue ed emozionanti tornei. Accedi facilmente a tutti i termini dei bonus e alle istruzioni per richiederli in un unico posto comodo.","breadcrumb":{"@id":"https:\/\/choco-spin.com\/it\/bonus\/#breadcrumb"},"inLanguage":"it-IT","potentialAction":[{"@type":"ReadAction","target":["https:\/\/choco-spin.com\/it\/bonus\/"]}]},{"@type":"BreadcrumbList","@id":"https:\/\/choco-spin.com\/it\/bonus\/#breadcrumb","itemListElement":[{"@type":"ListItem","position":1,"name":"Chocospin","item":"https:\/\/choco-spin.com\/it\/"},{"@type":"ListItem","position":2,"name":"Bonus"}]},{"@type":"WebSite","@id":"https:\/\/choco-spin.com\/it\/#website","url":"https:\/\/choco-spin.com\/it\/","name":"Chocospin","description":"","publisher":{"@id":"https:\/\/choco-spin.com\/it\/#organization"},"potentialAction":[{"@type":"SearchAction","target":{"@type":"EntryPoint","urlTemplate":"https:\/\/choco-spin.com\/it\/?s={search_term_string}"},"query-input":{"@type":"PropertyValueSpecification","valueRequired":true,"valueName":"search_term_string"}}],"inLanguage":"it-IT"},{"@type":"Organization","@id":"https:\/\/choco-spin.com\/it\/#organization","name":"Chocospin","url":"https:\/\/choco-spin.com\/it\/","logo":{"@type":"ImageObject","inLanguage":"it-IT","@id":"https:\/\/choco-spin.com\/it\/#\/schema\/logo\/image\/","url":"https:\/\/choco-spin.com\/wp-content\/uploads\/2026\/02\/Chocospin-logo-Desktop.png","contentUrl":"https:\/\/choco-spin.com\/wp-content\/uploads\/2026\/02\/Chocospin-logo-Desktop.png","width":123,"height":20,"caption":"Chocospin"},"image":{"@id":"https:\/\/choco-spin.com\/it\/#\/schema\/logo\/image\/"}}]}},"_links":{"self":[{"href":"https:\/\/choco-spin.com\/it\/wp-json\/wp\/v2\/pages\/1451","targetHints":{"allow":["GET"]}}],"collection":[{"href":"https:\/\/choco-spin.com\/it\/wp-json\/wp\/v2\/pages"}],"about":[{"href":"https:\/\/choco-spin.com\/it\/wp-json\/wp\/v2\/types\/page"}],"author":[{"embeddable":true,"href":"https:\/\/choco-spin.com\/it\/wp-json\/wp\/v2\/users\/1"}],"replies":[{"embeddable":true,"href":"https:\/\/choco-spin.com\/it\/wp-json\/wp\/v2\/comments?post=1451"}],"version-history":[{"count":2,"href":"https:\/\/choco-spin.com\/it\/wp-json\/wp\/v2\/pages\/1451\/revisions"}],"predecessor-version":[{"id":1887,"href":"https:\/\/choco-spin.com\/it\/wp-json\/wp\/v2\/pages\/1451\/revisions\/1887"}],"wp:attachment":[{"href":"https:\/\/choco-spin.com\/it\/wp-json\/wp\/v2\/media?parent=1451"}],"curies":[{"name":"wp","href":"https:\/\/api.w.org\/{rel}","templated":true}]}}