{"id":1437,"date":"2026-02-18T13:53:57","date_gmt":"2026-02-18T13:53:57","guid":{"rendered":"https:\/\/choco-spin.com\/app\/"},"modified":"2026-02-19T09:04:00","modified_gmt":"2026-02-19T09:04:00","slug":"applicazione","status":"publish","type":"page","link":"https:\/\/choco-spin.com\/it\/applicazione\/","title":{"rendered":"Applicazione"},"content":{"rendered":"<h1>Choco Spin sui dispositivi mobili<\/h1>\n<p>Chocospin app \u00e8 una piattaforma digitale moderna che offre un&#8217;esperienza senza pari per giocare ai giochi da casin\u00f2 online su un telefono cellulare. L&#8217;app \u00e8 stata sviluppata tenendo conto della facilit\u00e0 d&#8217;uso e delle prestazioni, in modo che i giocatori italiani abbiano l&#8217;opportunit\u00e0 di giocare ai loro giochi preferiti ovunque si trovino.<\/p>\n<p>La nostra piattaforma \u00e8 disponibile su smartphone, tablet, computer e qualsiasi altro dispositivo portatile. I nostri utenti apprezzano le caratteristiche innovative che offrono un&#8217;esperienza di gioco professionale. L&#8217;app Choco Spin \u00e8 una combinazione di velocit\u00e0, sicurezza e convenienza. Invitiamo gli appassionati di giochi occasionali e gli appassionati di giochi a provarla.<\/p>\n<div class=\"banner-wrap\" aria-label=\"Banner\"><img src=\"https:\/\/choco-spin.com\/wp-content\/uploads\/2026\/02\/Chocospin-banner-desktop.webp\" class=\"w-100 d-none d-lg-block img-pc main-banner-img\" alt=\"Chocospin banner desktop\" fetchpriority=\"high\" decoding=\"async\"><img src=\"https:\/\/choco-spin.com\/wp-content\/uploads\/2026\/02\/Chocospin-Banner-mobile.webp\" class=\"w-100 d-none d-md-block d-lg-none main-banner-img\" alt=\"Chocospin Banner mobile\" fetchpriority=\"high\" decoding=\"async\"><img src=\"https:\/\/choco-spin.com\/wp-content\/uploads\/2026\/02\/Chocospin-Banner-mobile.webp\" class=\"w-100 d-md-none\" alt=\"Chocospin Banner mobile\" fetchpriority=\"high\" decoding=\"async\"><div class=\"banner-description\">\n<div class=\"banner-title\">Bonus di benvenuto<\/div>\n<p class=\"banner-header-title\">\u20ac1500<\/p>\n<div class=\"banner-header-AdditionalText\">+ 150 Giri gratuiti<\/div>\n<button data-item=\"homepage_banner_link\" class=\"goto m-button m-gradient-border m-button--primary m-button--large banner-button btn-orange\">\n            <div class=\"m-button-content\">\n                <span>Iscriviti ora<\/span>\n                <span><\/span>\n            <\/div>\n        <\/button>\n<\/div>\n<div class=\"WelcomePack\">\n<p><img loading=\"lazy\" decoding=\"async\" class=\"alignnone size-full wp-image-1389\" src=\"https:\/\/choco-spin.com\/wp-content\/uploads\/2026\/02\/welcome-crown.png\" alt=\"welcome crown\" width=\"25\" height=\"26\" \/><\/p>\n<div class=\"WelcomePack-Info\">Cashback settimanale fino al 25%<\/div>\n<p><img loading=\"lazy\" decoding=\"async\" class=\"alignnone size-full wp-image-1389\" src=\"https:\/\/choco-spin.com\/wp-content\/uploads\/2026\/02\/welcome-crown.png\" alt=\"welcome crown\" width=\"25\" height=\"26\" \/><\/p>\n<\/div>\n<\/div>\n<h2>Accesso mobile a Chocospin<\/h2>\n<p>Chocospin Casino offre varie opzioni di accesso mobile per soddisfare le esigenze di diversi utenti in termini di dispositivi e loro capacit\u00e0. Queste alternative sono ottime per garantire le migliori prestazioni, sicurezza ed esperienza agli utenti della piattaforma Choco Spin.<\/p>\n<p>Perch\u00e9 scegliere il mobile invece del desktop?<\/p>\n<ul>\n<li>Consente ai giocatori di giocare comodamente alle slot online, ai giochi con croupier dal vivo, alle raccolte di libri e ad altre offerte di Chocospin.<\/li>\n<li>Fornire una soluzione mobile veloce, collaudata e facile da usare.<\/li>\n<li>Garantire un gameplay senza interruzioni su un telefono cellulare o comodamente da casa.<\/li>\n<\/ul>\n<p>L&#8217;app Chocospin offre una vasta gamma di vantaggi rispetto al gioco su PC. La piattaforma mobile \u00e8 ottimizzata per funzionare bene ed essere reattiva, caricarsi velocemente e avere una navigazione semplificata. Offre accesso immediato all&#8217;intera gamma di funzionalit\u00e0 del casin\u00f2 senza richiedere configurazioni o aggiornamenti complessi.<\/p>\n<p><div class=\"scrollable-content-wrap my-5\"><div class=\"scrollable-content-inner\"><h2>App Chocospin per iOS<\/h2>\n<p>L&#8217;app Chocospin per iOS soddisfa le esigenze degli utenti di dispositivi Apple. Abbiamo dedicato molto tempo all&#8217;implementazione di una PWA di qualit\u00e0 per un ambiente di gioco fluido e facile da usare. La versione iOS \u00e8 ottimizzata per essere sicura e offre buone prestazioni con velocit\u00e0 di caricamento elevate e un funzionamento affidabile. L&#8217;applicazione ha una grafica di alta qualit\u00e0 e puoi controllare la tua dashboard su iPhone e iPad. Apprezzerai sicuramente l&#8217;atmosfera professionale per giocare alle slot online Choco Spin e ai giochi con croupier dal vivo. Gli aggiornamenti regolari migliorano le prestazioni e aggiungono nuove funzionalit\u00e0, mantenendo l&#8217;app al passo con le ultime novit\u00e0 nel campo dei giochi mobili.<\/p>\n<p><img loading=\"lazy\" decoding=\"async\" class=\"alignnone wp-image-1438 size-full\" src=\"https:\/\/choco-spin.com\/wp-content\/uploads\/Chocospin-iOS-App.webp\" alt=\"Chocospin iOS App\" width=\"1248\" height=\"536\" srcset=\"https:\/\/choco-spin.com\/wp-content\/uploads\/Chocospin-iOS-App.webp 1248w, https:\/\/choco-spin.com\/wp-content\/uploads\/Chocospin-iOS-App-300x129.webp 300w, https:\/\/choco-spin.com\/wp-content\/uploads\/Chocospin-iOS-App-1024x440.webp 1024w, https:\/\/choco-spin.com\/wp-content\/uploads\/Chocospin-iOS-App-768x330.webp 768w\" sizes=\"auto, (max-width: 1248px) 100vw, 1248px\" \/><\/p>\n<\/div><\/div><div style=\"clear: both\"><\/div><div class=\"d-flex justify-content-center\"><button data-item=\"decouvrez_link\" data-group=\"website_links\" class=\"goto fw-bold rounded-pill btn btn-orange\" aria-label=\"Scarica l&#039;app Chocospin\" >Scarica l&#039;app Chocospin<\/button><\/div><div class=\"scrollable-content-wrap my-5\"><div class=\"scrollable-content-inner\"><h2>App Chocospin per Android<\/h2>\n<p>La versione Android dell&#8217;app Chocospin \u00e8 una Progressive Web App (PWA), con una piattaforma di gioco semplificata e universale. Funziona con una vasta gamma di smartphone Android e tablet basati su Android. Ti sorprender\u00e0 con prestazioni stabili e una grafica di qualit\u00e0.<\/p>\n<p>L&#8217;applicazione Android \u00e8 semplice da installare e si aggiorna automaticamente in background, quindi non \u00e8 necessario installarla o aggiornarla manualmente. \u00c8 veloce grazie alla sua interfaccia intuitiva, che offre ai giocatori un facile accesso alle categorie di giochi, alle promozioni e alla gestione dell&#8217;account, in modo che possano avere accesso illimitato alle ultime offerte del Casin\u00f2 Chocospin senza inconvenienti.<\/p>\n<h3>PWA<\/h3>\n<p>I giocatori di Choco Spin Casino preferiscono la nostra leggera applicazione web progressiva. Offre un accesso immediato senza necessit\u00e0 di download. \u00c8 una combinazione di un sito web e un&#8217;applicazione personalizzata, il che significa che si carica rapidamente ed \u00e8 reattiva. La PWA pu\u00f2 essere utilizzata in tutti i browser contemporanei, che offrono una piattaforma sicura per il gioco. Comprende l&#8217;intera gamma di funzioni di Chocospin Casino, come il servizio di chat dal vivo, le opzioni di gioco responsabile e l&#8217;accesso al processo di verifica. Questa alternativa \u00e8 perfetta per i giocatori che desiderano accedere alla piattaforma Choco Spin Casino. La nostra app Chocospin \u00e8 un modo veloce e conveniente e non richiede necessariamente spazio di archiviazione aggiuntivo.<\/p>\n<p>La PWA \u00e8 un miglioramento rispetto ai file APK di Chocospin, in quanto dispone di aggiornamenti automatici ed \u00e8 pi\u00f9 stabile. Il passaggio alla PWA rende pi\u00f9 facile l&#8217;accesso, riduce al minimo i possibili problemi di sicurezza e la rende compatibile con i recenti standard dei browser Android.<\/p>\n<table>\n<tbody>\n<tr>\n<td>Software<\/td>\n<td>Metodo di accesso<\/td>\n<td>Requisiti di spazio di archiviazione<\/td>\n<td>Procedura di aggiornamento<\/td>\n<td>Vantaggio principale<\/td>\n<\/tr>\n<tr>\n<td>PWA (iOS\/Android)<\/td>\n<td>Browser (Safari, Chrome, ecc.)<\/td>\n<td>Molto basso\/minimo (caricamento dinamico)<\/td>\n<td>Aggiornamenti automatici<\/td>\n<td>Accesso rapido, nessuna dipendenza dall&#8217;app store, integrazione fluida<\/td>\n<\/tr>\n<tr>\n<td>APK<\/td>\n<td>Scaricabile dal sito web<\/td>\n<td>Richiede spazio di archiviazione per l&#8217;APK<\/td>\n<td>Ricaricamento manuale per gli aggiornamenti<\/td>\n<td>Installazione al di fuori degli app store<\/td>\n<\/tr>\n<tr>\n<td>Windows\/Mac<\/td>\n<td>Applicazioni desktop<\/td>\n<td>Lo spazio di archiviazione locale varia<\/td>\n<td>Non necessario<\/td>\n<td>Ottimizzato per schermi pi\u00f9 grandi con funzionalit\u00e0 avanzate<\/td>\n<\/tr>\n<\/tbody>\n<\/table>\n<p><img loading=\"lazy\" decoding=\"async\" class=\"alignnone size-full wp-image-1878\" src=\"https:\/\/choco-spin.com\/wp-content\/uploads\/Chocospin-Android-App.webp\" alt=\"\" width=\"1248\" height=\"536\" srcset=\"https:\/\/choco-spin.com\/wp-content\/uploads\/Chocospin-Android-App.webp 1248w, https:\/\/choco-spin.com\/wp-content\/uploads\/Chocospin-Android-App-300x129.webp 300w, https:\/\/choco-spin.com\/wp-content\/uploads\/Chocospin-Android-App-1024x440.webp 1024w, https:\/\/choco-spin.com\/wp-content\/uploads\/Chocospin-Android-App-768x330.webp 768w\" sizes=\"auto, (max-width: 1248px) 100vw, 1248px\" \/><\/p>\n<\/div><\/div><div style=\"clear: both\"><\/div><div class=\"d-flex justify-content-center\"><button data-item=\"decouvrez_link\" data-group=\"website_links\" class=\"goto fw-bold rounded-pill btn btn-orange\" aria-label=\"Scarica Chocospin\" >Scarica Chocospin<\/button><\/div><div class=\"scrollable-content-wrap my-5\"><div class=\"scrollable-content-inner\"><h2>Applicazioni Windows e Mac<\/h2>\n<p>Chocospin Casino offre applicazioni per Windows e macOS, adatte ai giocatori che preferiscono il gioco desktop. Offrono una vista panoramica completa dell&#8217;ambiente del casin\u00f2 e includono grafica ad alta risoluzione e funzionalit\u00e0 avanzate, come si trova in queste versioni desktop. Sono disponibili su schermi pi\u00f9 grandi e offrono un&#8217;esperienza di gioco perfetta, in particolare nei giochi con croupier dal vivo: sembra che un croupier sia proprio accanto a te e ti stai godendo la tua esperienza a Las Vegas e scommesse pi\u00f9 complicate. Altre caratteristiche sono l&#8217;assistenza tramite chat live, la verifica istantanea dell&#8217;account e la facile navigazione, che lo rendono una piattaforma di gioco completa in grado di competere con le piattaforme online tradizionali.<\/p>\n<p><img loading=\"lazy\" decoding=\"async\" class=\"alignnone size-full wp-image-1879\" src=\"https:\/\/choco-spin.com\/wp-content\/uploads\/Chocospin-Desktop.webp\" alt=\"Chocospin Desktop\" width=\"1248\" height=\"536\" srcset=\"https:\/\/choco-spin.com\/wp-content\/uploads\/Chocospin-Desktop.webp 1248w, https:\/\/choco-spin.com\/wp-content\/uploads\/Chocospin-Desktop-300x129.webp 300w, https:\/\/choco-spin.com\/wp-content\/uploads\/Chocospin-Desktop-1024x440.webp 1024w, https:\/\/choco-spin.com\/wp-content\/uploads\/Chocospin-Desktop-768x330.webp 768w\" sizes=\"auto, (max-width: 1248px) 100vw, 1248px\" \/><\/p>\n<\/div><\/div><div style=\"clear: both\"><\/div><div class=\"d-flex justify-content-center\"><button data-item=\"decouvrez_link\" data-group=\"website_links\" class=\"goto fw-bold rounded-pill btn btn-orange\" aria-label=\"Scarica l&#039;app Chocospin\" >Scarica l&#039;app Chocospin<\/button><\/div><div class=\"scrollable-content-wrap my-5\"><div class=\"scrollable-content-inner\"><h2>Domande frequenti<\/h2>\n<h3>\u00c8 necessario creare un account per utilizzare l&#8217;app Choco Spin?<\/h3>\n<p>S\u00ec, \u00e8 importante per il nostro casin\u00f2 mobile. I giocatori online devono registrarsi e verificare la propria identit\u00e0 per accedere a tutte le funzionalit\u00e0 di Chocospin Casino. Dopo la registrazione, potrai goderti tutto: slot online, giochi con croupier dal vivo e bonus. Un account gratuito consente acquisti sicuri, l&#8217;accesso alle promozioni e al team di assistenza ogni volta che \u00e8 necessario.<\/p>\n<h3>L&#8217;app Choco Spin Casino offre assistenza clienti?<\/h3>\n<p>L&#8217;app Chocospin dispone di un team di assistenza dedicato a cui \u00e8 possibile accedere tramite live chat ed e-mail, oltre ad altri mezzi di comunicazione. Ci\u00f2 consente una risposta tempestiva a problemi tecnici, verifica dell&#8217;account e richieste generali, garantendo un processo di gioco ininterrotto.<\/p>\n<h3>Come aggiornare l&#8217;app Chocospin Casino?<\/h3>\n<p>L&#8217;applicazione non viene pi\u00f9 gestita manualmente, quindi nuovi giochi e aggiornamenti sono disponibili continuamente. Non \u00e8 necessario fare nulla manualmente, poich\u00e9 l&#8217;app Chocospin si aggiorna automaticamente, quindi questa parte non deve preoccuparti.<\/p>\n<\/div><\/div><\/p>\n","protected":false},"excerpt":{"rendered":"<p>Choco Spin sui dispositivi mobili Chocospin app \u00e8 una piattaforma digitale moderna che offre un&#8217;esperienza senza pari per giocare ai giochi da casin\u00f2 online su un telefono cellulare. L&#8217;app \u00e8 stata sviluppata tenendo conto della facilit\u00e0 d&#8217;uso e delle prestazioni, in modo che i giocatori italiani abbiano l&#8217;opportunit\u00e0 di giocare ai loro giochi preferiti ovunque [&hellip;]<\/p>\n","protected":false},"author":1,"featured_media":0,"parent":0,"menu_order":0,"comment_status":"closed","ping_status":"closed","template":"template-builder.php","meta":{"_acf_changed":false,"inline_featured_image":false,"footnotes":""},"class_list":["post-1437","page","type-page","status-publish","hentry"],"acf":[],"yoast_head":"<!-- This site is optimized with the Yoast SEO plugin v27.3 - https:\/\/yoast.com\/product\/yoast-seo-wordpress\/ -->\n<title>Scarica l&#039;app Chocospin | iOS e Android<\/title>\n<meta name=\"description\" content=\"L&#039;app Chocospin garantisce un&#039;esperienza di gioco impeccabile su piattaforme Android, iOS, Windows e macOS, completa di sincronizzazione dell&#039;account, aggiornamenti regolari e assistenza clienti integrata per una maggiore facilit\u00e0 d&#039;uso.\" \/>\n<meta name=\"robots\" content=\"index, follow, max-snippet:-1, max-image-preview:large, max-video-preview:-1\" \/>\n<link rel=\"canonical\" href=\"https:\/\/choco-spin.com\/it\/applicazione\/\" \/>\n<meta property=\"og:locale\" content=\"it_IT\" \/>\n<meta property=\"og:type\" content=\"article\" \/>\n<meta property=\"og:title\" content=\"Scarica l&#039;app Chocospin | iOS e Android\" \/>\n<meta property=\"og:description\" content=\"L&#039;app Chocospin garantisce un&#039;esperienza di gioco impeccabile su piattaforme Android, iOS, Windows e macOS, completa di sincronizzazione dell&#039;account, aggiornamenti regolari e assistenza clienti integrata per una maggiore facilit\u00e0 d&#039;uso.\" \/>\n<meta property=\"og:url\" content=\"https:\/\/choco-spin.com\/it\/applicazione\/\" \/>\n<meta property=\"og:site_name\" content=\"chocospin\" \/>\n<meta property=\"article:modified_time\" content=\"2026-02-19T09:04:00+00:00\" \/>\n<meta name=\"twitter:card\" content=\"summary_large_image\" \/>\n<meta name=\"twitter:label1\" content=\"Est. reading time\" \/>\n\t<meta name=\"twitter:data1\" content=\"2 minutes\" \/>\n<script type=\"application\/ld+json\" class=\"yoast-schema-graph\">{\"@context\":\"https:\\\/\\\/schema.org\",\"@graph\":[{\"@type\":\"WebPage\",\"@id\":\"https:\\\/\\\/choco-spin.com\\\/it\\\/applicazione\\\/\",\"url\":\"https:\\\/\\\/choco-spin.com\\\/it\\\/applicazione\\\/\",\"name\":\"Scarica l'app Chocospin | iOS e Android\",\"isPartOf\":{\"@id\":\"https:\\\/\\\/choco-spin.com\\\/it\\\/#website\"},\"datePublished\":\"2026-02-18T13:53:57+00:00\",\"dateModified\":\"2026-02-19T09:04:00+00:00\",\"description\":\"L'app Chocospin garantisce un'esperienza di gioco impeccabile su piattaforme Android, iOS, Windows e macOS, completa di sincronizzazione dell'account, aggiornamenti regolari e assistenza clienti integrata per una maggiore facilit\u00e0 d'uso.\",\"breadcrumb\":{\"@id\":\"https:\\\/\\\/choco-spin.com\\\/it\\\/applicazione\\\/#breadcrumb\"},\"inLanguage\":\"it-IT\",\"potentialAction\":[{\"@type\":\"ReadAction\",\"target\":[\"https:\\\/\\\/choco-spin.com\\\/it\\\/applicazione\\\/\"]}]},{\"@type\":\"BreadcrumbList\",\"@id\":\"https:\\\/\\\/choco-spin.com\\\/it\\\/applicazione\\\/#breadcrumb\",\"itemListElement\":[{\"@type\":\"ListItem\",\"position\":1,\"name\":\"Chocospin\",\"item\":\"https:\\\/\\\/choco-spin.com\\\/it\\\/\"},{\"@type\":\"ListItem\",\"position\":2,\"name\":\"Applicazione\"}]},{\"@type\":\"WebSite\",\"@id\":\"https:\\\/\\\/choco-spin.com\\\/it\\\/#website\",\"url\":\"https:\\\/\\\/choco-spin.com\\\/it\\\/\",\"name\":\"Chocospin\",\"description\":\"\",\"publisher\":{\"@id\":\"https:\\\/\\\/choco-spin.com\\\/it\\\/#organization\"},\"potentialAction\":[{\"@type\":\"SearchAction\",\"target\":{\"@type\":\"EntryPoint\",\"urlTemplate\":\"https:\\\/\\\/choco-spin.com\\\/it\\\/?s={search_term_string}\"},\"query-input\":{\"@type\":\"PropertyValueSpecification\",\"valueRequired\":true,\"valueName\":\"search_term_string\"}}],\"inLanguage\":\"it-IT\"},{\"@type\":\"Organization\",\"@id\":\"https:\\\/\\\/choco-spin.com\\\/it\\\/#organization\",\"name\":\"Chocospin\",\"url\":\"https:\\\/\\\/choco-spin.com\\\/it\\\/\",\"logo\":{\"@type\":\"ImageObject\",\"inLanguage\":\"it-IT\",\"@id\":\"https:\\\/\\\/choco-spin.com\\\/it\\\/#\\\/schema\\\/logo\\\/image\\\/\",\"url\":\"https:\\\/\\\/choco-spin.com\\\/wp-content\\\/uploads\\\/2026\\\/02\\\/Chocospin-logo-Desktop.png\",\"contentUrl\":\"https:\\\/\\\/choco-spin.com\\\/wp-content\\\/uploads\\\/2026\\\/02\\\/Chocospin-logo-Desktop.png\",\"width\":123,\"height\":20,\"caption\":\"Chocospin\"},\"image\":{\"@id\":\"https:\\\/\\\/choco-spin.com\\\/it\\\/#\\\/schema\\\/logo\\\/image\\\/\"}}]}<\/script>\n<!-- \/ Yoast SEO plugin. -->","yoast_head_json":{"title":"Scarica l'app Chocospin | iOS e Android","description":"L'app Chocospin garantisce un'esperienza di gioco impeccabile su piattaforme Android, iOS, Windows e macOS, completa di sincronizzazione dell'account, aggiornamenti regolari e assistenza clienti integrata per una maggiore facilit\u00e0 d'uso.","robots":{"index":"index","follow":"follow","max-snippet":"max-snippet:-1","max-image-preview":"max-image-preview:large","max-video-preview":"max-video-preview:-1"},"canonical":"https:\/\/choco-spin.com\/it\/applicazione\/","og_locale":"it_IT","og_type":"article","og_title":"Scarica l'app Chocospin | iOS e Android","og_description":"L'app Chocospin garantisce un'esperienza di gioco impeccabile su piattaforme Android, iOS, Windows e macOS, completa di sincronizzazione dell'account, aggiornamenti regolari e assistenza clienti integrata per una maggiore facilit\u00e0 d'uso.","og_url":"https:\/\/choco-spin.com\/it\/applicazione\/","og_site_name":"chocospin","article_modified_time":"2026-02-19T09:04:00+00:00","twitter_card":"summary_large_image","twitter_misc":{"Est. reading time":"2 minutes"},"schema":{"@context":"https:\/\/schema.org","@graph":[{"@type":"WebPage","@id":"https:\/\/choco-spin.com\/it\/applicazione\/","url":"https:\/\/choco-spin.com\/it\/applicazione\/","name":"Scarica l'app Chocospin | iOS e Android","isPartOf":{"@id":"https:\/\/choco-spin.com\/it\/#website"},"datePublished":"2026-02-18T13:53:57+00:00","dateModified":"2026-02-19T09:04:00+00:00","description":"L'app Chocospin garantisce un'esperienza di gioco impeccabile su piattaforme Android, iOS, Windows e macOS, completa di sincronizzazione dell'account, aggiornamenti regolari e assistenza clienti integrata per una maggiore facilit\u00e0 d'uso.","breadcrumb":{"@id":"https:\/\/choco-spin.com\/it\/applicazione\/#breadcrumb"},"inLanguage":"it-IT","potentialAction":[{"@type":"ReadAction","target":["https:\/\/choco-spin.com\/it\/applicazione\/"]}]},{"@type":"BreadcrumbList","@id":"https:\/\/choco-spin.com\/it\/applicazione\/#breadcrumb","itemListElement":[{"@type":"ListItem","position":1,"name":"Chocospin","item":"https:\/\/choco-spin.com\/it\/"},{"@type":"ListItem","position":2,"name":"Applicazione"}]},{"@type":"WebSite","@id":"https:\/\/choco-spin.com\/it\/#website","url":"https:\/\/choco-spin.com\/it\/","name":"Chocospin","description":"","publisher":{"@id":"https:\/\/choco-spin.com\/it\/#organization"},"potentialAction":[{"@type":"SearchAction","target":{"@type":"EntryPoint","urlTemplate":"https:\/\/choco-spin.com\/it\/?s={search_term_string}"},"query-input":{"@type":"PropertyValueSpecification","valueRequired":true,"valueName":"search_term_string"}}],"inLanguage":"it-IT"},{"@type":"Organization","@id":"https:\/\/choco-spin.com\/it\/#organization","name":"Chocospin","url":"https:\/\/choco-spin.com\/it\/","logo":{"@type":"ImageObject","inLanguage":"it-IT","@id":"https:\/\/choco-spin.com\/it\/#\/schema\/logo\/image\/","url":"https:\/\/choco-spin.com\/wp-content\/uploads\/2026\/02\/Chocospin-logo-Desktop.png","contentUrl":"https:\/\/choco-spin.com\/wp-content\/uploads\/2026\/02\/Chocospin-logo-Desktop.png","width":123,"height":20,"caption":"Chocospin"},"image":{"@id":"https:\/\/choco-spin.com\/it\/#\/schema\/logo\/image\/"}}]}},"_links":{"self":[{"href":"https:\/\/choco-spin.com\/it\/wp-json\/wp\/v2\/pages\/1437","targetHints":{"allow":["GET"]}}],"collection":[{"href":"https:\/\/choco-spin.com\/it\/wp-json\/wp\/v2\/pages"}],"about":[{"href":"https:\/\/choco-spin.com\/it\/wp-json\/wp\/v2\/types\/page"}],"author":[{"embeddable":true,"href":"https:\/\/choco-spin.com\/it\/wp-json\/wp\/v2\/users\/1"}],"replies":[{"embeddable":true,"href":"https:\/\/choco-spin.com\/it\/wp-json\/wp\/v2\/comments?post=1437"}],"version-history":[{"count":3,"href":"https:\/\/choco-spin.com\/it\/wp-json\/wp\/v2\/pages\/1437\/revisions"}],"predecessor-version":[{"id":2041,"href":"https:\/\/choco-spin.com\/it\/wp-json\/wp\/v2\/pages\/1437\/revisions\/2041"}],"wp:attachment":[{"href":"https:\/\/choco-spin.com\/it\/wp-json\/wp\/v2\/media?parent=1437"}],"curies":[{"name":"wp","href":"https:\/\/api.w.org\/{rel}","templated":true}]}}