{"id":1431,"date":"2026-02-18T13:53:57","date_gmt":"2026-02-18T13:53:57","guid":{"rendered":"https:\/\/choco-spin.com\/app\/"},"modified":"2026-02-19T09:07:17","modified_gmt":"2026-02-19T09:07:17","slug":"app","status":"publish","type":"page","link":"https:\/\/choco-spin.com\/fr\/app\/","title":{"rendered":"App"},"content":{"rendered":"<h1>Choco Spin sur les appareils mobiles<\/h1>\n<p>Chocospin app est une plateforme num\u00e9rique moderne qui offre une exp\u00e9rience in\u00e9gal\u00e9e pour jouer \u00e0 des jeux de casino en ligne sur un t\u00e9l\u00e9phone mobile. L&rsquo;application a \u00e9t\u00e9 d\u00e9velopp\u00e9e en gardant \u00e0 l&rsquo;esprit la facilit\u00e9 d&rsquo;utilisation et les performances afin que les joueurs puissent jouer \u00e0 leurs jeux pr\u00e9f\u00e9r\u00e9s o\u00f9 qu&rsquo;ils se trouvent.<\/p>\n<p>Notre plateforme est disponible sur les smartphones, les tablettes, les ordinateurs et tout autre appareil portable. Nos utilisateurs appr\u00e9cient les fonctionnalit\u00e9s innovantes qui offrent une exp\u00e9rience de jeu professionnelle. L&rsquo;application Choco Spin allie vitesse, s\u00e9curit\u00e9 et commodit\u00e9. Nous invitons les joueurs occasionnels et les passionn\u00e9s de jeux \u00e0 l&rsquo;essayer.<\/p>\n<div class=\"banner-wrap\" aria-label=\"Banner\"><img src=\"https:\/\/choco-spin.com\/wp-content\/uploads\/2026\/02\/Chocospin-banner-desktop.webp\" class=\"w-100 d-none d-lg-block img-pc main-banner-img\" alt=\"Chocospin banner desktop\" fetchpriority=\"high\" decoding=\"async\"><img src=\"https:\/\/choco-spin.com\/wp-content\/uploads\/2026\/02\/Chocospin-Banner-mobile.webp\" class=\"w-100 d-none d-md-block d-lg-none main-banner-img\" alt=\"Chocospin Banner mobile\" fetchpriority=\"high\" decoding=\"async\"><img src=\"https:\/\/choco-spin.com\/wp-content\/uploads\/2026\/02\/Chocospin-Banner-mobile.webp\" class=\"w-100 d-md-none\" alt=\"Chocospin Banner mobile\" fetchpriority=\"high\" decoding=\"async\"><div class=\"banner-description\">\n<div class=\"banner-title\">Bonus de bienvenue<\/div>\n<p class=\"banner-header-title\">\u20ac1500<\/p>\n<div class=\"banner-header-AdditionalText\">+ 150 Tours gratuits<\/div>\n<button data-item=\"homepage_banner_link\" class=\"goto m-button m-gradient-border m-button--primary m-button--large banner-button btn-orange\">\n            <div class=\"m-button-content\">\n                <span>Inscrivez-vous d\u00e8s maintenant<\/span>\n                <span><\/span>\n            <\/div>\n        <\/button>\n<\/div>\n<div class=\"WelcomePack\">\n<p><img loading=\"lazy\" decoding=\"async\" class=\"alignnone size-full wp-image-1389\" src=\"https:\/\/choco-spin.com\/wp-content\/uploads\/2026\/02\/welcome-crown.png\" alt=\"welcome crown\" width=\"25\" height=\"26\" \/><\/p>\n<div class=\"WelcomePack-Info\">Cashback hebdomadaire jusqu&rsquo;\u00e0 25 %<\/div>\n<p><img loading=\"lazy\" decoding=\"async\" class=\"alignnone size-full wp-image-1389\" src=\"https:\/\/choco-spin.com\/wp-content\/uploads\/2026\/02\/welcome-crown.png\" alt=\"welcome crown\" width=\"25\" height=\"26\" \/><\/p>\n<\/div>\n<\/div>\n<h2>Acc\u00e8s mobile \u00e0 Chocospin<\/h2>\n<p>Chocospin Casino propose diff\u00e9rentes options d&rsquo;acc\u00e8s mobile afin de r\u00e9pondre aux besoins de divers utilisateurs en termes d&rsquo;appareils et de capacit\u00e9s. Ces alternatives sont id\u00e9ales pour garantir les meilleures performances, la s\u00e9curit\u00e9 et l&rsquo;exp\u00e9rience aux utilisateurs de la plateforme Choco Spin.<\/p>\n<p>Pourquoi choisir le mobile plut\u00f4t que l&rsquo;ordinateur de bureau ?<\/p>\n<ul>\n<li>Permettre aux joueurs de jouer facilement aux machines \u00e0 sous en ligne, aux jeux avec croupier en direct, aux collections de livres et aux autres offres de Chocospin.<\/li>\n<li>Fournir une solution mobile rapide, \u00e9prouv\u00e9e et facile \u00e0 utiliser.<\/li>\n<li>Assurer un gameplay fluide sur un t\u00e9l\u00e9phone mobile ou depuis le confort de votre domicile.<\/li>\n<\/ul>\n<p>L&rsquo;application Chocospin pr\u00e9sente de nombreux avantages par rapport au jeu sur PC. La plateforme mobile est optimis\u00e9e pour fonctionner correctement et \u00eatre r\u00e9active, se charger rapidement et offrir une navigation simplifi\u00e9e. Elle offre un acc\u00e8s imm\u00e9diat \u00e0 l&rsquo;ensemble des fonctionnalit\u00e9s du casino sans n\u00e9cessiter de configuration ou de mises \u00e0 jour importantes.<\/p>\n<p><div class=\"scrollable-content-wrap my-5\"><div class=\"scrollable-content-inner\"><h2>Application iOS Chocospin<\/h2>\n<p>L&rsquo;application Chocospin pour iOS r\u00e9pond aux besoins des utilisateurs d&rsquo;appareils Apple. Nous avons pris beaucoup de temps pour mettre en place une PWA de qualit\u00e9 afin d&rsquo;offrir un environnement de jeu fluide et facile \u00e0 utiliser. La version iOS est optimis\u00e9e pour \u00eatre s\u00e9curis\u00e9e et offre de bonnes performances avec des vitesses de chargement \u00e9lev\u00e9es et un fonctionnement fiable. L&rsquo;application dispose de graphismes de haute qualit\u00e9 et vous pouvez contr\u00f4ler votre tableau de bord sur iPhone et iPad. Vous appr\u00e9cierez sans aucun doute l&rsquo;atmosph\u00e8re professionnelle pour jouer aux machines \u00e0 sous en ligne Choco Spin et aux jeux avec croupier en direct. Des mises \u00e0 jour r\u00e9guli\u00e8res am\u00e9liorent les performances et ajoutent de nouvelles fonctionnalit\u00e9s, permettant \u00e0 l&rsquo;application de rester \u00e0 la pointe des jeux mobiles.<\/p>\n<p><img loading=\"lazy\" decoding=\"async\" class=\"alignnone size-full wp-image-1432\" src=\"https:\/\/choco-spin.com\/wp-content\/uploads\/Chocospin-iOS-App.webp\" alt=\"Chocospin iOS App\" width=\"1248\" height=\"536\" srcset=\"https:\/\/choco-spin.com\/wp-content\/uploads\/Chocospin-iOS-App.webp 1248w, https:\/\/choco-spin.com\/wp-content\/uploads\/Chocospin-iOS-App-300x129.webp 300w, https:\/\/choco-spin.com\/wp-content\/uploads\/Chocospin-iOS-App-1024x440.webp 1024w, https:\/\/choco-spin.com\/wp-content\/uploads\/Chocospin-iOS-App-768x330.webp 768w\" sizes=\"auto, (max-width: 1248px) 100vw, 1248px\" \/><\/p>\n<\/div><\/div><div style=\"clear: both\"><\/div><div class=\"d-flex justify-content-center\"><button data-item=\"decouvrez_link\" data-group=\"website_links\" class=\"goto fw-bold rounded-pill btn btn-orange\" aria-label=\"T\u00e9l\u00e9chargez l&#039;application Chocospin\" >T\u00e9l\u00e9chargez l&#039;application Chocospin<\/button><\/div><div class=\"scrollable-content-wrap my-5\"><div class=\"scrollable-content-inner\"><h2>Application Android Chocospin<\/h2>\n<p>La version Android de l&rsquo;application Chocospin est une application web progressive (PWA), avec une plateforme de jeu simplifi\u00e9e et universelle. Elle fonctionne avec une grande vari\u00e9t\u00e9 de smartphones et de tablettes Android. Elle vous surprendra par ses performances stables et ses graphismes de qualit\u00e9.<\/p>\n<p>L&rsquo;application Android est simple \u00e0 installer et se met \u00e0 jour automatiquement en arri\u00e8re-plan, il n&rsquo;est donc pas n\u00e9cessaire de l&rsquo;installer ou de la mettre \u00e0 jour manuellement. Elle est rapide gr\u00e2ce \u00e0 son interface intuitive, qui permet aux joueurs d&rsquo;acc\u00e9der facilement aux cat\u00e9gories de jeux, aux promotions et \u00e0 la gestion de leur compte, afin qu&rsquo;ils puissent profiter sans contrainte des derni\u00e8res offres du casino Chocospin.<\/p>\n<h3>PWA<\/h3>\n<p>Les joueurs de Choco Spin Casino pr\u00e9f\u00e8rent notre application web progressive l\u00e9g\u00e8re. Elle offre un acc\u00e8s imm\u00e9diat sans t\u00e9l\u00e9chargement requis. Il s&rsquo;agit d&rsquo;une combinaison entre un site web et une application personnalis\u00e9e, ce qui signifie qu&rsquo;elle se charge rapidement et est r\u00e9active. La PWA peut \u00eatre utilis\u00e9e dans tous les navigateurs modernes, qui offrent une plateforme s\u00e9curis\u00e9e pour le jeu. Elle int\u00e8gre toutes les fonctionnalit\u00e9s de Chocospin Casino, telles que le service de chat en direct, les options de jeu responsable et l&rsquo;acc\u00e8s au processus de v\u00e9rification. Cette alternative est parfaite pour les joueurs qui souhaitent acc\u00e9der \u00e0 la plateforme Choco Spin Casino. Notre application Chocospin est rapide et pratique et ne n\u00e9cessite pas n\u00e9cessairement de stockage suppl\u00e9mentaire.<\/p>\n<p>La PWA est une am\u00e9lioration par rapport aux fichiers APK Chocospin, car elle dispose de mises \u00e0 jour automatiques et est plus stable. Le passage \u00e0 la PWA facilite l&rsquo;acc\u00e8s, minimise les \u00e9ventuels probl\u00e8mes de s\u00e9curit\u00e9 et la rend compatible avec les normes r\u00e9centes des navigateurs Android.<\/p>\n<table>\n<tbody>\n<tr>\n<td>Logiciel<\/td>\n<td>M\u00e9thode d&rsquo;acc\u00e8s<\/td>\n<td>Exigences en mati\u00e8re de stockage<\/td>\n<td>Proc\u00e9dure de mise \u00e0 jour<\/td>\n<td>Avantage principal<\/td>\n<\/tr>\n<tr>\n<td>PWA (iOS\/Android)<\/td>\n<td>Navigateur (Safari, Chrome, etc.)<\/td>\n<td>Tr\u00e8s faible\/minimale (chargement dynamique)<\/td>\n<td>Mises \u00e0 jour automatiques<\/td>\n<td>Acc\u00e8s rapide, aucune d\u00e9pendance vis-\u00e0-vis d&rsquo;un magasin d&rsquo;applications, int\u00e9gration fluide<\/td>\n<\/tr>\n<tr>\n<td>APK<\/td>\n<td>T\u00e9l\u00e9chargement depuis le site web<\/td>\n<td>N\u00e9cessite un espace de stockage pour l&rsquo;APK<\/td>\n<td>T\u00e9l\u00e9chargement manuel des mises \u00e0 jour<\/td>\n<td>Installation en dehors des boutiques d&rsquo;applications<\/td>\n<\/tr>\n<tr>\n<td>Windows\/Mac<\/td>\n<td>Applications de bureau<\/td>\n<td>Le stockage local varie<\/td>\n<td>Non n\u00e9cessaire<\/td>\n<td>Optimis\u00e9 pour les \u00e9crans plus grands avec des fonctionnalit\u00e9s am\u00e9lior\u00e9es<\/td>\n<\/tr>\n<\/tbody>\n<\/table>\n<p><img loading=\"lazy\" decoding=\"async\" class=\"alignnone size-full wp-image-1642\" src=\"https:\/\/choco-spin.com\/wp-content\/uploads\/Chocospin-Android-App.webp\" alt=\"Chocospin Android App\" width=\"1248\" height=\"536\" srcset=\"https:\/\/choco-spin.com\/wp-content\/uploads\/Chocospin-Android-App.webp 1248w, https:\/\/choco-spin.com\/wp-content\/uploads\/Chocospin-Android-App-300x129.webp 300w, https:\/\/choco-spin.com\/wp-content\/uploads\/Chocospin-Android-App-1024x440.webp 1024w, https:\/\/choco-spin.com\/wp-content\/uploads\/Chocospin-Android-App-768x330.webp 768w\" sizes=\"auto, (max-width: 1248px) 100vw, 1248px\" \/><\/p>\n<\/div><\/div><div style=\"clear: both\"><\/div><div class=\"d-flex justify-content-center\"><button data-item=\"decouvrez_link\" data-group=\"website_links\" class=\"goto fw-bold rounded-pill btn btn-orange\" aria-label=\"T\u00e9l\u00e9charger Chocospin\" >T\u00e9l\u00e9charger Chocospin<\/button><\/div><div class=\"scrollable-content-wrap my-5\"><div class=\"scrollable-content-inner\"><h2>Applications Windows et Mac<\/h2>\n<p>Chocospin Casino propose des applications pour Windows et macOS, adapt\u00e9es aux joueurs qui pr\u00e9f\u00e8rent les jeux sur ordinateur de bureau. Elles offrent une vue panoramique compl\u00e8te de l&rsquo;environnement du casino et comprennent des graphismes haute r\u00e9solution et des fonctionnalit\u00e9s avanc\u00e9es, comme dans ces versions pour ordinateur de bureau. Elles sont disponibles sur des \u00e9crans plus grands et offrent une exp\u00e9rience de jeu parfaite, en particulier dans les jeux avec croupier en direct : vous avez l&rsquo;impression qu&rsquo;un croupier se tient juste \u00e0 c\u00f4t\u00e9 de vous et vous profitez de votre exp\u00e9rience \u00e0 Las Vegas et de paris plus complexes. Parmi les autres sp\u00e9cifications, citons l&rsquo;assistance par chat en direct, la v\u00e9rification instantan\u00e9e des comptes et la navigation facile, qui en font une plateforme de jeu compl\u00e8te capable de rivaliser avec les plateformes en ligne traditionnelles.<\/p>\n<p><img loading=\"lazy\" decoding=\"async\" class=\"alignnone size-full wp-image-1643\" src=\"https:\/\/choco-spin.com\/wp-content\/uploads\/Chocospin-Desktop.webp\" alt=\"Chocospin Desktop\" width=\"1248\" height=\"536\" srcset=\"https:\/\/choco-spin.com\/wp-content\/uploads\/Chocospin-Desktop.webp 1248w, https:\/\/choco-spin.com\/wp-content\/uploads\/Chocospin-Desktop-300x129.webp 300w, https:\/\/choco-spin.com\/wp-content\/uploads\/Chocospin-Desktop-1024x440.webp 1024w, https:\/\/choco-spin.com\/wp-content\/uploads\/Chocospin-Desktop-768x330.webp 768w\" sizes=\"auto, (max-width: 1248px) 100vw, 1248px\" \/><\/p>\n<\/div><\/div><div style=\"clear: both\"><\/div><div class=\"d-flex justify-content-center\"><button data-item=\"decouvrez_link\" data-group=\"website_links\" class=\"goto fw-bold rounded-pill btn btn-orange\" aria-label=\"T\u00e9l\u00e9chargez l&#039;application Chocospin\" >T\u00e9l\u00e9chargez l&#039;application Chocospin<\/button><\/div><div class=\"scrollable-content-wrap my-5\"><div class=\"scrollable-content-inner\"><h2>FAQ<\/h2>\n<h3>Faut-il cr\u00e9er un compte pour utiliser l&rsquo;application Choco Spin ?<\/h3>\n<p>Oui, c&rsquo;est important pour notre casino mobile. Les joueurs en ligne doivent s&rsquo;inscrire et v\u00e9rifier leur identit\u00e9 pour acc\u00e9der \u00e0 toutes les fonctionnalit\u00e9s de Chocospin Casino. Apr\u00e8s votre inscription, vous pouvez profiter de tout : vos machines \u00e0 sous en ligne, vos jeux avec croupier en direct et vos bonus. Un compte gratuit vous permet d&rsquo;effectuer des achats en toute s\u00e9curit\u00e9, de participer \u00e0 des promotions et d&rsquo;acc\u00e9der \u00e0 l&rsquo;\u00e9quipe d&rsquo;assistance chaque fois que cela est n\u00e9cessaire.<\/p>\n<h3>L&rsquo;application Choco Spin Casino offre-t-elle un service d&rsquo;assistance \u00e0 la client\u00e8le ?<\/h3>\n<p>L&rsquo;application Chocospin dispose d&rsquo;une \u00e9quipe d&rsquo;assistance d\u00e9di\u00e9e accessible par chat en direct et par e-mail, entre autres moyens de communication. Cela permet de r\u00e9pondre rapidement aux probl\u00e8mes techniques, \u00e0 la v\u00e9rification des comptes et aux demandes g\u00e9n\u00e9rales, ce qui garantit un processus de jeu ininterrompu.<\/p>\n<h3>Comment mettre \u00e0 jour l&rsquo;application Chocospin Casino ?<\/h3>\n<p>L&rsquo;application n&rsquo;est plus mise \u00e0 jour manuellement, de nouveaux jeux et mises \u00e0 jour sont donc disponibles en continu. Vous n&rsquo;avez rien \u00e0 faire manuellement, car l&rsquo;application Chocospin se met \u00e0 jour automatiquement, vous n&rsquo;avez donc pas \u00e0 vous en soucier.<\/p>\n<\/div><\/div><\/p>\n","protected":false},"excerpt":{"rendered":"<p>Choco Spin sur les appareils mobiles Chocospin app est une plateforme num\u00e9rique moderne qui offre une exp\u00e9rience in\u00e9gal\u00e9e pour jouer \u00e0 des jeux de casino en ligne sur un t\u00e9l\u00e9phone mobile. L&rsquo;application a \u00e9t\u00e9 d\u00e9velopp\u00e9e en gardant \u00e0 l&rsquo;esprit la facilit\u00e9 d&rsquo;utilisation et les performances afin que les joueurs puissent jouer \u00e0 leurs jeux pr\u00e9f\u00e9r\u00e9s [&hellip;]<\/p>\n","protected":false},"author":1,"featured_media":0,"parent":0,"menu_order":0,"comment_status":"closed","ping_status":"closed","template":"template-builder.php","meta":{"_acf_changed":false,"inline_featured_image":false,"footnotes":""},"class_list":["post-1431","page","type-page","status-publish","hentry"],"acf":[],"yoast_head":"<!-- This site is optimized with the Yoast SEO plugin v27.3 - https:\/\/yoast.com\/product\/yoast-seo-wordpress\/ -->\n<title>Chocospin App T\u00e9l\u00e9chargement | iOS et Android<\/title>\n<meta name=\"description\" content=\"L&#039;application Chocospin garantit une exp\u00e9rience de jeu fluide sur les plateformes Android, iOS, Windows et macOS, avec synchronisation des comptes, mises \u00e0 jour r\u00e9guli\u00e8res et assistance client int\u00e9gr\u00e9e pour une utilisation simplifi\u00e9e.\" \/>\n<meta name=\"robots\" content=\"index, follow, max-snippet:-1, max-image-preview:large, max-video-preview:-1\" \/>\n<link rel=\"canonical\" href=\"https:\/\/choco-spin.com\/fr\/app\/\" \/>\n<meta property=\"og:locale\" content=\"fr_FR\" \/>\n<meta property=\"og:type\" content=\"article\" \/>\n<meta property=\"og:title\" content=\"Chocospin App T\u00e9l\u00e9chargement | iOS et Android\" \/>\n<meta property=\"og:description\" content=\"L&#039;application Chocospin garantit une exp\u00e9rience de jeu fluide sur les plateformes Android, iOS, Windows et macOS, avec synchronisation des comptes, mises \u00e0 jour r\u00e9guli\u00e8res et assistance client int\u00e9gr\u00e9e pour une utilisation simplifi\u00e9e.\" \/>\n<meta property=\"og:url\" content=\"https:\/\/choco-spin.com\/fr\/app\/\" \/>\n<meta property=\"og:site_name\" content=\"chocospin\" \/>\n<meta property=\"article:modified_time\" content=\"2026-02-19T09:07:17+00:00\" \/>\n<meta name=\"twitter:card\" content=\"summary_large_image\" \/>\n<meta name=\"twitter:label1\" content=\"Dur\u00e9e de lecture estim\u00e9e\" \/>\n\t<meta name=\"twitter:data1\" content=\"2 minutes\" \/>\n<script type=\"application\/ld+json\" class=\"yoast-schema-graph\">{\"@context\":\"https:\\\/\\\/schema.org\",\"@graph\":[{\"@type\":\"WebPage\",\"@id\":\"https:\\\/\\\/choco-spin.com\\\/fr\\\/app\\\/\",\"url\":\"https:\\\/\\\/choco-spin.com\\\/fr\\\/app\\\/\",\"name\":\"Chocospin App T\u00e9l\u00e9chargement | iOS et Android\",\"isPartOf\":{\"@id\":\"https:\\\/\\\/choco-spin.com\\\/fr\\\/#website\"},\"datePublished\":\"2026-02-18T13:53:57+00:00\",\"dateModified\":\"2026-02-19T09:07:17+00:00\",\"description\":\"L'application Chocospin garantit une exp\u00e9rience de jeu fluide sur les plateformes Android, iOS, Windows et macOS, avec synchronisation des comptes, mises \u00e0 jour r\u00e9guli\u00e8res et assistance client int\u00e9gr\u00e9e pour une utilisation simplifi\u00e9e.\",\"breadcrumb\":{\"@id\":\"https:\\\/\\\/choco-spin.com\\\/fr\\\/app\\\/#breadcrumb\"},\"inLanguage\":\"fr-FR\",\"potentialAction\":[{\"@type\":\"ReadAction\",\"target\":[\"https:\\\/\\\/choco-spin.com\\\/fr\\\/app\\\/\"]}]},{\"@type\":\"BreadcrumbList\",\"@id\":\"https:\\\/\\\/choco-spin.com\\\/fr\\\/app\\\/#breadcrumb\",\"itemListElement\":[{\"@type\":\"ListItem\",\"position\":1,\"name\":\"Chocospin\",\"item\":\"https:\\\/\\\/choco-spin.com\\\/fr\\\/\"},{\"@type\":\"ListItem\",\"position\":2,\"name\":\"App\"}]},{\"@type\":\"WebSite\",\"@id\":\"https:\\\/\\\/choco-spin.com\\\/fr\\\/#website\",\"url\":\"https:\\\/\\\/choco-spin.com\\\/fr\\\/\",\"name\":\"Chocospin\",\"description\":\"\",\"publisher\":{\"@id\":\"https:\\\/\\\/choco-spin.com\\\/fr\\\/#organization\"},\"potentialAction\":[{\"@type\":\"SearchAction\",\"target\":{\"@type\":\"EntryPoint\",\"urlTemplate\":\"https:\\\/\\\/choco-spin.com\\\/fr\\\/?s={search_term_string}\"},\"query-input\":{\"@type\":\"PropertyValueSpecification\",\"valueRequired\":true,\"valueName\":\"search_term_string\"}}],\"inLanguage\":\"fr-FR\"},{\"@type\":\"Organization\",\"@id\":\"https:\\\/\\\/choco-spin.com\\\/fr\\\/#organization\",\"name\":\"Chocospin\",\"url\":\"https:\\\/\\\/choco-spin.com\\\/fr\\\/\",\"logo\":{\"@type\":\"ImageObject\",\"inLanguage\":\"fr-FR\",\"@id\":\"https:\\\/\\\/choco-spin.com\\\/fr\\\/#\\\/schema\\\/logo\\\/image\\\/\",\"url\":\"https:\\\/\\\/choco-spin.com\\\/wp-content\\\/uploads\\\/2026\\\/02\\\/Chocospin-logo-Desktop.png\",\"contentUrl\":\"https:\\\/\\\/choco-spin.com\\\/wp-content\\\/uploads\\\/2026\\\/02\\\/Chocospin-logo-Desktop.png\",\"width\":123,\"height\":20,\"caption\":\"Chocospin\"},\"image\":{\"@id\":\"https:\\\/\\\/choco-spin.com\\\/fr\\\/#\\\/schema\\\/logo\\\/image\\\/\"}}]}<\/script>\n<!-- \/ Yoast SEO plugin. -->","yoast_head_json":{"title":"Chocospin App T\u00e9l\u00e9chargement | iOS et Android","description":"L'application Chocospin garantit une exp\u00e9rience de jeu fluide sur les plateformes Android, iOS, Windows et macOS, avec synchronisation des comptes, mises \u00e0 jour r\u00e9guli\u00e8res et assistance client int\u00e9gr\u00e9e pour une utilisation simplifi\u00e9e.","robots":{"index":"index","follow":"follow","max-snippet":"max-snippet:-1","max-image-preview":"max-image-preview:large","max-video-preview":"max-video-preview:-1"},"canonical":"https:\/\/choco-spin.com\/fr\/app\/","og_locale":"fr_FR","og_type":"article","og_title":"Chocospin App T\u00e9l\u00e9chargement | iOS et Android","og_description":"L'application Chocospin garantit une exp\u00e9rience de jeu fluide sur les plateformes Android, iOS, Windows et macOS, avec synchronisation des comptes, mises \u00e0 jour r\u00e9guli\u00e8res et assistance client int\u00e9gr\u00e9e pour une utilisation simplifi\u00e9e.","og_url":"https:\/\/choco-spin.com\/fr\/app\/","og_site_name":"chocospin","article_modified_time":"2026-02-19T09:07:17+00:00","twitter_card":"summary_large_image","twitter_misc":{"Dur\u00e9e de lecture estim\u00e9e":"2 minutes"},"schema":{"@context":"https:\/\/schema.org","@graph":[{"@type":"WebPage","@id":"https:\/\/choco-spin.com\/fr\/app\/","url":"https:\/\/choco-spin.com\/fr\/app\/","name":"Chocospin App T\u00e9l\u00e9chargement | iOS et Android","isPartOf":{"@id":"https:\/\/choco-spin.com\/fr\/#website"},"datePublished":"2026-02-18T13:53:57+00:00","dateModified":"2026-02-19T09:07:17+00:00","description":"L'application Chocospin garantit une exp\u00e9rience de jeu fluide sur les plateformes Android, iOS, Windows et macOS, avec synchronisation des comptes, mises \u00e0 jour r\u00e9guli\u00e8res et assistance client int\u00e9gr\u00e9e pour une utilisation simplifi\u00e9e.","breadcrumb":{"@id":"https:\/\/choco-spin.com\/fr\/app\/#breadcrumb"},"inLanguage":"fr-FR","potentialAction":[{"@type":"ReadAction","target":["https:\/\/choco-spin.com\/fr\/app\/"]}]},{"@type":"BreadcrumbList","@id":"https:\/\/choco-spin.com\/fr\/app\/#breadcrumb","itemListElement":[{"@type":"ListItem","position":1,"name":"Chocospin","item":"https:\/\/choco-spin.com\/fr\/"},{"@type":"ListItem","position":2,"name":"App"}]},{"@type":"WebSite","@id":"https:\/\/choco-spin.com\/fr\/#website","url":"https:\/\/choco-spin.com\/fr\/","name":"Chocospin","description":"","publisher":{"@id":"https:\/\/choco-spin.com\/fr\/#organization"},"potentialAction":[{"@type":"SearchAction","target":{"@type":"EntryPoint","urlTemplate":"https:\/\/choco-spin.com\/fr\/?s={search_term_string}"},"query-input":{"@type":"PropertyValueSpecification","valueRequired":true,"valueName":"search_term_string"}}],"inLanguage":"fr-FR"},{"@type":"Organization","@id":"https:\/\/choco-spin.com\/fr\/#organization","name":"Chocospin","url":"https:\/\/choco-spin.com\/fr\/","logo":{"@type":"ImageObject","inLanguage":"fr-FR","@id":"https:\/\/choco-spin.com\/fr\/#\/schema\/logo\/image\/","url":"https:\/\/choco-spin.com\/wp-content\/uploads\/2026\/02\/Chocospin-logo-Desktop.png","contentUrl":"https:\/\/choco-spin.com\/wp-content\/uploads\/2026\/02\/Chocospin-logo-Desktop.png","width":123,"height":20,"caption":"Chocospin"},"image":{"@id":"https:\/\/choco-spin.com\/fr\/#\/schema\/logo\/image\/"}}]}},"_links":{"self":[{"href":"https:\/\/choco-spin.com\/fr\/wp-json\/wp\/v2\/pages\/1431","targetHints":{"allow":["GET"]}}],"collection":[{"href":"https:\/\/choco-spin.com\/fr\/wp-json\/wp\/v2\/pages"}],"about":[{"href":"https:\/\/choco-spin.com\/fr\/wp-json\/wp\/v2\/types\/page"}],"author":[{"embeddable":true,"href":"https:\/\/choco-spin.com\/fr\/wp-json\/wp\/v2\/users\/1"}],"replies":[{"embeddable":true,"href":"https:\/\/choco-spin.com\/fr\/wp-json\/wp\/v2\/comments?post=1431"}],"version-history":[{"count":3,"href":"https:\/\/choco-spin.com\/fr\/wp-json\/wp\/v2\/pages\/1431\/revisions"}],"predecessor-version":[{"id":2044,"href":"https:\/\/choco-spin.com\/fr\/wp-json\/wp\/v2\/pages\/1431\/revisions\/2044"}],"wp:attachment":[{"href":"https:\/\/choco-spin.com\/fr\/wp-json\/wp\/v2\/media?parent=1431"}],"curies":[{"name":"wp","href":"https:\/\/api.w.org\/{rel}","templated":true}]}}