{"id":1488,"date":"2026-02-18T13:56:10","date_gmt":"2026-02-18T13:56:10","guid":{"rendered":"https:\/\/choco-spin.com\/login-and-registration\/"},"modified":"2026-02-19T08:51:53","modified_gmt":"2026-02-19T08:51:53","slug":"inicio-de-sesion-y-registro","status":"publish","type":"page","link":"https:\/\/choco-spin.com\/es\/inicio-de-sesion-y-registro\/","title":{"rendered":"Inicio de sesi\u00f3n y Registro"},"content":{"rendered":"<h1>Inicio de sesi\u00f3n, registro y gesti\u00f3n de cuentas en Chocospin<\/h1>\n<p>El Chocospin login proporciona un f\u00e1cil acceso a nuestro mejor casino en l\u00ednea, ofreciendo un entorno seguro y f\u00e1cil de usar para todos los entusiastas de los juegos. Chocospin Casino cuenta con sofisticadas medidas de seguridad y un sistema de gesti\u00f3n de cuentas, lo que lo convierte en una plataforma de juego interactiva y segura para todos los usuarios espa\u00f1oles.<\/p>\n<p><div class=\"banner-wrap\" aria-label=\"Banner\"><img src=\"https:\/\/choco-spin.com\/wp-content\/uploads\/2026\/02\/Chocospin-banner-desktop.webp\" class=\"w-100 d-none d-lg-block img-pc main-banner-img\" alt=\"Chocospin banner desktop\" fetchpriority=\"high\" decoding=\"async\"><img src=\"https:\/\/choco-spin.com\/wp-content\/uploads\/2026\/02\/Chocospin-Banner-mobile.webp\" class=\"w-100 d-none d-md-block d-lg-none main-banner-img\" alt=\"Chocospin Banner mobile\" fetchpriority=\"high\" decoding=\"async\"><img src=\"https:\/\/choco-spin.com\/wp-content\/uploads\/2026\/02\/Chocospin-Banner-mobile.webp\" class=\"w-100 d-md-none\" alt=\"Chocospin Banner mobile\" fetchpriority=\"high\" decoding=\"async\"><div class=\"banner-description\">\n<div class=\"banner-title\">Bonos de bienvenida<\/div>\n<p class=\"banner-header-title\">\u20ac1500<\/p>\n<div class=\"banner-header-AdditionalText\">+ 150 Tiradas gratis<\/div>\n<button data-item=\"homepage_banner_link\" class=\"goto m-button m-gradient-border m-button--primary m-button--large banner-button btn-orange\">\n            <div class=\"m-button-content\">\n                <span>Reg\u00edstrate ahora<\/span>\n                <span><\/span>\n            <\/div>\n        <\/button>\n<\/div>\n<div class=\"WelcomePack\">\n<p><img loading=\"lazy\" decoding=\"async\" class=\"alignnone size-full wp-image-1389\" src=\"https:\/\/choco-spin.com\/wp-content\/uploads\/2026\/02\/welcome-crown.png\" alt=\"welcome crown\" width=\"25\" height=\"26\" \/><\/p>\n<div class=\"WelcomePack-Info\">Reembolso semanal de hasta el 25 %<\/div>\n<p><img loading=\"lazy\" decoding=\"async\" class=\"alignnone size-full wp-image-1389\" src=\"https:\/\/choco-spin.com\/wp-content\/uploads\/2026\/02\/welcome-crown.png\" alt=\"welcome crown\" width=\"25\" height=\"26\" \/><\/p>\n<\/div>\n<\/div><div class=\"scrollable-content-wrap my-5\"><div class=\"scrollable-content-inner\"><h2>Registro de nuevos usuarios en Choco Spin<\/h2>\n<p>Abrir una nueva cuenta en Chocospin Casino te abre un mundo de posibilidades que te ayudar\u00e1n a tener una mejor experiencia de juego. Los nuevos clientes tienen derecho a un generoso bono de bienvenida de 1500 \u20ac despu\u00e9s de su primer inicio de sesi\u00f3n en Chocospin, con 250 tiradas gratis y la posibilidad de ganar a\u00fan m\u00e1s en nuestros torneos regulares de Choco Spin. Ofrecemos enormes bonificaciones por dep\u00f3sito y tiradas gratis, as\u00ed como la posibilidad de participar en ofertas especiales y torneos para todos.<\/p>\n<p>Adem\u00e1s, al registrarse, se puede acceder a nuestro programa de fidelidad, en el que se pueden canjear puntos por bonificaciones o premios en efectivo jugando con regularidad. Al iniciar sesi\u00f3n en Chocospin, se muestra su perfil para que pueda controlar f\u00e1cilmente su cuenta, sus dep\u00f3sitos y sus retiradas.<\/p>\n<h3>Crea tu cuenta<\/h3>\n<p>\u00bfPero c\u00f3mo completar el procedimiento de registro en Chocospin? \u00bfEs dif\u00edcil? En absoluto.<\/p>\n<p>Crear una cuenta en Chocospin Casino es un proceso sencillo, dise\u00f1ado para ser eficiente y seguro. El registro debe realizarse siguiendo los siguientes pasos:<\/p>\n<ol>\n<li>Busca el bot\u00f3n \u00abRegistrarse\u00bb, que suele aparecer en la p\u00e1gina de inicio.<\/li>\n<li>Rellene el formulario de registro con informaci\u00f3n personal correcta, como su direcci\u00f3n de correo electr\u00f3nico y la contrase\u00f1a que elija. Debe proporcionar informaci\u00f3n correcta para el futuro proceso de verificaci\u00f3n y los retiros.<\/li>\n<li>Aseg\u00farate de que tienes la edad legal marcando la casilla correspondiente y de que aceptas los t\u00e9rminos y condiciones de Chocospin Casino que el casino ha proporcionado.<\/li>\n<li>Deber\u00eda recibir un mensaje sobre la verificaci\u00f3n por parte de Chocospin en su bandeja de entrada de correo electr\u00f3nico. Haga clic en el enlace del correo electr\u00f3nico y active su cuenta.<\/li>\n<li>Una vez confirmada, vuelve a escribir tu correo electr\u00f3nico y contrase\u00f1a, y tendr\u00e1s acceso directo a todas las funciones de la plataforma Chocospin Casino.<\/li>\n<\/ol>\n<p>Empiece a jugar a la amplia gama de juegos disponibles y disfrute de los bonos disponibles.<\/p>\n<h2>Gesti\u00f3n de una cuenta de Chocospin<\/h2>\n<p>Tambi\u00e9n es f\u00e1cil iniciar sesi\u00f3n en su cuenta de Chocospin y acceder a un completo panel de control que le permite controlar todas las \u00e1reas de su perfil de juego. Para iniciar sesi\u00f3n por primera vez en Chocospin:<\/p>\n<ol>\n<li>En el sitio web de Chocospin Casino, haz clic en el bot\u00f3n de inicio de sesi\u00f3n situado en la parte superior derecha.<\/li>\n<li>Introduce tu direcci\u00f3n de correo electr\u00f3nico y contrase\u00f1a registradas, y aseg\u00farate de tener a mano tus datos de inicio de sesi\u00f3n en Chocospin.<\/li>\n<li>Una vez que hayas iniciado sesi\u00f3n correctamente, se te redirigir\u00e1 al panel de control de tu cuenta, que incluye una variedad de opciones.<\/li>\n<\/ol>\n<p>\u00bfQu\u00e9 puede hacer dentro de la cuenta?<\/p>\n<table>\n<tbody>\n<tr>\n<td>Caracter\u00edstica<\/td>\n<td>Descripci\u00f3n<\/td>\n<\/tr>\n<tr>\n<td>Transacciones monetarias seguras<\/td>\n<td>Ingrese y retire dinero de forma segura a trav\u00e9s de diversos m\u00e9todos de pago.<\/td>\n<\/tr>\n<tr>\n<td>Mayor potencial de juego<\/td>\n<td>Canjee bonificaciones y c\u00f3digos promocionales para mejorar su experiencia de juego.<\/td>\n<\/tr>\n<tr>\n<td>Seguimiento de transacciones y juegos<\/td>\n<td>Consulte el historial de transacciones anteriores y realice un seguimiento de los juegos.<\/td>\n<\/tr>\n<tr>\n<td>Gesti\u00f3n de datos personales<\/td>\n<td>Cambia tus datos personales, incluida la informaci\u00f3n de contacto y los datos de pago.<\/td>\n<\/tr>\n<tr>\n<td>Seguridad de la cuenta<\/td>\n<td>Activa o desactiva la autenticaci\u00f3n de dos factores (2FA) para mayor seguridad.<\/td>\n<\/tr>\n<tr>\n<td>Programas de fidelidad y VIP<\/td>\n<td>\u00danase a programas de fidelizaci\u00f3n exclusivos y a nuestro club VIP para obtener recompensas y ventajas adicionales.<\/td>\n<\/tr>\n<tr>\n<td>Disfrute de una interfaz f\u00e1cil de usar<\/td>\n<td>Navega f\u00e1cilmente y adapta tu experiencia de juego a tus preferencias.<\/td>\n<\/tr>\n<\/tbody>\n<\/table>\n<h2>\u00bfHa olvidado su contrase\u00f1a?<\/h2>\n<p>Si olvida su contrase\u00f1a de inicio de sesi\u00f3n en Chocospin, restablecerla no es un procedimiento muy dif\u00edcil:<\/p>\n<ol>\n<li>Selecciona \u00ab\u00bfOlvidaste tu contrase\u00f1a?\u00bb: se encuentra en la p\u00e1gina de inicio de sesi\u00f3n y activa el proceso de restablecimiento.<\/li>\n<li>Introduce tu correo electr\u00f3nico: utiliza la direcci\u00f3n de correo electr\u00f3nico de tu cuenta.<\/li>\n<li>Siga las instrucciones del correo electr\u00f3nico: busque en su bandeja de entrada el bot\u00f3n de restablecimiento y siga el proceso para crear una nueva contrase\u00f1a.<\/li>\n<\/ol>\n<p>Esto se hace como medida para garantizar una r\u00e1pida recuperaci\u00f3n del acceso con un alto nivel de seguridad. En caso de que tenga alg\u00fan problema, puede ponerse en contacto con nuestro equipo de asistencia, que le ayudar\u00e1 con los problemas de recuperaci\u00f3n de su cuenta a trav\u00e9s del chat en vivo y el correo electr\u00f3nico.<\/p>\n<h3>Verificaci\u00f3n de cuentas y medidas de seguridad de Chocospin Casino<\/h3>\n<p>Chocospin Casino mantiene un entorno de juego seguro sometiendo a sus clientes a un riguroso proceso de verificaci\u00f3n. Todos los jugadores deben proporcionar documentos de identificaci\u00f3n oficiales (documentos de identidad y facturas de servicios p\u00fablicos) para confirmar su identidad. Esta medida se ajusta a las leyes y normativas y ayuda a prevenir el fraude.<\/p>\n<p>Los sistemas de seguridad son s\u00f3lidos y est\u00e1n bien establecidos en nuestra plataforma. Incorporamos cifrado AES, protocolos TLS 1.2 y 1.3, cortafuegos y observaci\u00f3n constante de los datos personales y financieros. Se recomienda a los usuarios que activen la autenticaci\u00f3n de dos factores (2FA) y mantengan actualizada la informaci\u00f3n de su cuenta. La verificaci\u00f3n y actualizaci\u00f3n frecuentes de los datos ayudar\u00e1n a facilitar el proceso de retirada y recuperaci\u00f3n de cuentas, proteger\u00e1n el entorno de juego y lo har\u00e1n m\u00e1s seguro y fiable.<\/p>\n<h2>Preguntas frecuentes<\/h2>\n<h3>\u00bfC\u00f3mo actualizo mi contrase\u00f1a o direcci\u00f3n de correo electr\u00f3nico?<\/h3>\n<p>Si desea cambiar sus datos de inicio de sesi\u00f3n en Chocospin, abra el enlace de gesti\u00f3n de su cuenta al iniciar sesi\u00f3n, seleccione la opci\u00f3n de actualizar su correo electr\u00f3nico y contrase\u00f1a, y escriba sus nuevos datos. Las medidas de seguridad protegen este proceso bloqueando las actualizaciones no autorizadas.<\/p>\n<h3>\u00bfQu\u00e9 debo hacer si mi cuenta est\u00e1 bloqueada?<\/h3>\n<p>En caso de que su cuenta de Chocospin est\u00e9 bloqueada, nuestro equipo de asistencia le ayudar\u00e1 a trav\u00e9s del chat en vivo. Es posible que sea necesario verificar su identidad; env\u00ede los documentos necesarios para desbloquear su cuenta. Estos problemas son atendidos por nuestro servicio de asistencia multiling\u00fce, que hace todo lo posible para garantizar el cumplimiento de las pol\u00edticas de seguridad.<\/p>\n<h3>\u00bfPuedo estar seguro de que mis datos est\u00e1n seguros en Chocospin?<\/h3>\n<p>En Chocospin ofrecemos total seguridad gracias a nuestras s\u00f3lidas medidas de seguridad. Contamos con cortafuegos que supervisan su informaci\u00f3n personal y sus finanzas. Por su parte, solo tiene que activar la autenticaci\u00f3n de dos factores (2FA) y actualizar sus datos de inicio de sesi\u00f3n en Chocospin.<\/p>\n<\/div><\/div><\/p>\n","protected":false},"excerpt":{"rendered":"<p>Inicio de sesi\u00f3n, registro y gesti\u00f3n de cuentas en Chocospin El Chocospin login proporciona un f\u00e1cil acceso a nuestro mejor casino en l\u00ednea, ofreciendo un entorno seguro y f\u00e1cil de usar para todos los entusiastas de los juegos. Chocospin Casino cuenta con sofisticadas medidas de seguridad y un sistema de gesti\u00f3n de cuentas, lo que [&hellip;]<\/p>\n","protected":false},"author":1,"featured_media":0,"parent":0,"menu_order":0,"comment_status":"closed","ping_status":"closed","template":"template-builder.php","meta":{"_acf_changed":false,"inline_featured_image":false,"footnotes":""},"class_list":["post-1488","page","type-page","status-publish","hentry"],"acf":[],"yoast_head":"<!-- This site is optimized with the Yoast SEO plugin v27.3 - https:\/\/yoast.com\/product\/yoast-seo-wordpress\/ -->\n<title>Chocospin Inicio de sesi\u00f3n : registrarse y gestionar la cuenta<\/title>\n<meta name=\"description\" content=\"Cree, gestione y verifique f\u00e1cilmente su cuenta de Chocospin Casino con un registro r\u00e1pido, una recuperaci\u00f3n de cuenta sin complicaciones y un cierre de cuenta seguro, lo que garantiza una protecci\u00f3n 24\/7 a trav\u00e9s de Chocospin Login.\" \/>\n<meta name=\"robots\" content=\"index, follow, max-snippet:-1, max-image-preview:large, max-video-preview:-1\" \/>\n<link rel=\"canonical\" href=\"https:\/\/choco-spin.com\/es\/inicio-de-sesion-y-registro\/\" \/>\n<meta property=\"og:locale\" content=\"es_ES\" \/>\n<meta property=\"og:type\" content=\"article\" \/>\n<meta property=\"og:title\" content=\"Chocospin Inicio de sesi\u00f3n : registrarse y gestionar la cuenta\" \/>\n<meta property=\"og:description\" content=\"Cree, gestione y verifique f\u00e1cilmente su cuenta de Chocospin Casino con un registro r\u00e1pido, una recuperaci\u00f3n de cuenta sin complicaciones y un cierre de cuenta seguro, lo que garantiza una protecci\u00f3n 24\/7 a trav\u00e9s de Chocospin Login.\" \/>\n<meta property=\"og:url\" content=\"https:\/\/choco-spin.com\/es\/inicio-de-sesion-y-registro\/\" \/>\n<meta property=\"og:site_name\" content=\"chocospin\" \/>\n<meta property=\"article:modified_time\" content=\"2026-02-19T08:51:53+00:00\" \/>\n<meta name=\"twitter:card\" content=\"summary_large_image\" \/>\n<meta name=\"twitter:label1\" content=\"Est. reading time\" \/>\n\t<meta name=\"twitter:data1\" content=\"1 minute\" \/>\n<script type=\"application\/ld+json\" class=\"yoast-schema-graph\">{\"@context\":\"https:\\\/\\\/schema.org\",\"@graph\":[{\"@type\":\"WebPage\",\"@id\":\"https:\\\/\\\/choco-spin.com\\\/es\\\/inicio-de-sesion-y-registro\\\/\",\"url\":\"https:\\\/\\\/choco-spin.com\\\/es\\\/inicio-de-sesion-y-registro\\\/\",\"name\":\"Chocospin Inicio de sesi\u00f3n : registrarse y gestionar la cuenta\",\"isPartOf\":{\"@id\":\"https:\\\/\\\/choco-spin.com\\\/es\\\/#website\"},\"datePublished\":\"2026-02-18T13:56:10+00:00\",\"dateModified\":\"2026-02-19T08:51:53+00:00\",\"description\":\"Cree, gestione y verifique f\u00e1cilmente su cuenta de Chocospin Casino con un registro r\u00e1pido, una recuperaci\u00f3n de cuenta sin complicaciones y un cierre de cuenta seguro, lo que garantiza una protecci\u00f3n 24\\\/7 a trav\u00e9s de Chocospin Login.\",\"breadcrumb\":{\"@id\":\"https:\\\/\\\/choco-spin.com\\\/es\\\/inicio-de-sesion-y-registro\\\/#breadcrumb\"},\"inLanguage\":\"es-ES\",\"potentialAction\":[{\"@type\":\"ReadAction\",\"target\":[\"https:\\\/\\\/choco-spin.com\\\/es\\\/inicio-de-sesion-y-registro\\\/\"]}]},{\"@type\":\"BreadcrumbList\",\"@id\":\"https:\\\/\\\/choco-spin.com\\\/es\\\/inicio-de-sesion-y-registro\\\/#breadcrumb\",\"itemListElement\":[{\"@type\":\"ListItem\",\"position\":1,\"name\":\"Chocospin\",\"item\":\"https:\\\/\\\/choco-spin.com\\\/es\\\/\"},{\"@type\":\"ListItem\",\"position\":2,\"name\":\"Inicio de sesi\u00f3n y Registro\"}]},{\"@type\":\"WebSite\",\"@id\":\"https:\\\/\\\/choco-spin.com\\\/es\\\/#website\",\"url\":\"https:\\\/\\\/choco-spin.com\\\/es\\\/\",\"name\":\"Chocospin\",\"description\":\"\",\"publisher\":{\"@id\":\"https:\\\/\\\/choco-spin.com\\\/es\\\/#organization\"},\"potentialAction\":[{\"@type\":\"SearchAction\",\"target\":{\"@type\":\"EntryPoint\",\"urlTemplate\":\"https:\\\/\\\/choco-spin.com\\\/es\\\/?s={search_term_string}\"},\"query-input\":{\"@type\":\"PropertyValueSpecification\",\"valueRequired\":true,\"valueName\":\"search_term_string\"}}],\"inLanguage\":\"es-ES\"},{\"@type\":\"Organization\",\"@id\":\"https:\\\/\\\/choco-spin.com\\\/es\\\/#organization\",\"name\":\"Chocospin\",\"url\":\"https:\\\/\\\/choco-spin.com\\\/es\\\/\",\"logo\":{\"@type\":\"ImageObject\",\"inLanguage\":\"es-ES\",\"@id\":\"https:\\\/\\\/choco-spin.com\\\/es\\\/#\\\/schema\\\/logo\\\/image\\\/\",\"url\":\"https:\\\/\\\/choco-spin.com\\\/wp-content\\\/uploads\\\/2026\\\/02\\\/Chocospin-logo-Desktop.png\",\"contentUrl\":\"https:\\\/\\\/choco-spin.com\\\/wp-content\\\/uploads\\\/2026\\\/02\\\/Chocospin-logo-Desktop.png\",\"width\":123,\"height\":20,\"caption\":\"Chocospin\"},\"image\":{\"@id\":\"https:\\\/\\\/choco-spin.com\\\/es\\\/#\\\/schema\\\/logo\\\/image\\\/\"}}]}<\/script>\n<!-- \/ Yoast SEO plugin. -->","yoast_head_json":{"title":"Chocospin Inicio de sesi\u00f3n : registrarse y gestionar la cuenta","description":"Cree, gestione y verifique f\u00e1cilmente su cuenta de Chocospin Casino con un registro r\u00e1pido, una recuperaci\u00f3n de cuenta sin complicaciones y un cierre de cuenta seguro, lo que garantiza una protecci\u00f3n 24\/7 a trav\u00e9s de Chocospin Login.","robots":{"index":"index","follow":"follow","max-snippet":"max-snippet:-1","max-image-preview":"max-image-preview:large","max-video-preview":"max-video-preview:-1"},"canonical":"https:\/\/choco-spin.com\/es\/inicio-de-sesion-y-registro\/","og_locale":"es_ES","og_type":"article","og_title":"Chocospin Inicio de sesi\u00f3n : registrarse y gestionar la cuenta","og_description":"Cree, gestione y verifique f\u00e1cilmente su cuenta de Chocospin Casino con un registro r\u00e1pido, una recuperaci\u00f3n de cuenta sin complicaciones y un cierre de cuenta seguro, lo que garantiza una protecci\u00f3n 24\/7 a trav\u00e9s de Chocospin Login.","og_url":"https:\/\/choco-spin.com\/es\/inicio-de-sesion-y-registro\/","og_site_name":"chocospin","article_modified_time":"2026-02-19T08:51:53+00:00","twitter_card":"summary_large_image","twitter_misc":{"Est. reading time":"1 minute"},"schema":{"@context":"https:\/\/schema.org","@graph":[{"@type":"WebPage","@id":"https:\/\/choco-spin.com\/es\/inicio-de-sesion-y-registro\/","url":"https:\/\/choco-spin.com\/es\/inicio-de-sesion-y-registro\/","name":"Chocospin Inicio de sesi\u00f3n : registrarse y gestionar la cuenta","isPartOf":{"@id":"https:\/\/choco-spin.com\/es\/#website"},"datePublished":"2026-02-18T13:56:10+00:00","dateModified":"2026-02-19T08:51:53+00:00","description":"Cree, gestione y verifique f\u00e1cilmente su cuenta de Chocospin Casino con un registro r\u00e1pido, una recuperaci\u00f3n de cuenta sin complicaciones y un cierre de cuenta seguro, lo que garantiza una protecci\u00f3n 24\/7 a trav\u00e9s de Chocospin Login.","breadcrumb":{"@id":"https:\/\/choco-spin.com\/es\/inicio-de-sesion-y-registro\/#breadcrumb"},"inLanguage":"es-ES","potentialAction":[{"@type":"ReadAction","target":["https:\/\/choco-spin.com\/es\/inicio-de-sesion-y-registro\/"]}]},{"@type":"BreadcrumbList","@id":"https:\/\/choco-spin.com\/es\/inicio-de-sesion-y-registro\/#breadcrumb","itemListElement":[{"@type":"ListItem","position":1,"name":"Chocospin","item":"https:\/\/choco-spin.com\/es\/"},{"@type":"ListItem","position":2,"name":"Inicio de sesi\u00f3n y Registro"}]},{"@type":"WebSite","@id":"https:\/\/choco-spin.com\/es\/#website","url":"https:\/\/choco-spin.com\/es\/","name":"Chocospin","description":"","publisher":{"@id":"https:\/\/choco-spin.com\/es\/#organization"},"potentialAction":[{"@type":"SearchAction","target":{"@type":"EntryPoint","urlTemplate":"https:\/\/choco-spin.com\/es\/?s={search_term_string}"},"query-input":{"@type":"PropertyValueSpecification","valueRequired":true,"valueName":"search_term_string"}}],"inLanguage":"es-ES"},{"@type":"Organization","@id":"https:\/\/choco-spin.com\/es\/#organization","name":"Chocospin","url":"https:\/\/choco-spin.com\/es\/","logo":{"@type":"ImageObject","inLanguage":"es-ES","@id":"https:\/\/choco-spin.com\/es\/#\/schema\/logo\/image\/","url":"https:\/\/choco-spin.com\/wp-content\/uploads\/2026\/02\/Chocospin-logo-Desktop.png","contentUrl":"https:\/\/choco-spin.com\/wp-content\/uploads\/2026\/02\/Chocospin-logo-Desktop.png","width":123,"height":20,"caption":"Chocospin"},"image":{"@id":"https:\/\/choco-spin.com\/es\/#\/schema\/logo\/image\/"}}]}},"_links":{"self":[{"href":"https:\/\/choco-spin.com\/es\/wp-json\/wp\/v2\/pages\/1488","targetHints":{"allow":["GET"]}}],"collection":[{"href":"https:\/\/choco-spin.com\/es\/wp-json\/wp\/v2\/pages"}],"about":[{"href":"https:\/\/choco-spin.com\/es\/wp-json\/wp\/v2\/types\/page"}],"author":[{"embeddable":true,"href":"https:\/\/choco-spin.com\/es\/wp-json\/wp\/v2\/users\/1"}],"replies":[{"embeddable":true,"href":"https:\/\/choco-spin.com\/es\/wp-json\/wp\/v2\/comments?post=1488"}],"version-history":[{"count":2,"href":"https:\/\/choco-spin.com\/es\/wp-json\/wp\/v2\/pages\/1488\/revisions"}],"predecessor-version":[{"id":2027,"href":"https:\/\/choco-spin.com\/es\/wp-json\/wp\/v2\/pages\/1488\/revisions\/2027"}],"wp:attachment":[{"href":"https:\/\/choco-spin.com\/es\/wp-json\/wp\/v2\/media?parent=1488"}],"curies":[{"name":"wp","href":"https:\/\/api.w.org\/{rel}","templated":true}]}}