{"id":1455,"date":"2026-02-18T14:07:10","date_gmt":"2026-02-18T14:07:10","guid":{"rendered":"https:\/\/choco-spin.com\/bonus\/"},"modified":"2026-02-19T08:54:14","modified_gmt":"2026-02-19T08:54:14","slug":"bonificacion","status":"publish","type":"page","link":"https:\/\/choco-spin.com\/es\/bonificacion\/","title":{"rendered":"Bonificaci\u00f3n"},"content":{"rendered":"<h1>Bonificaciones y recompensas de Chocospin Casino<\/h1>\n<p>El Chocospin bonus va a cambiar todo lo que sabes sobre ganar en los casinos online. Hemos creado un sistema de bonos tan racional, generoso y bien organizado que todos los jugadores espa\u00f1oles estar\u00e1n encantados. Chocospin Casino apuesta por la equidad, la seguridad y la transparencia para garantizar que todos los jugadores puedan maximizar sus ganancias potenciales a trav\u00e9s de atractivos paquetes de bonos. Nuestro sitio apoya a los jugadores actualizando continuamente sus servicios promocionales para atraer y fidelizar de forma eficaz.<\/p>\n<p><div class=\"banner-wrap\" aria-label=\"Banner\"><img src=\"https:\/\/choco-spin.com\/wp-content\/uploads\/2026\/02\/Chocospin-banner-desktop.webp\" class=\"w-100 d-none d-lg-block img-pc main-banner-img\" alt=\"Chocospin banner desktop\" fetchpriority=\"high\" decoding=\"async\"><img src=\"https:\/\/choco-spin.com\/wp-content\/uploads\/2026\/02\/Chocospin-Banner-mobile.webp\" class=\"w-100 d-none d-md-block d-lg-none main-banner-img\" alt=\"Chocospin Banner mobile\" fetchpriority=\"high\" decoding=\"async\"><img src=\"https:\/\/choco-spin.com\/wp-content\/uploads\/2026\/02\/Chocospin-Banner-mobile.webp\" class=\"w-100 d-md-none\" alt=\"Chocospin Banner mobile\" fetchpriority=\"high\" decoding=\"async\"><div class=\"banner-description\">\n<div class=\"banner-title\">Bonos de bienvenida<\/div>\n<p class=\"banner-header-title\">\u20ac1500<\/p>\n<div class=\"banner-header-AdditionalText\">+ 150 Tiradas gratis<\/div>\n<button data-item=\"homepage_banner_link\" class=\"goto m-button m-gradient-border m-button--primary m-button--large banner-button btn-orange\">\n            <div class=\"m-button-content\">\n                <span>Reg\u00edstrate ahora<\/span>\n                <span><\/span>\n            <\/div>\n        <\/button>\n<\/div>\n<div class=\"WelcomePack\">\n<p><img loading=\"lazy\" decoding=\"async\" class=\"alignnone size-full wp-image-1389\" src=\"https:\/\/choco-spin.com\/wp-content\/uploads\/2026\/02\/welcome-crown.png\" alt=\"welcome crown\" width=\"25\" height=\"26\" \/><\/p>\n<div class=\"WelcomePack-Info\">Reembolso semanal de hasta el 25 %<\/div>\n<p><img loading=\"lazy\" decoding=\"async\" class=\"alignnone size-full wp-image-1389\" src=\"https:\/\/choco-spin.com\/wp-content\/uploads\/2026\/02\/welcome-crown.png\" alt=\"welcome crown\" width=\"25\" height=\"26\" \/><\/p>\n<\/div>\n<\/div><div class=\"promotions-wrap\"><div class=\"promotion-card\" style=\"background-image: url(https:\/\/choco-spin.com\/wp-content\/uploads\/First-deposit.webp);\"><h2 class=\"promotion-card__title\">Bono por primer dep\u00f3sito<\/h2><label class=\"promotion-card__offer\">100 % hasta 500 \u20ac + 150 tiradas gratis<\/label><label class=\"promotion-card__description\"><\/label><div class=\"promotion-card__actions\"><button data-item=\"payments_link\" data-group=\"website_links\" class=\"goto btn btn-orange rounded-pill fw-bold px-4 m-button m-gradient-border m-button--primary m-button--large promotion-button promotion-card__action-btn\" aria-label=\"Registrarse\"><div class=\"m-button-content\"><span class=\"promotion-button__content\">Registrarse<\/span><\/div><\/button><button data-item=\"http:\/\/bonus_link\" data-group=\"website_links\" class=\"goto m-button m-gradient-border m-button--secondary m-button--medium promotion-card__info-btn\" aria-label=\"More information\"><div class=\"m-button-content\"><svg viewBox=\"0 0 24 24\" fill=\"none\" xmlns=\"http:\/\/www.w3.org\/2000\/svg\" class=\"m-icon m-icon-loadable\" name=\"Attention\" loading=\"false\" aria-hidden=\"true\"><path d=\"M12 22C6.477 22 2 17.522 2 12S6.477 2 12 2s10 4.478 10 10-4.477 10-10 10m-.002-13.004a.999.999 0 1 0 0-1.997.999.999 0 0 0 0 1.997M12 17a1 1 0 0 0 .993-.884L13 16l-.002-5.001-.007-.117a1 1 0 0 0-1.986 0l-.007.117L11 16l.007.117A1 1 0 0 0 12 17\" fill=\"currentColor\"><\/path><\/svg><\/div><\/button><\/div><\/div><div class=\"promotion-card\" style=\"background-image: url(https:\/\/choco-spin.com\/wp-content\/uploads\/Second-deposit.webp);\"><h2 class=\"promotion-card__title\">Bono por segundo dep\u00f3sito<\/h2><label class=\"promotion-card__offer\">55 % hasta 500 \u20ac + 100 tiradas gratis<\/label><label class=\"promotion-card__description\"><\/label><div class=\"promotion-card__actions\"><button data-item=\"payments_link\" data-group=\"website_links\" class=\"goto btn btn-orange rounded-pill fw-bold px-4 m-button m-gradient-border m-button--primary m-button--large promotion-button promotion-card__action-btn\" aria-label=\"Registrarse\"><div class=\"m-button-content\"><span class=\"promotion-button__content\">Registrarse<\/span><\/div><\/button><button data-item=\"http:\/\/bonus_link\" data-group=\"website_links\" class=\"goto m-button m-gradient-border m-button--secondary m-button--medium promotion-card__info-btn\" aria-label=\"More information\"><div class=\"m-button-content\"><svg viewBox=\"0 0 24 24\" fill=\"none\" xmlns=\"http:\/\/www.w3.org\/2000\/svg\" class=\"m-icon m-icon-loadable\" name=\"Attention\" loading=\"false\" aria-hidden=\"true\"><path d=\"M12 22C6.477 22 2 17.522 2 12S6.477 2 12 2s10 4.478 10 10-4.477 10-10 10m-.002-13.004a.999.999 0 1 0 0-1.997.999.999 0 0 0 0 1.997M12 17a1 1 0 0 0 .993-.884L13 16l-.002-5.001-.007-.117a1 1 0 0 0-1.986 0l-.007.117L11 16l.007.117A1 1 0 0 0 12 17\" fill=\"currentColor\"><\/path><\/svg><\/div><\/button><\/div><\/div><div class=\"promotion-card\" style=\"background-image: url(https:\/\/choco-spin.com\/wp-content\/uploads\/Third-deposit.webp);\"><h2 class=\"promotion-card__title\">Bono por tercer dep\u00f3sito<\/h2><label class=\"promotion-card__offer\">100 % hasta 500 \u20ac<\/label><label class=\"promotion-card__description\"><\/label><div class=\"promotion-card__actions\"><button data-item=\"payments_link\" data-group=\"website_links\" class=\"goto btn btn-orange rounded-pill fw-bold px-4 m-button m-gradient-border m-button--primary m-button--large promotion-button promotion-card__action-btn\" aria-label=\"Registrarse\"><div class=\"m-button-content\"><span class=\"promotion-button__content\">Registrarse<\/span><\/div><\/button><button data-item=\"http:\/\/bonus_link\" data-group=\"website_links\" class=\"goto m-button m-gradient-border m-button--secondary m-button--medium promotion-card__info-btn\" aria-label=\"More information\"><div class=\"m-button-content\"><svg viewBox=\"0 0 24 24\" fill=\"none\" xmlns=\"http:\/\/www.w3.org\/2000\/svg\" class=\"m-icon m-icon-loadable\" name=\"Attention\" loading=\"false\" aria-hidden=\"true\"><path d=\"M12 22C6.477 22 2 17.522 2 12S6.477 2 12 2s10 4.478 10 10-4.477 10-10 10m-.002-13.004a.999.999 0 1 0 0-1.997.999.999 0 0 0 0 1.997M12 17a1 1 0 0 0 .993-.884L13 16l-.002-5.001-.007-.117a1 1 0 0 0-1.986 0l-.007.117L11 16l.007.117A1 1 0 0 0 12 17\" fill=\"currentColor\"><\/path><\/svg><\/div><\/button><\/div><\/div><div class=\"promotion-card\" style=\"background-image: url(https:\/\/choco-spin.com\/wp-content\/uploads\/Sunday-reload.webp);\"><h2 class=\"promotion-card__title\">Recarga del domingo<\/h2><label class=\"promotion-card__offer\">25 % hasta 100 \u20ac<\/label><label class=\"promotion-card__description\"><\/label><div class=\"promotion-card__actions\"><button data-item=\"payments_link\" data-group=\"website_links\" class=\"goto btn btn-orange rounded-pill fw-bold px-4 m-button m-gradient-border m-button--primary m-button--large promotion-button promotion-card__action-btn\" aria-label=\"Registrarse\"><div class=\"m-button-content\"><span class=\"promotion-button__content\">Registrarse<\/span><\/div><\/button><button data-item=\"http:\/\/bonus_link\" data-group=\"website_links\" class=\"goto m-button m-gradient-border m-button--secondary m-button--medium promotion-card__info-btn\" aria-label=\"More information\"><div class=\"m-button-content\"><svg viewBox=\"0 0 24 24\" fill=\"none\" xmlns=\"http:\/\/www.w3.org\/2000\/svg\" class=\"m-icon m-icon-loadable\" name=\"Attention\" loading=\"false\" aria-hidden=\"true\"><path d=\"M12 22C6.477 22 2 17.522 2 12S6.477 2 12 2s10 4.478 10 10-4.477 10-10 10m-.002-13.004a.999.999 0 1 0 0-1.997.999.999 0 0 0 0 1.997M12 17a1 1 0 0 0 .993-.884L13 16l-.002-5.001-.007-.117a1 1 0 0 0-1.986 0l-.007.117L11 16l.007.117A1 1 0 0 0 12 17\" fill=\"currentColor\"><\/path><\/svg><\/div><\/button><\/div><\/div><div class=\"promotion-card\" style=\"background-image: url(https:\/\/choco-spin.com\/wp-content\/uploads\/Cashback.webp);\"><h2 class=\"promotion-card__title\">Reembolso semanal<\/h2><label class=\"promotion-card__offer\">hasta el 25 %<\/label><label class=\"promotion-card__description\"><\/label><div class=\"promotion-card__actions\"><button data-item=\"payments_link\" data-group=\"website_links\" class=\"goto btn btn-orange rounded-pill fw-bold px-4 m-button m-gradient-border m-button--primary m-button--large promotion-button promotion-card__action-btn\" aria-label=\"Registrarse\"><div class=\"m-button-content\"><span class=\"promotion-button__content\">Registrarse<\/span><\/div><\/button><button data-item=\"http:\/\/bonus_link\" data-group=\"website_links\" class=\"goto m-button m-gradient-border m-button--secondary m-button--medium promotion-card__info-btn\" aria-label=\"More information\"><div class=\"m-button-content\"><svg viewBox=\"0 0 24 24\" fill=\"none\" xmlns=\"http:\/\/www.w3.org\/2000\/svg\" class=\"m-icon m-icon-loadable\" name=\"Attention\" loading=\"false\" aria-hidden=\"true\"><path d=\"M12 22C6.477 22 2 17.522 2 12S6.477 2 12 2s10 4.478 10 10-4.477 10-10 10m-.002-13.004a.999.999 0 1 0 0-1.997.999.999 0 0 0 0 1.997M12 17a1 1 0 0 0 .993-.884L13 16l-.002-5.001-.007-.117a1 1 0 0 0-1.986 0l-.007.117L11 16l.007.117A1 1 0 0 0 12 17\" fill=\"currentColor\"><\/path><\/svg><\/div><\/button><\/div><\/div><\/div><div class=\"scrollable-content-wrap my-5\"><div class=\"scrollable-content-inner\"><h2>Detalles de la promoci\u00f3n<\/h2>\n<p>Chocospin Casino se caracteriza por una amplia variedad de promociones permanentes que dependen de las preferencias de nuestros exigentes jugadores: supervisamos y actualizamos constantemente las promociones para satisfacer a todos. El casino tiene un ambiente promocional activo, que incluye atractivos bonos de bienvenida, recompensas exclusivas para VIP y mucho m\u00e1s. Estas ofertas de bonos de Chocospin se han dise\u00f1ado para animar a los jugadores a explorar una amplia gama de juegos, como tragamonedas, juegos de mesa y juegos con crupier en vivo, con ventajas adicionales en forma de bonos.<\/p>\n<h2>Competiciones de Choco Spin Casino<\/h2>\n<p>Chocospin Casino tiene diferentes torneos competitivos que ofrecen grandes premios. Estos torneos est\u00e1n dise\u00f1ados de tal manera que ponen a prueba la habilidad y la suerte, lo que supone un buen reto para todos los que participan. Las competiciones m\u00e1s conocidas son:<\/p>\n<ul>\n<li>Torneo Rookie Rumble con un premio incre\u00edble de 2500 \u20ac diarios<\/li>\n<li>Torneo Drops and Wins, con un premio en efectivo de 25 000 000 \u20ac por temporada.<\/li>\n<li>Vale la pena probar el torneo en vivo de 10 000 \u20ac.<\/li>\n<\/ul>\n<p>Tambi\u00e9n puedes probar:<\/p>\n<ul>\n<li>Sunday Reload del 25 %, que es de unos 100 \u20ac si utilizas la palabra clave RELDAY<\/li>\n<li>El reembolso semanal puede llegar hasta el 25 %, pero ten en cuenta que suele depender de los dep\u00f3sitos que realices y de las p\u00e9rdidas que sufras durante el periodo de 7 d\u00edas.<\/li>\n<\/ul>\n<p>Participar en estos torneos es f\u00e1cil y est\u00e1 abierto a todos los jugadores registrados. La naturaleza competitiva estimula el juego estrat\u00e9gico, y los mejores jugadores son recompensados con un enorme bono Chocospin, lo que crea un ambiente vibrante y gratificante.<\/p>\n<h2>Bono de bienvenida de Chocospin Casino<\/h2>\n<p>Probablemente pienses que solo los m\u00e1s afortunados pueden ganar el bono de Chocospin, \u00bfverdad? \u00a1No! Todos los jugadores que se registren con nosotros pueden obtener un paquete de bienvenida como agradecimiento. Actualmente, ofrecemos 1500 \u20ac a todos los nuevos jugadores, junto con 250 tiradas gratis para gastar en los primeros 3 d\u00edas (el dinero del bono de Chocospin debe gastarse en una semana o se perder\u00e1).<\/p>\n<p>El paquete ayudar\u00e1 a los nuevos jugadores a empezar con buen pie, ya que aumentar\u00e1 su saldo inicial y les dar\u00e1 m\u00e1s oportunidades de ganar. El bono de bienvenida de Chocospin es una combinaci\u00f3n de fondos de bonificaci\u00f3n y tiradas gratis, que se pueden utilizar en una amplia gama de juegos de casino.<\/p>\n<h3>Bono por primer dep\u00f3sito<\/h3>\n<p>La oferta de bienvenida de Chocospin Casino incluye el bono por primer dep\u00f3sito, que es un componente clave de la oferta de bienvenida. Los jugadores que realicen su primer dep\u00f3sito obtendr\u00e1n un bono del 100 % hasta un importe de 500 \u20ac y 150 giros como regalo. Puedes utilizarlos en algunos de los juegos de tragamonedas de Chocospin.<\/p>\n<p>Este bono aumenta considerablemente la duraci\u00f3n del juego, ya que permite a los jugadores jugar a diferentes t\u00edtulos con el dinero adicional. El requisito de apuesta del bono por dep\u00f3sito inicial es 35 veces el importe del bono, lo que resulta justo y transparente.<\/p>\n<h3>Bono por segundo dep\u00f3sito<\/h3>\n<p>La segunda vez que realices un dep\u00f3sito, recibir\u00e1s 500 \u20ac y 100 tiradas. Esta promoci\u00f3n fomentar\u00e1 una mayor interacci\u00f3n y recompensar\u00e1 la fidelidad al proporcionar m\u00e1s dinero de bonificaci\u00f3n.<\/p>\n<p>Las condiciones de apuesta son similares a las del bono por dep\u00f3sito inicial y requieren un playthrough de 35 veces. Esta uniformidad ofrece buenas expectativas a los jugadores. No hay sorpresas desagradables.<\/p>\n<h3>Bono por tercer dep\u00f3sito<\/h3>\n<p>Chocospin Casino ofrece un bono por tercer dep\u00f3sito para reforzar el juego a largo plazo. Se concede a los jugadores un bono del 100 % (m\u00e1ximo de 500 \u20ac). Aunque este bono no incluye tiradas gratis, tiene el mismo requisito de apuesta de 35 veces, lo que fomenta el juego responsable.<\/p>\n<h2>T\u00e9rminos y condiciones de los bonos para los jugadores<\/h2>\n<p>Chocospin Casino ha establecido condiciones espec\u00edficas que se utilizan para que todas las ofertas de bonos sean transparentes y justas. Las condiciones clave incluyen:<\/p>\n<table>\n<tbody>\n<tr>\n<td>Condici\u00f3n<\/td>\n<td>Detalles<\/td>\n<\/tr>\n<tr>\n<td>Verificaci\u00f3n KYC<\/td>\n<td>Los jugadores deben autenticarse utilizando documentos leg\u00edtimos: prueba de domicilio y m\u00e9todo de pago.<\/td>\n<\/tr>\n<tr>\n<td>Elegibilidad para bonificaciones<\/td>\n<td>Los jugadores pueden optar a bonificaciones en funci\u00f3n de los requisitos regionales y de edad; las bonificaciones est\u00e1n sujetas a limitaciones jurisdiccionales.<\/td>\n<\/tr>\n<tr>\n<td>Requisitos de apuesta<\/td>\n<td>Los bonos deben apostarse al menos 30 veces antes de poder retirarlos.<\/td>\n<\/tr>\n<tr>\n<td>L\u00edmite m\u00e1ximo de apuesta<\/td>\n<td>Para apostar bonificaciones, la apuesta m\u00e1xima es de 5 \u20ac para evitar el abuso de las bonificaciones.<\/td>\n<\/tr>\n<tr>\n<td>Contribuciones de los juegos<\/td>\n<td>Los diferentes tipos de juegos contribuyen de forma diferente a los requisitos de apuesta; las tragaperras contribuyen al 100 %, mientras que los juegos de mesa contribuyen en menor medida.<\/td>\n<\/tr>\n<tr>\n<td>L\u00edmite de tiempo<\/td>\n<td>Los bonos deben apostarse en un plazo de 7 a 14 d\u00edas, o caducar\u00e1n.<\/td>\n<\/tr>\n<tr>\n<td>Juego responsable<\/td>\n<td>Se anima a los jugadores a limitar sus apuestas y a jugar de forma responsable para crear un entorno de juego m\u00e1s seguro.<\/td>\n<\/tr>\n<\/tbody>\n<\/table>\n<h2>Preguntas frecuentes<\/h2>\n<h3>\u00bfC\u00f3mo puedo canjear el bono de bienvenida en Chocospin Casino?<\/h3>\n<p>El bono de Chocospin se deposita autom\u00e1ticamente en la cuenta del jugador tras la confirmaci\u00f3n del dep\u00f3sito, en caso de que se elija la promoci\u00f3n en el momento del dep\u00f3sito. La plataforma cuenta con instrucciones claras que deben seguirse. Puedes leer toda la informaci\u00f3n en tu panel de control.<\/p>\n<h3>\u00bfLos bonos de Choco Spin Casino son v\u00e1lidos para todos los juegos?<\/h3>\n<p>No todos los juegos te dan un bono de Choco Spin. Los bonos solo se pueden ofrecer en los juegos de tragamonedas y en algunos de los juegos de mesa. Las promociones especifican los t\u00edtulos y los porcentajes de contribuci\u00f3n que son elegibles, y los t\u00e9rminos y condiciones lo explican todo bien. Los jugadores deben asegurarse de que cumplen los requisitos para jugar antes de realizar una apuesta.<\/p>\n<h3>\u00bfC\u00f3mo seguir todas las promociones de Chocospin Casino?<\/h3>\n<p>En tu panel de control, puedes seguir todos los torneos y ofertas de Chocospin en curso. Con una participaci\u00f3n regular, puedes desbloquear fant\u00e1sticas funciones de bonificaci\u00f3n, giros gratis y botes, por lo que te recomendamos que participes activamente en nuestros torneos.<\/p>\n<\/div><\/div><\/p>\n","protected":false},"excerpt":{"rendered":"<p>Bonificaciones y recompensas de Chocospin Casino El Chocospin bonus va a cambiar todo lo que sabes sobre ganar en los casinos online. Hemos creado un sistema de bonos tan racional, generoso y bien organizado que todos los jugadores espa\u00f1oles estar\u00e1n encantados. Chocospin Casino apuesta por la equidad, la seguridad y la transparencia para garantizar que [&hellip;]<\/p>\n","protected":false},"author":1,"featured_media":0,"parent":0,"menu_order":0,"comment_status":"closed","ping_status":"closed","template":"template-builder.php","meta":{"_acf_changed":false,"inline_featured_image":false,"footnotes":""},"class_list":["post-1455","page","type-page","status-publish","hentry"],"acf":[],"yoast_head":"<!-- This site is optimized with the Yoast SEO plugin v27.3 - https:\/\/yoast.com\/product\/yoast-seo-wordpress\/ -->\n<title>Chocospin Casino Bonos y ofertas especiales<\/title>\n<meta name=\"description\" content=\"Descubre bonificaciones exclusivas en Chocospin Casino, incluyendo generosas ofertas de bienvenida, recompensas por dep\u00f3sito, promociones continuas y emocionantes torneos. Accede f\u00e1cilmente a todos los t\u00e9rminos y condiciones de las bonificaciones y a las instrucciones para reclamarlas en un solo lugar.\" \/>\n<meta name=\"robots\" content=\"index, follow, max-snippet:-1, max-image-preview:large, max-video-preview:-1\" \/>\n<link rel=\"canonical\" href=\"https:\/\/choco-spin.com\/es\/bonificacion\/\" \/>\n<meta property=\"og:locale\" content=\"es_ES\" \/>\n<meta property=\"og:type\" content=\"article\" \/>\n<meta property=\"og:title\" content=\"Chocospin Casino Bonos y ofertas especiales\" \/>\n<meta property=\"og:description\" content=\"Descubre bonificaciones exclusivas en Chocospin Casino, incluyendo generosas ofertas de bienvenida, recompensas por dep\u00f3sito, promociones continuas y emocionantes torneos. Accede f\u00e1cilmente a todos los t\u00e9rminos y condiciones de las bonificaciones y a las instrucciones para reclamarlas en un solo lugar.\" \/>\n<meta property=\"og:url\" content=\"https:\/\/choco-spin.com\/es\/bonificacion\/\" \/>\n<meta property=\"og:site_name\" content=\"chocospin\" \/>\n<meta property=\"article:modified_time\" content=\"2026-02-19T08:54:14+00:00\" \/>\n<meta name=\"twitter:card\" content=\"summary_large_image\" \/>\n<meta name=\"twitter:label1\" content=\"Est. reading time\" \/>\n\t<meta name=\"twitter:data1\" content=\"1 minute\" \/>\n<script type=\"application\/ld+json\" class=\"yoast-schema-graph\">{\"@context\":\"https:\\\/\\\/schema.org\",\"@graph\":[{\"@type\":\"WebPage\",\"@id\":\"https:\\\/\\\/choco-spin.com\\\/es\\\/bonificacion\\\/\",\"url\":\"https:\\\/\\\/choco-spin.com\\\/es\\\/bonificacion\\\/\",\"name\":\"Chocospin Casino Bonos y ofertas especiales\",\"isPartOf\":{\"@id\":\"https:\\\/\\\/choco-spin.com\\\/es\\\/#website\"},\"datePublished\":\"2026-02-18T14:07:10+00:00\",\"dateModified\":\"2026-02-19T08:54:14+00:00\",\"description\":\"Descubre bonificaciones exclusivas en Chocospin Casino, incluyendo generosas ofertas de bienvenida, recompensas por dep\u00f3sito, promociones continuas y emocionantes torneos. Accede f\u00e1cilmente a todos los t\u00e9rminos y condiciones de las bonificaciones y a las instrucciones para reclamarlas en un solo lugar.\",\"breadcrumb\":{\"@id\":\"https:\\\/\\\/choco-spin.com\\\/es\\\/bonificacion\\\/#breadcrumb\"},\"inLanguage\":\"es-ES\",\"potentialAction\":[{\"@type\":\"ReadAction\",\"target\":[\"https:\\\/\\\/choco-spin.com\\\/es\\\/bonificacion\\\/\"]}]},{\"@type\":\"BreadcrumbList\",\"@id\":\"https:\\\/\\\/choco-spin.com\\\/es\\\/bonificacion\\\/#breadcrumb\",\"itemListElement\":[{\"@type\":\"ListItem\",\"position\":1,\"name\":\"Chocospin\",\"item\":\"https:\\\/\\\/choco-spin.com\\\/es\\\/\"},{\"@type\":\"ListItem\",\"position\":2,\"name\":\"Bonificaci\u00f3n\"}]},{\"@type\":\"WebSite\",\"@id\":\"https:\\\/\\\/choco-spin.com\\\/es\\\/#website\",\"url\":\"https:\\\/\\\/choco-spin.com\\\/es\\\/\",\"name\":\"Chocospin\",\"description\":\"\",\"publisher\":{\"@id\":\"https:\\\/\\\/choco-spin.com\\\/es\\\/#organization\"},\"potentialAction\":[{\"@type\":\"SearchAction\",\"target\":{\"@type\":\"EntryPoint\",\"urlTemplate\":\"https:\\\/\\\/choco-spin.com\\\/es\\\/?s={search_term_string}\"},\"query-input\":{\"@type\":\"PropertyValueSpecification\",\"valueRequired\":true,\"valueName\":\"search_term_string\"}}],\"inLanguage\":\"es-ES\"},{\"@type\":\"Organization\",\"@id\":\"https:\\\/\\\/choco-spin.com\\\/es\\\/#organization\",\"name\":\"Chocospin\",\"url\":\"https:\\\/\\\/choco-spin.com\\\/es\\\/\",\"logo\":{\"@type\":\"ImageObject\",\"inLanguage\":\"es-ES\",\"@id\":\"https:\\\/\\\/choco-spin.com\\\/es\\\/#\\\/schema\\\/logo\\\/image\\\/\",\"url\":\"https:\\\/\\\/choco-spin.com\\\/wp-content\\\/uploads\\\/2026\\\/02\\\/Chocospin-logo-Desktop.png\",\"contentUrl\":\"https:\\\/\\\/choco-spin.com\\\/wp-content\\\/uploads\\\/2026\\\/02\\\/Chocospin-logo-Desktop.png\",\"width\":123,\"height\":20,\"caption\":\"Chocospin\"},\"image\":{\"@id\":\"https:\\\/\\\/choco-spin.com\\\/es\\\/#\\\/schema\\\/logo\\\/image\\\/\"}}]}<\/script>\n<!-- \/ Yoast SEO plugin. -->","yoast_head_json":{"title":"Chocospin Casino Bonos y ofertas especiales","description":"Descubre bonificaciones exclusivas en Chocospin Casino, incluyendo generosas ofertas de bienvenida, recompensas por dep\u00f3sito, promociones continuas y emocionantes torneos. Accede f\u00e1cilmente a todos los t\u00e9rminos y condiciones de las bonificaciones y a las instrucciones para reclamarlas en un solo lugar.","robots":{"index":"index","follow":"follow","max-snippet":"max-snippet:-1","max-image-preview":"max-image-preview:large","max-video-preview":"max-video-preview:-1"},"canonical":"https:\/\/choco-spin.com\/es\/bonificacion\/","og_locale":"es_ES","og_type":"article","og_title":"Chocospin Casino Bonos y ofertas especiales","og_description":"Descubre bonificaciones exclusivas en Chocospin Casino, incluyendo generosas ofertas de bienvenida, recompensas por dep\u00f3sito, promociones continuas y emocionantes torneos. Accede f\u00e1cilmente a todos los t\u00e9rminos y condiciones de las bonificaciones y a las instrucciones para reclamarlas en un solo lugar.","og_url":"https:\/\/choco-spin.com\/es\/bonificacion\/","og_site_name":"chocospin","article_modified_time":"2026-02-19T08:54:14+00:00","twitter_card":"summary_large_image","twitter_misc":{"Est. reading time":"1 minute"},"schema":{"@context":"https:\/\/schema.org","@graph":[{"@type":"WebPage","@id":"https:\/\/choco-spin.com\/es\/bonificacion\/","url":"https:\/\/choco-spin.com\/es\/bonificacion\/","name":"Chocospin Casino Bonos y ofertas especiales","isPartOf":{"@id":"https:\/\/choco-spin.com\/es\/#website"},"datePublished":"2026-02-18T14:07:10+00:00","dateModified":"2026-02-19T08:54:14+00:00","description":"Descubre bonificaciones exclusivas en Chocospin Casino, incluyendo generosas ofertas de bienvenida, recompensas por dep\u00f3sito, promociones continuas y emocionantes torneos. Accede f\u00e1cilmente a todos los t\u00e9rminos y condiciones de las bonificaciones y a las instrucciones para reclamarlas en un solo lugar.","breadcrumb":{"@id":"https:\/\/choco-spin.com\/es\/bonificacion\/#breadcrumb"},"inLanguage":"es-ES","potentialAction":[{"@type":"ReadAction","target":["https:\/\/choco-spin.com\/es\/bonificacion\/"]}]},{"@type":"BreadcrumbList","@id":"https:\/\/choco-spin.com\/es\/bonificacion\/#breadcrumb","itemListElement":[{"@type":"ListItem","position":1,"name":"Chocospin","item":"https:\/\/choco-spin.com\/es\/"},{"@type":"ListItem","position":2,"name":"Bonificaci\u00f3n"}]},{"@type":"WebSite","@id":"https:\/\/choco-spin.com\/es\/#website","url":"https:\/\/choco-spin.com\/es\/","name":"Chocospin","description":"","publisher":{"@id":"https:\/\/choco-spin.com\/es\/#organization"},"potentialAction":[{"@type":"SearchAction","target":{"@type":"EntryPoint","urlTemplate":"https:\/\/choco-spin.com\/es\/?s={search_term_string}"},"query-input":{"@type":"PropertyValueSpecification","valueRequired":true,"valueName":"search_term_string"}}],"inLanguage":"es-ES"},{"@type":"Organization","@id":"https:\/\/choco-spin.com\/es\/#organization","name":"Chocospin","url":"https:\/\/choco-spin.com\/es\/","logo":{"@type":"ImageObject","inLanguage":"es-ES","@id":"https:\/\/choco-spin.com\/es\/#\/schema\/logo\/image\/","url":"https:\/\/choco-spin.com\/wp-content\/uploads\/2026\/02\/Chocospin-logo-Desktop.png","contentUrl":"https:\/\/choco-spin.com\/wp-content\/uploads\/2026\/02\/Chocospin-logo-Desktop.png","width":123,"height":20,"caption":"Chocospin"},"image":{"@id":"https:\/\/choco-spin.com\/es\/#\/schema\/logo\/image\/"}}]}},"_links":{"self":[{"href":"https:\/\/choco-spin.com\/es\/wp-json\/wp\/v2\/pages\/1455","targetHints":{"allow":["GET"]}}],"collection":[{"href":"https:\/\/choco-spin.com\/es\/wp-json\/wp\/v2\/pages"}],"about":[{"href":"https:\/\/choco-spin.com\/es\/wp-json\/wp\/v2\/types\/page"}],"author":[{"embeddable":true,"href":"https:\/\/choco-spin.com\/es\/wp-json\/wp\/v2\/users\/1"}],"replies":[{"embeddable":true,"href":"https:\/\/choco-spin.com\/es\/wp-json\/wp\/v2\/comments?post=1455"}],"version-history":[{"count":2,"href":"https:\/\/choco-spin.com\/es\/wp-json\/wp\/v2\/pages\/1455\/revisions"}],"predecessor-version":[{"id":2033,"href":"https:\/\/choco-spin.com\/es\/wp-json\/wp\/v2\/pages\/1455\/revisions\/2033"}],"wp:attachment":[{"href":"https:\/\/choco-spin.com\/es\/wp-json\/wp\/v2\/media?parent=1455"}],"curies":[{"name":"wp","href":"https:\/\/api.w.org\/{rel}","templated":true}]}}