{"id":1441,"date":"2026-02-18T13:53:57","date_gmt":"2026-02-18T13:53:57","guid":{"rendered":"https:\/\/choco-spin.com\/app\/"},"modified":"2026-02-19T09:01:17","modified_gmt":"2026-02-19T09:01:17","slug":"aplicacion","status":"publish","type":"page","link":"https:\/\/choco-spin.com\/es\/aplicacion\/","title":{"rendered":"Aplicaci\u00f3n"},"content":{"rendered":"<h1>Choco Spin en dispositivos m\u00f3viles<\/h1>\n<p>La Chocospin app es una moderna plataforma digital que ofrece una experiencia inigualable para jugar a juegos de casino online en el m\u00f3vil. La aplicaci\u00f3n se ha desarrollado teniendo en cuenta la facilidad de uso y el rendimiento, para que los jugadores espa\u00f1oles tengan la oportunidad de jugar a sus juegos favoritos, est\u00e9n donde est\u00e9n.<\/p>\n<p>Nuestra plataforma est\u00e1 disponible en tel\u00e9fonos inteligentes, tabletas, ordenadores y cualquier otro dispositivo port\u00e1til. Nuestros usuarios disfrutan de las innovadoras funciones que proporcionan una experiencia de juego profesional. La aplicaci\u00f3n Choco Spin es una combinaci\u00f3n de velocidad, seguridad y comodidad. Invitamos a los aficionados ocasionales y a los entusiastas de los juegos a que la prueben.<\/p>\n<div class=\"banner-wrap\" aria-label=\"Banner\"><img src=\"https:\/\/choco-spin.com\/wp-content\/uploads\/2026\/02\/Chocospin-banner-desktop.webp\" class=\"w-100 d-none d-lg-block img-pc main-banner-img\" alt=\"Chocospin banner desktop\" fetchpriority=\"high\" decoding=\"async\"><img src=\"https:\/\/choco-spin.com\/wp-content\/uploads\/2026\/02\/Chocospin-Banner-mobile.webp\" class=\"w-100 d-none d-md-block d-lg-none main-banner-img\" alt=\"Chocospin Banner mobile\" fetchpriority=\"high\" decoding=\"async\"><img src=\"https:\/\/choco-spin.com\/wp-content\/uploads\/2026\/02\/Chocospin-Banner-mobile.webp\" class=\"w-100 d-md-none\" alt=\"Chocospin Banner mobile\" fetchpriority=\"high\" decoding=\"async\"><div class=\"banner-description\">\n<div class=\"banner-title\">Bonos de bienvenida<\/div>\n<p class=\"banner-header-title\">\u20ac1500<\/p>\n<div class=\"banner-header-AdditionalText\">+ 150 Tiradas gratis<\/div>\n<button data-item=\"homepage_banner_link\" class=\"goto m-button m-gradient-border m-button--primary m-button--large banner-button btn-orange\">\n            <div class=\"m-button-content\">\n                <span>Reg\u00edstrate ahora<\/span>\n                <span><\/span>\n            <\/div>\n        <\/button>\n<\/div>\n<div class=\"WelcomePack\">\n<p><img loading=\"lazy\" decoding=\"async\" class=\"alignnone size-full wp-image-1389\" src=\"https:\/\/choco-spin.com\/wp-content\/uploads\/2026\/02\/welcome-crown.png\" alt=\"welcome crown\" width=\"25\" height=\"26\" \/><\/p>\n<div class=\"WelcomePack-Info\">Reembolso semanal de hasta el 25 %<\/div>\n<p><img loading=\"lazy\" decoding=\"async\" class=\"alignnone size-full wp-image-1389\" src=\"https:\/\/choco-spin.com\/wp-content\/uploads\/2026\/02\/welcome-crown.png\" alt=\"welcome crown\" width=\"25\" height=\"26\" \/><\/p>\n<\/div>\n<\/div>\n<h2>Acceso m\u00f3vil a Chocospin<\/h2>\n<p>Chocospin Casino ofrece varias opciones de acceso m\u00f3vil para adaptarse a las necesidades de los distintos usuarios en cuanto a dispositivos y capacidades. Estas alternativas son ideales para garantizar el mejor rendimiento, seguridad y experiencia a los usuarios de la plataforma Choco Spin.<\/p>\n<p>\u00bfPor qu\u00e9 elegir el m\u00f3vil en lugar del ordenador?<\/p>\n<ul>\n<li>Permite a los jugadores disfrutar c\u00f3modamente de tragamonedas online, juegos con crupier en vivo, colecciones de libros y otras ofertas de Chocospin.<\/li>\n<li>Proporciona una soluci\u00f3n m\u00f3vil r\u00e1pida, probada y f\u00e1cil de usar.<\/li>\n<li>Garantizar una experiencia de juego fluida en un tel\u00e9fono m\u00f3vil o desde la comodidad del hogar.<\/li>\n<\/ul>\n<p>La aplicaci\u00f3n Chocospin tiene una amplia gama de ventajas en comparaci\u00f3n con jugar en un PC. La plataforma m\u00f3vil est\u00e1 optimizada para funcionar bien y ser receptiva, cargar r\u00e1pidamente y tener una navegaci\u00f3n simplificada. Ofrece acceso inmediato a toda la gama de funciones del casino sin necesidad de configuraciones o actualizaciones extensas.<\/p>\n<p><div class=\"scrollable-content-wrap my-5\"><div class=\"scrollable-content-inner\"><h2>Aplicaci\u00f3n Chocospin para iOS<\/h2>\n<p>La aplicaci\u00f3n Chocospin para iOS satisface las necesidades de los usuarios de dispositivos Apple. Hemos dedicado mucho tiempo a implementar una PWA de calidad para ofrecer un entorno de juego fluido y f\u00e1cil de usar. La versi\u00f3n para iOS est\u00e1 optimizada para ser segura y ofrece un buen rendimiento con altas velocidades de carga y un funcionamiento fiable. La aplicaci\u00f3n tiene gr\u00e1ficos de alta calidad y puedes controlar tu panel de control en el iPhone y el iPad. Sin duda disfrutar\u00e1s del ambiente profesional para jugar a las tragamonedas online y a los juegos con crupier en vivo de Choco Spin. Las actualizaciones peri\u00f3dicas mejoran el rendimiento y a\u00f1aden nuevas funciones, lo que mantiene la aplicaci\u00f3n a la vanguardia de los juegos para m\u00f3viles.<\/p>\n<p><img loading=\"lazy\" decoding=\"async\" class=\"alignnone wp-image-1442 size-full\" src=\"https:\/\/choco-spin.com\/wp-content\/uploads\/Chocospin-iOS-App.webp\" alt=\"\" width=\"1248\" height=\"536\" srcset=\"https:\/\/choco-spin.com\/wp-content\/uploads\/Chocospin-iOS-App.webp 1248w, https:\/\/choco-spin.com\/wp-content\/uploads\/Chocospin-iOS-App-300x129.webp 300w, https:\/\/choco-spin.com\/wp-content\/uploads\/Chocospin-iOS-App-1024x440.webp 1024w, https:\/\/choco-spin.com\/wp-content\/uploads\/Chocospin-iOS-App-768x330.webp 768w\" sizes=\"auto, (max-width: 1248px) 100vw, 1248px\" \/><\/p>\n<\/div><\/div><div style=\"clear: both\"><\/div><div class=\"d-flex justify-content-center\"><button data-item=\"decouvrez_link\" data-group=\"website_links\" class=\"goto fw-bold rounded-pill btn btn-orange\" aria-label=\"Descarga la aplicaci\u00f3n Chocospin\" >Descarga la aplicaci\u00f3n Chocospin<\/button><\/div><div class=\"scrollable-content-wrap my-5\"><div class=\"scrollable-content-inner\"><h2>Aplicaci\u00f3n Chocospin para Android<\/h2>\n<p>La versi\u00f3n para Android de la aplicaci\u00f3n Chocospin es una aplicaci\u00f3n web progresiva (PWA), con una plataforma de juego simplificada y universal. Funciona con una gran variedad de smartphones y tabletas Android. Te sorprender\u00e1 por su rendimiento estable y sus gr\u00e1ficos de calidad.<\/p>\n<p>La aplicaci\u00f3n para Android es f\u00e1cil de instalar y se actualiza autom\u00e1ticamente en segundo plano, por lo que no es necesario instalarla ni actualizarla manualmente. Es muy r\u00e1pida gracias a su interfaz intuitiva, que permite a los jugadores acceder f\u00e1cilmente a las categor\u00edas de juegos, promociones y gesti\u00f3n de cuentas, para que puedan disfrutar sin inconvenientes de las \u00faltimas ofertas del casino Chocospin.<\/p>\n<h3>PWA<\/h3>\n<p>Los jugadores de Choco Spin Casino prefieren nuestra ligera aplicaci\u00f3n web progresiva. Ofrece acceso inmediato sin necesidad de descargas. Es una combinaci\u00f3n de un sitio web y una aplicaci\u00f3n personalizada, lo que significa que se carga r\u00e1pidamente y es receptiva. La PWA se puede utilizar en todos los navegadores actuales, que ofrecen una plataforma segura para el juego. Incluye toda la variedad de funciones de Chocospin Casino, como el servicio de chat en vivo, las opciones de juego responsable y el acceso al proceso de verificaci\u00f3n. Esta alternativa es perfecta para los jugadores que desean acceder a la plataforma Choco Spin Casino. Nuestra aplicaci\u00f3n Chocospin es una forma r\u00e1pida y c\u00f3moda y no requiere necesariamente almacenamiento adicional.<\/p>\n<p>La PWA es una mejora con respecto a los archivos APK de Chocospin, ya que se actualiza autom\u00e1ticamente y es m\u00e1s estable. El cambio a PWA facilita el acceso, minimiza los posibles problemas de seguridad y la hace compatible con los est\u00e1ndares recientes de los navegadores Android.<\/p>\n<table>\n<tbody>\n<tr>\n<td>Software<\/td>\n<td>M\u00e9todo de acceso<\/td>\n<td>Requisitos de almacenamiento<\/td>\n<td>Procedimiento de actualizaci\u00f3n<\/td>\n<td>Ventaja principal<\/td>\n<\/tr>\n<tr>\n<td>PWA (iOS\/Android)<\/td>\n<td>Navegador (Safari, Chrome, etc.)<\/td>\n<td>Muy bajo\/m\u00ednimo (carga din\u00e1mica)<\/td>\n<td>Se actualiza autom\u00e1ticamente<\/td>\n<td>Acceso r\u00e1pido, sin dependencia de la tienda de aplicaciones, integraci\u00f3n fluida<\/td>\n<\/tr>\n<tr>\n<td>APK<\/td>\n<td>Descarga desde el sitio web<\/td>\n<td>Requiere espacio de almacenamiento para el APK<\/td>\n<td>Descarga manual para actualizaciones<\/td>\n<td>Instalaci\u00f3n fuera de las tiendas de aplicaciones<\/td>\n<\/tr>\n<tr>\n<td>Windows\/Mac<\/td>\n<td>Aplicaciones de escritorio<\/td>\n<td>El almacenamiento local var\u00eda<\/td>\n<td>No es necesario<\/td>\n<td>Optimizado para pantallas m\u00e1s grandes con funciones mejoradas<\/td>\n<\/tr>\n<\/tbody>\n<\/table>\n<p><img loading=\"lazy\" decoding=\"async\" class=\"alignnone wp-image-2023 size-full\" src=\"https:\/\/choco-spin.com\/wp-content\/uploads\/Chocospin-Android-App.webp\" alt=\"\" width=\"1248\" height=\"536\" srcset=\"https:\/\/choco-spin.com\/wp-content\/uploads\/Chocospin-Android-App.webp 1248w, https:\/\/choco-spin.com\/wp-content\/uploads\/Chocospin-Android-App-300x129.webp 300w, https:\/\/choco-spin.com\/wp-content\/uploads\/Chocospin-Android-App-1024x440.webp 1024w, https:\/\/choco-spin.com\/wp-content\/uploads\/Chocospin-Android-App-768x330.webp 768w\" sizes=\"auto, (max-width: 1248px) 100vw, 1248px\" \/><\/p>\n<\/div><\/div><div style=\"clear: both\"><\/div><div class=\"d-flex justify-content-center\"><button data-item=\"decouvrez_link\" data-group=\"website_links\" class=\"goto fw-bold rounded-pill btn btn-orange\" aria-label=\"Descargar Chocospin\" >Descargar Chocospin<\/button><\/div><div class=\"scrollable-content-wrap my-5\"><div class=\"scrollable-content-inner\"><h2>Aplicaciones para Windows y Mac<\/h2>\n<p>Chocospin Casino ofrece aplicaciones para Windows y macOS, adecuadas para los jugadores que prefieren los juegos de escritorio. Ofrecen una vista panor\u00e1mica completa del entorno del casino e incluyen gr\u00e1ficos de alta resoluci\u00f3n y funciones avanzadas, tal y como se encuentra en estas versiones de escritorio. Est\u00e1n disponibles en pantallas m\u00e1s grandes y ofrecen una experiencia de juego perfecta, especialmente en los juegos con crupier en vivo: parece que el crupier est\u00e1 justo a tu lado y est\u00e1s disfrutando de tu experiencia en Las Vegas y de apuestas m\u00e1s complicadas. Otras especificaciones son el soporte por chat en vivo, la verificaci\u00f3n instant\u00e1nea de la cuenta y la f\u00e1cil navegaci\u00f3n, lo que lo convierte en una plataforma de juego completa que compite con las plataformas online tradicionales.<\/p>\n<p><img loading=\"lazy\" decoding=\"async\" class=\"alignnone wp-image-2024 size-full\" src=\"https:\/\/choco-spin.com\/wp-content\/uploads\/Chocospin-Desktop.webp\" alt=\"Chocospin Desktop\" width=\"1248\" height=\"536\" srcset=\"https:\/\/choco-spin.com\/wp-content\/uploads\/Chocospin-Desktop.webp 1248w, https:\/\/choco-spin.com\/wp-content\/uploads\/Chocospin-Desktop-300x129.webp 300w, https:\/\/choco-spin.com\/wp-content\/uploads\/Chocospin-Desktop-1024x440.webp 1024w, https:\/\/choco-spin.com\/wp-content\/uploads\/Chocospin-Desktop-768x330.webp 768w\" sizes=\"auto, (max-width: 1248px) 100vw, 1248px\" \/><\/p>\n<\/div><\/div><div style=\"clear: both\"><\/div><div class=\"d-flex justify-content-center\"><button data-item=\"decouvrez_link\" data-group=\"website_links\" class=\"goto fw-bold rounded-pill btn btn-orange\" aria-label=\"Descarga la aplicaci\u00f3n Chocospin\" >Descarga la aplicaci\u00f3n Chocospin<\/button><\/div><div class=\"scrollable-content-wrap my-5\"><div class=\"scrollable-content-inner\"><h2>Preguntas frecuentes<\/h2>\n<h3>\u00bfEs necesario crear una cuenta para utilizar la aplicaci\u00f3n Choco Spin?<\/h3>\n<p>S\u00ed, es importante para nuestro casino m\u00f3vil. Los jugadores online deben registrarse y verificar su identidad para acceder a todas las funciones de Chocospin Casino. Despu\u00e9s del registro, podr\u00e1s disfrutar de todo: tus tragamonedas online, juegos con crupier en vivo y bonificaciones. Una cuenta gratuita permite realizar compras seguras, acceder a promociones y contactar con el equipo de asistencia siempre que sea necesario.<\/p>\n<h3>\u00bfLa aplicaci\u00f3n Choco Spin Casino ofrece atenci\u00f3n al cliente?<\/h3>\n<p>La aplicaci\u00f3n Chocospin cuenta con un equipo de asistencia dedicado al que se puede acceder a trav\u00e9s del chat en vivo y el correo electr\u00f3nico, entre otros medios de comunicaci\u00f3n. Esto permite una respuesta r\u00e1pida a los problemas t\u00e9cnicos, la verificaci\u00f3n de cuentas y las solicitudes generales, lo que garantiza un proceso de juego ininterrumpido.<\/p>\n<h3>\u00bfC\u00f3mo se actualiza la aplicaci\u00f3n Chocospin Casino?<\/h3>\n<p>La aplicaci\u00f3n ya no se mantiene manualmente, por lo que hay nuevos juegos y actualizaciones disponibles continuamente. No es necesario hacer nada manualmente, ya que la aplicaci\u00f3n Chocospin se actualiza sola, por lo que no hay que preocuparse por esta parte.<\/p>\n<\/div><\/div><\/p>\n","protected":false},"excerpt":{"rendered":"<p>Choco Spin en dispositivos m\u00f3viles La Chocospin app es una moderna plataforma digital que ofrece una experiencia inigualable para jugar a juegos de casino online en el m\u00f3vil. La aplicaci\u00f3n se ha desarrollado teniendo en cuenta la facilidad de uso y el rendimiento, para que los jugadores espa\u00f1oles tengan la oportunidad de jugar a sus [&hellip;]<\/p>\n","protected":false},"author":1,"featured_media":0,"parent":0,"menu_order":0,"comment_status":"closed","ping_status":"closed","template":"template-builder.php","meta":{"_acf_changed":false,"inline_featured_image":false,"footnotes":""},"class_list":["post-1441","page","type-page","status-publish","hentry"],"acf":[],"yoast_head":"<!-- This site is optimized with the Yoast SEO plugin v27.3 - https:\/\/yoast.com\/product\/yoast-seo-wordpress\/ -->\n<title>Chocospin app Descargar | iOS y Android<\/title>\n<meta name=\"description\" content=\"La aplicaci\u00f3n Chocospin garantiza una experiencia de juego impecable en las plataformas Android, iOS, Windows y macOS, con sincronizaci\u00f3n de cuentas, actualizaciones peri\u00f3dicas y asistencia al cliente integrada para facilitar su uso.\" \/>\n<meta name=\"robots\" content=\"index, follow, max-snippet:-1, max-image-preview:large, max-video-preview:-1\" \/>\n<link rel=\"canonical\" href=\"https:\/\/choco-spin.com\/es\/aplicacion\/\" \/>\n<meta property=\"og:locale\" content=\"es_ES\" \/>\n<meta property=\"og:type\" content=\"article\" \/>\n<meta property=\"og:title\" content=\"Chocospin app Descargar | iOS y Android\" \/>\n<meta property=\"og:description\" content=\"La aplicaci\u00f3n Chocospin garantiza una experiencia de juego impecable en las plataformas Android, iOS, Windows y macOS, con sincronizaci\u00f3n de cuentas, actualizaciones peri\u00f3dicas y asistencia al cliente integrada para facilitar su uso.\" \/>\n<meta property=\"og:url\" content=\"https:\/\/choco-spin.com\/es\/aplicacion\/\" \/>\n<meta property=\"og:site_name\" content=\"chocospin\" \/>\n<meta property=\"article:modified_time\" content=\"2026-02-19T09:01:17+00:00\" \/>\n<meta name=\"twitter:card\" content=\"summary_large_image\" \/>\n<meta name=\"twitter:label1\" content=\"Est. reading time\" \/>\n\t<meta name=\"twitter:data1\" content=\"2 minutes\" \/>\n<script type=\"application\/ld+json\" class=\"yoast-schema-graph\">{\"@context\":\"https:\\\/\\\/schema.org\",\"@graph\":[{\"@type\":\"WebPage\",\"@id\":\"https:\\\/\\\/choco-spin.com\\\/es\\\/aplicacion\\\/\",\"url\":\"https:\\\/\\\/choco-spin.com\\\/es\\\/aplicacion\\\/\",\"name\":\"Chocospin app Descargar | iOS y Android\",\"isPartOf\":{\"@id\":\"https:\\\/\\\/choco-spin.com\\\/es\\\/#website\"},\"datePublished\":\"2026-02-18T13:53:57+00:00\",\"dateModified\":\"2026-02-19T09:01:17+00:00\",\"description\":\"La aplicaci\u00f3n Chocospin garantiza una experiencia de juego impecable en las plataformas Android, iOS, Windows y macOS, con sincronizaci\u00f3n de cuentas, actualizaciones peri\u00f3dicas y asistencia al cliente integrada para facilitar su uso.\",\"breadcrumb\":{\"@id\":\"https:\\\/\\\/choco-spin.com\\\/es\\\/aplicacion\\\/#breadcrumb\"},\"inLanguage\":\"es-ES\",\"potentialAction\":[{\"@type\":\"ReadAction\",\"target\":[\"https:\\\/\\\/choco-spin.com\\\/es\\\/aplicacion\\\/\"]}]},{\"@type\":\"BreadcrumbList\",\"@id\":\"https:\\\/\\\/choco-spin.com\\\/es\\\/aplicacion\\\/#breadcrumb\",\"itemListElement\":[{\"@type\":\"ListItem\",\"position\":1,\"name\":\"Chocospin\",\"item\":\"https:\\\/\\\/choco-spin.com\\\/es\\\/\"},{\"@type\":\"ListItem\",\"position\":2,\"name\":\"Aplicaci\u00f3n\"}]},{\"@type\":\"WebSite\",\"@id\":\"https:\\\/\\\/choco-spin.com\\\/es\\\/#website\",\"url\":\"https:\\\/\\\/choco-spin.com\\\/es\\\/\",\"name\":\"Chocospin\",\"description\":\"\",\"publisher\":{\"@id\":\"https:\\\/\\\/choco-spin.com\\\/es\\\/#organization\"},\"potentialAction\":[{\"@type\":\"SearchAction\",\"target\":{\"@type\":\"EntryPoint\",\"urlTemplate\":\"https:\\\/\\\/choco-spin.com\\\/es\\\/?s={search_term_string}\"},\"query-input\":{\"@type\":\"PropertyValueSpecification\",\"valueRequired\":true,\"valueName\":\"search_term_string\"}}],\"inLanguage\":\"es-ES\"},{\"@type\":\"Organization\",\"@id\":\"https:\\\/\\\/choco-spin.com\\\/es\\\/#organization\",\"name\":\"Chocospin\",\"url\":\"https:\\\/\\\/choco-spin.com\\\/es\\\/\",\"logo\":{\"@type\":\"ImageObject\",\"inLanguage\":\"es-ES\",\"@id\":\"https:\\\/\\\/choco-spin.com\\\/es\\\/#\\\/schema\\\/logo\\\/image\\\/\",\"url\":\"https:\\\/\\\/choco-spin.com\\\/wp-content\\\/uploads\\\/2026\\\/02\\\/Chocospin-logo-Desktop.png\",\"contentUrl\":\"https:\\\/\\\/choco-spin.com\\\/wp-content\\\/uploads\\\/2026\\\/02\\\/Chocospin-logo-Desktop.png\",\"width\":123,\"height\":20,\"caption\":\"Chocospin\"},\"image\":{\"@id\":\"https:\\\/\\\/choco-spin.com\\\/es\\\/#\\\/schema\\\/logo\\\/image\\\/\"}}]}<\/script>\n<!-- \/ Yoast SEO plugin. -->","yoast_head_json":{"title":"Chocospin app Descargar | iOS y Android","description":"La aplicaci\u00f3n Chocospin garantiza una experiencia de juego impecable en las plataformas Android, iOS, Windows y macOS, con sincronizaci\u00f3n de cuentas, actualizaciones peri\u00f3dicas y asistencia al cliente integrada para facilitar su uso.","robots":{"index":"index","follow":"follow","max-snippet":"max-snippet:-1","max-image-preview":"max-image-preview:large","max-video-preview":"max-video-preview:-1"},"canonical":"https:\/\/choco-spin.com\/es\/aplicacion\/","og_locale":"es_ES","og_type":"article","og_title":"Chocospin app Descargar | iOS y Android","og_description":"La aplicaci\u00f3n Chocospin garantiza una experiencia de juego impecable en las plataformas Android, iOS, Windows y macOS, con sincronizaci\u00f3n de cuentas, actualizaciones peri\u00f3dicas y asistencia al cliente integrada para facilitar su uso.","og_url":"https:\/\/choco-spin.com\/es\/aplicacion\/","og_site_name":"chocospin","article_modified_time":"2026-02-19T09:01:17+00:00","twitter_card":"summary_large_image","twitter_misc":{"Est. reading time":"2 minutes"},"schema":{"@context":"https:\/\/schema.org","@graph":[{"@type":"WebPage","@id":"https:\/\/choco-spin.com\/es\/aplicacion\/","url":"https:\/\/choco-spin.com\/es\/aplicacion\/","name":"Chocospin app Descargar | iOS y Android","isPartOf":{"@id":"https:\/\/choco-spin.com\/es\/#website"},"datePublished":"2026-02-18T13:53:57+00:00","dateModified":"2026-02-19T09:01:17+00:00","description":"La aplicaci\u00f3n Chocospin garantiza una experiencia de juego impecable en las plataformas Android, iOS, Windows y macOS, con sincronizaci\u00f3n de cuentas, actualizaciones peri\u00f3dicas y asistencia al cliente integrada para facilitar su uso.","breadcrumb":{"@id":"https:\/\/choco-spin.com\/es\/aplicacion\/#breadcrumb"},"inLanguage":"es-ES","potentialAction":[{"@type":"ReadAction","target":["https:\/\/choco-spin.com\/es\/aplicacion\/"]}]},{"@type":"BreadcrumbList","@id":"https:\/\/choco-spin.com\/es\/aplicacion\/#breadcrumb","itemListElement":[{"@type":"ListItem","position":1,"name":"Chocospin","item":"https:\/\/choco-spin.com\/es\/"},{"@type":"ListItem","position":2,"name":"Aplicaci\u00f3n"}]},{"@type":"WebSite","@id":"https:\/\/choco-spin.com\/es\/#website","url":"https:\/\/choco-spin.com\/es\/","name":"Chocospin","description":"","publisher":{"@id":"https:\/\/choco-spin.com\/es\/#organization"},"potentialAction":[{"@type":"SearchAction","target":{"@type":"EntryPoint","urlTemplate":"https:\/\/choco-spin.com\/es\/?s={search_term_string}"},"query-input":{"@type":"PropertyValueSpecification","valueRequired":true,"valueName":"search_term_string"}}],"inLanguage":"es-ES"},{"@type":"Organization","@id":"https:\/\/choco-spin.com\/es\/#organization","name":"Chocospin","url":"https:\/\/choco-spin.com\/es\/","logo":{"@type":"ImageObject","inLanguage":"es-ES","@id":"https:\/\/choco-spin.com\/es\/#\/schema\/logo\/image\/","url":"https:\/\/choco-spin.com\/wp-content\/uploads\/2026\/02\/Chocospin-logo-Desktop.png","contentUrl":"https:\/\/choco-spin.com\/wp-content\/uploads\/2026\/02\/Chocospin-logo-Desktop.png","width":123,"height":20,"caption":"Chocospin"},"image":{"@id":"https:\/\/choco-spin.com\/es\/#\/schema\/logo\/image\/"}}]}},"_links":{"self":[{"href":"https:\/\/choco-spin.com\/es\/wp-json\/wp\/v2\/pages\/1441","targetHints":{"allow":["GET"]}}],"collection":[{"href":"https:\/\/choco-spin.com\/es\/wp-json\/wp\/v2\/pages"}],"about":[{"href":"https:\/\/choco-spin.com\/es\/wp-json\/wp\/v2\/types\/page"}],"author":[{"embeddable":true,"href":"https:\/\/choco-spin.com\/es\/wp-json\/wp\/v2\/users\/1"}],"replies":[{"embeddable":true,"href":"https:\/\/choco-spin.com\/es\/wp-json\/wp\/v2\/comments?post=1441"}],"version-history":[{"count":3,"href":"https:\/\/choco-spin.com\/es\/wp-json\/wp\/v2\/pages\/1441\/revisions"}],"predecessor-version":[{"id":2039,"href":"https:\/\/choco-spin.com\/es\/wp-json\/wp\/v2\/pages\/1441\/revisions\/2039"}],"wp:attachment":[{"href":"https:\/\/choco-spin.com\/es\/wp-json\/wp\/v2\/media?parent=1441"}],"curies":[{"name":"wp","href":"https:\/\/api.w.org\/{rel}","templated":true}]}}