{"id":1484,"date":"2026-02-18T13:56:10","date_gmt":"2026-02-18T13:56:10","guid":{"rendered":"https:\/\/choco-spin.com\/login-and-registration\/"},"modified":"2026-02-19T06:57:43","modified_gmt":"2026-02-19T06:57:43","slug":"anmeldung-und-registrierung","status":"publish","type":"page","link":"https:\/\/choco-spin.com\/de\/anmeldung-und-registrierung\/","title":{"rendered":"Anmeldung und Registrierung"},"content":{"rendered":"<h1>Chocospin Anmeldung, Registrierung und Kontoverwaltung<\/h1>\n<p>Die Chocospin Login bietet einfachen Zugang zu unserem besten Online-Casino und eine sichere, benutzerfreundliche Umgebung f\u00fcr alle Spielbegeisterten. Chocospin Casino verf\u00fcgt \u00fcber ausgefeilte Sicherheitsma\u00dfnahmen und ein Kontoverwaltungssystem, was es zu einer interaktiven und sicheren Spielplattform f\u00fcr alle Benutzer macht.<\/p>\n<p><div class=\"banner-wrap\" aria-label=\"Banner\"><img src=\"https:\/\/choco-spin.com\/wp-content\/uploads\/2026\/02\/Chocospin-banner-desktop.webp\" class=\"w-100 d-none d-lg-block img-pc main-banner-img\" alt=\"Chocospin banner desktop\" fetchpriority=\"high\" decoding=\"async\"><img src=\"https:\/\/choco-spin.com\/wp-content\/uploads\/2026\/02\/Chocospin-Banner-mobile.webp\" class=\"w-100 d-none d-md-block d-lg-none main-banner-img\" alt=\"Chocospin Banner mobile\" fetchpriority=\"high\" decoding=\"async\"><img src=\"https:\/\/choco-spin.com\/wp-content\/uploads\/2026\/02\/Chocospin-Banner-mobile.webp\" class=\"w-100 d-md-none\" alt=\"Chocospin Banner mobile\" fetchpriority=\"high\" decoding=\"async\"><div class=\"banner-description\">\n<div class=\"banner-title\">Willkommensboni<\/div>\n<p class=\"banner-header-title\">\u20ac1500<\/p>\n<div class=\"banner-header-AdditionalText\">+ 150 Freispiele<\/div>\n<button data-item=\"homepage_banner_link\" class=\"goto m-button m-gradient-border m-button--primary m-button--large banner-button btn-orange\">\n            <div class=\"m-button-content\">\n                <span>Jetzt anmelden<\/span>\n                <span><\/span>\n            <\/div>\n        <\/button>\n<\/div>\n<div class=\"WelcomePack\">\n<p><img loading=\"lazy\" decoding=\"async\" class=\"alignnone size-full wp-image-1389\" src=\"https:\/\/choco-spin.com\/wp-content\/uploads\/2026\/02\/welcome-crown.png\" alt=\"welcome crown\" width=\"25\" height=\"26\" \/><\/p>\n<div class=\"WelcomePack-Info\">W\u00f6chentlicher Cashback von bis zu 25 %<\/div>\n<p><img loading=\"lazy\" decoding=\"async\" class=\"alignnone size-full wp-image-1389\" src=\"https:\/\/choco-spin.com\/wp-content\/uploads\/2026\/02\/welcome-crown.png\" alt=\"welcome crown\" width=\"25\" height=\"26\" \/><\/p>\n<\/div>\n<\/div><div class=\"scrollable-content-wrap my-5\"><div class=\"scrollable-content-inner\"><h2>Choco Spin Registrierung f\u00fcr neue Benutzer<\/h2>\n<p>Die Er\u00f6ffnung eines neuen Kontos bei Chocospin Casino er\u00f6ffnet Ihnen eine Welt voller M\u00f6glichkeiten, die Ihnen zu einem besseren Spielerlebnis verhelfen. Neukunden erhalten nach ihrer ersten Anmeldung bei Chocospin einen gro\u00dfz\u00fcgigen Willkommensbonus von 1.500 \u20ac mit 250 Freispielen und der Chance, in unseren regelm\u00e4\u00dfigen Choco Spin-Turnieren noch mehr zu gewinnen. Wir bieten enorme Einzahlungsboni und Freispiele sowie die Teilnahmeberechtigung f\u00fcr Sonderangebote und Turniere f\u00fcr alle.<\/p>\n<p>Au\u00dferdem haben Sie nach der Registrierung Zugang zu unserem Treueprogramm, bei dem Sie durch regelm\u00e4\u00dfiges Spielen Punkte gegen Boni oder Geldpreise einl\u00f6sen k\u00f6nnen. Nach dem Login bei Chocospin wird Ihr eigenes Profil angezeigt, sodass Sie Ihr Konto, Ein- und Auszahlungen ganz einfach verwalten k\u00f6nnen.<\/p>\n<h3>Erstellen Sie Ihr Konto<\/h3>\n<p>Aber wie schlie\u00dft man die Registrierung bei Chocospin ab? Ist das schwierig? Ganz und gar nicht.<\/p>\n<p>Die Erstellung eines Kontos bei Chocospin Casino ist ganz einfach und auf Effizienz und Sicherheit ausgelegt. Die Registrierung erfolgt in folgenden Schritten:<\/p>\n<ol>\n<li>Suchen Sie die Schaltfl\u00e4che \u201eAnmelden\u201c, die in der Regel auf der Startseite zu finden ist.<\/li>\n<li>F\u00fcllen Sie das Registrierungsformular mit den richtigen pers\u00f6nlichen Daten aus, wie z. B. Ihrer E-Mail-Adresse und einem Passwort Ihrer Wahl. F\u00fcr den zuk\u00fcnftigen Verifizierungsprozess und Auszahlungen m\u00fcssen korrekte Angaben gemacht werden.<\/li>\n<li>Stellen Sie sicher, dass Sie vollj\u00e4hrig sind, indem Sie das entsprechende K\u00e4stchen ankreuzen, und best\u00e4tigen Sie, dass Sie die Allgemeinen Gesch\u00e4ftsbedingungen von Chocospin Casino akzeptieren.<\/li>\n<li>Sie sollten eine Nachricht \u00fcber die Verifizierung durch Chocospin in Ihrem E-Mail-Posteingang erhalten. Klicken Sie auf den Link in der E-Mail und aktivieren Sie Ihr Konto.<\/li>\n<li>Nach der Best\u00e4tigung geben Sie erneut Ihre E-Mail-Adresse und Ihr Passwort ein und haben dann direkten Zugriff auf alle Funktionen der Chocospin Casino Plattform.<\/li>\n<\/ol>\n<p>Beginnen Sie mit dem Spielen der zahlreichen verf\u00fcgbaren Spiele und genie\u00dfen Sie die verf\u00fcgbaren Boni.<\/p>\n<h2>Verwalten eines Chocospin-Kontos<\/h2>\n<p>Es ist auch ganz einfach, sich bei Ihrem Chocospin-Konto anzumelden und Sie werden mit einem umfangreichen Dashboard begr\u00fc\u00dft, \u00fcber das Sie alle Bereiche Ihres Spielprofils verwalten k\u00f6nnen. So f\u00fchren Sie Ihre erste Anmeldung bei Chocospin durch:<\/p>\n<ol>\n<li>Klicken Sie auf der Chocospin Casino Website oben rechts auf die Schaltfl\u00e4che \u201eAnmelden\u201c.<\/li>\n<li>Geben Sie Ihre registrierte E-Mail-Adresse und Ihr Passwort ein und halten Sie Ihre Chocospin-Anmeldedaten bereit.<\/li>\n<li>Sobald Sie sich erfolgreich angemeldet haben, gelangen Sie zu Ihrem Konto-Dashboard, das eine Vielzahl von Optionen enth\u00e4lt.<\/li>\n<\/ol>\n<p>Was k\u00f6nnen Sie in Ihrem Konto tun?<\/p>\n<table>\n<tbody>\n<tr>\n<td>Funktion<\/td>\n<td>Beschreibung<\/td>\n<\/tr>\n<tr>\n<td>Sichere Geldtransaktionen<\/td>\n<td>Sicheres Ein- und Auszahlen von Geld \u00fcber verschiedene Zahlungsmethoden.<\/td>\n<\/tr>\n<tr>\n<td>Verbessertes Spielpotenzial<\/td>\n<td>L\u00f6sen Sie Boni und Aktionscodes ein, um Ihr Spielerlebnis zu verbessern.<\/td>\n<\/tr>\n<tr>\n<td>Transaktions- und Spielverfolgung<\/td>\n<td>Zeigen Sie vergangene Transaktionen an und verfolgen Sie Spiele.<\/td>\n<\/tr>\n<tr>\n<td>Verwaltung pers\u00f6nlicher Daten<\/td>\n<td>\u00c4ndern Sie Ihre pers\u00f6nlichen Daten, einschlie\u00dflich Kontaktinformationen und Zahlungsdetails.<\/td>\n<\/tr>\n<tr>\n<td>Kontosicherheit<\/td>\n<td>Aktivieren oder deaktivieren Sie die Zwei-Faktor-Authentifizierung (2FA) f\u00fcr zus\u00e4tzliche Sicherheit.<\/td>\n<\/tr>\n<tr>\n<td>Treue- und VIP-Programme<\/td>\n<td>Nehmen Sie an exklusiven Treueprogrammen und unserem VIP-Club teil, um zus\u00e4tzliche Pr\u00e4mien und Vorteile zu erhalten.<\/td>\n<\/tr>\n<tr>\n<td>Genie\u00dfen Sie eine benutzerfreundliche Oberfl\u00e4che<\/td>\n<td>Navigieren Sie ganz einfach und passen Sie Ihr Spielerlebnis an Ihre Vorlieben an.<\/td>\n<\/tr>\n<\/tbody>\n<\/table>\n<h2>Passwort vergessen?<\/h2>\n<p>Sollten Sie Ihr Chocospin Login Passwort vergessen haben, ist es nicht sehr schwierig, es zur\u00fcckzusetzen:<\/p>\n<ol>\n<li>W\u00e4hlen Sie \u201ePasswort vergessen?\u201c: Diese Option finden Sie auf der Anmeldeseite und l\u00f6st den Vorgang zum Zur\u00fccksetzen aus.<\/li>\n<li>Geben Sie Ihre E-Mail-Adresse ein: Verwenden Sie die E-Mail-Adresse Ihres Kontos.<\/li>\n<li>Befolgen Sie die Anweisungen in der E-Mail: Suchen Sie in Ihrem Posteingang nach einem Zur\u00fccksetzen-Button und folgen Sie den Anweisungen, um ein neues Passwort zu erstellen.<\/li>\n<\/ol>\n<p>Dies geschieht, um eine schnelle Wiederherstellung des Zugriffs mit einem hohen Ma\u00df an Sicherheit zu gew\u00e4hrleisten. Bei Problemen k\u00f6nnen Sie sich an unser Support-Team wenden, das Ihnen per Live Chat und E-Mail bei der Wiederherstellung Ihres Kontos hilft.<\/p>\n<h3>Chocospin Casino-Kontoverifizierung und Sicherheitsma\u00dfnahmen<\/h3>\n<p>Chocospin Casino sorgt f\u00fcr eine sichere Spielumgebung, indem es seine Kunden einem strengen Verifizierungsprozess unterzieht. Jeder Spieler muss offizielle Ausweisdokumente \u2013 Personalausweise und Stromrechnungen \u2013 vorlegen, um seine Identit\u00e4t zu best\u00e4tigen. Diese Ma\u00dfnahme entspricht den Gesetzen und Vorschriften und tr\u00e4gt zur Betrugsbek\u00e4mpfung bei.<\/p>\n<p>Die Sicherheitssysteme unserer Plattform sind robust und gut etabliert. Wir verwenden AES-Verschl\u00fcsselung, TLS 1.2- und 1.3-Protokolle, Firewalls und \u00fcberwachen st\u00e4ndig pers\u00f6nliche und finanzielle Daten. Wir empfehlen unseren Nutzern, 2FA zu aktivieren und ihre Kontoinformationen zu pflegen. Die regelm\u00e4\u00dfige \u00dcberpr\u00fcfung und Aktualisierung der Daten erleichtert den Auszahlungsprozess und die Wiederherstellung von Konten, sch\u00fctzt die Spielumgebung und macht sie sicher und zuverl\u00e4ssig.<\/p>\n<h2>FAQ<\/h2>\n<h3>Wie aktualisiere ich mein Passwort oder meine E-Mail-Adresse?<\/h3>\n<p>Wenn Sie Ihre Chocospin-Anmeldedaten \u00e4ndern m\u00f6chten, \u00f6ffnen Sie nach der Anmeldung den Link zur Kontoverwaltung, w\u00e4hlen Sie die Option zum Aktualisieren Ihrer E-Mail-Adresse und Ihres Passworts und geben Sie Ihre neuen Daten ein. Die Sicherheitsma\u00dfnahmen sch\u00fctzen diesen Vorgang, indem sie unberechtigte Aktualisierungen blockieren.<\/p>\n<h3>Was soll ich tun, wenn mein Konto gesperrt ist?<\/h3>\n<p>Falls Ihr Chocospin-Konto gesperrt ist, hilft Ihnen unser Support Team im Live-Chat weiter. M\u00f6glicherweise muss Ihre Identit\u00e4t \u00fcberpr\u00fcft werden \u2013 bitte senden Sie die erforderlichen Dokumente, um Ihr Konto zu entsperren. Solche Probleme werden von unserem mehrsprachigen Support bearbeitet, der alles daran setzt, die Einhaltung der Sicherheitsrichtlinien zu gew\u00e4hrleisten.<\/p>\n<h3>Kann ich sicher sein, dass meine Daten bei Chocospin sicher sind?<\/h3>\n<p>Wir bieten bei Chocospin umfassende Sicherheit mit robusten Sicherheitsma\u00dfnahmen. Wir verf\u00fcgen \u00fcber Firewalls, die Ihre pers\u00f6nlichen Daten und Finanzen \u00fcberwachen. Ihrerseits reicht es aus, 2FA zu aktivieren und Ihre Chocospin-Anmeldedaten zu aktualisieren.<\/p>\n<\/div><\/div><\/p>\n","protected":false},"excerpt":{"rendered":"<p>Chocospin Anmeldung, Registrierung und Kontoverwaltung Die Chocospin Login bietet einfachen Zugang zu unserem besten Online-Casino und eine sichere, benutzerfreundliche Umgebung f\u00fcr alle Spielbegeisterten. Chocospin Casino verf\u00fcgt \u00fcber ausgefeilte Sicherheitsma\u00dfnahmen und ein Kontoverwaltungssystem, was es zu einer interaktiven und sicheren Spielplattform f\u00fcr alle Benutzer macht.<\/p>\n","protected":false},"author":1,"featured_media":0,"parent":0,"menu_order":0,"comment_status":"closed","ping_status":"closed","template":"template-builder.php","meta":{"_acf_changed":false,"inline_featured_image":false,"footnotes":""},"class_list":["post-1484","page","type-page","status-publish","hentry"],"acf":[],"yoast_head":"<!-- This site is optimized with the Yoast SEO plugin v27.3 - https:\/\/yoast.com\/product\/yoast-seo-wordpress\/ -->\n<title>Chocospin-Login \u2013 Registrieren und Konto verwalten<\/title>\n<meta name=\"description\" content=\"Erstellen, verwalten und \u00fcberpr\u00fcfen Sie Ihr Chocospin Casino-Konto ganz einfach mit schneller Registrierung, nahtloser Kontowiederherstellung und sicherer Kontoschlie\u00dfung, die Ihnen rund um die Uhr Schutz durch Chocospin Login gew\u00e4hrleistet.\" \/>\n<meta name=\"robots\" content=\"index, follow, max-snippet:-1, max-image-preview:large, max-video-preview:-1\" \/>\n<link rel=\"canonical\" href=\"https:\/\/choco-spin.com\/de\/anmeldung-und-registrierung\/\" \/>\n<meta property=\"og:locale\" content=\"de_DE\" \/>\n<meta property=\"og:type\" content=\"article\" \/>\n<meta property=\"og:title\" content=\"Chocospin-Login \u2013 Registrieren und Konto verwalten\" \/>\n<meta property=\"og:description\" content=\"Erstellen, verwalten und \u00fcberpr\u00fcfen Sie Ihr Chocospin Casino-Konto ganz einfach mit schneller Registrierung, nahtloser Kontowiederherstellung und sicherer Kontoschlie\u00dfung, die Ihnen rund um die Uhr Schutz durch Chocospin Login gew\u00e4hrleistet.\" \/>\n<meta property=\"og:url\" content=\"https:\/\/choco-spin.com\/de\/anmeldung-und-registrierung\/\" \/>\n<meta property=\"og:site_name\" content=\"chocospin\" \/>\n<meta property=\"article:modified_time\" content=\"2026-02-19T06:57:43+00:00\" \/>\n<meta name=\"twitter:card\" content=\"summary_large_image\" \/>\n<meta name=\"twitter:label1\" content=\"Gesch\u00e4tzte Lesezeit\" \/>\n\t<meta name=\"twitter:data1\" content=\"1\u00a0Minute\" \/>\n<script type=\"application\/ld+json\" class=\"yoast-schema-graph\">{\"@context\":\"https:\\\/\\\/schema.org\",\"@graph\":[{\"@type\":\"WebPage\",\"@id\":\"https:\\\/\\\/choco-spin.com\\\/de\\\/anmeldung-und-registrierung\\\/\",\"url\":\"https:\\\/\\\/choco-spin.com\\\/de\\\/anmeldung-und-registrierung\\\/\",\"name\":\"Chocospin-Login \u2013 Registrieren und Konto verwalten\",\"isPartOf\":{\"@id\":\"https:\\\/\\\/choco-spin.com\\\/de\\\/#website\"},\"datePublished\":\"2026-02-18T13:56:10+00:00\",\"dateModified\":\"2026-02-19T06:57:43+00:00\",\"description\":\"Erstellen, verwalten und \u00fcberpr\u00fcfen Sie Ihr Chocospin Casino-Konto ganz einfach mit schneller Registrierung, nahtloser Kontowiederherstellung und sicherer Kontoschlie\u00dfung, die Ihnen rund um die Uhr Schutz durch Chocospin Login gew\u00e4hrleistet.\",\"breadcrumb\":{\"@id\":\"https:\\\/\\\/choco-spin.com\\\/de\\\/anmeldung-und-registrierung\\\/#breadcrumb\"},\"inLanguage\":\"de\",\"potentialAction\":[{\"@type\":\"ReadAction\",\"target\":[\"https:\\\/\\\/choco-spin.com\\\/de\\\/anmeldung-und-registrierung\\\/\"]}]},{\"@type\":\"BreadcrumbList\",\"@id\":\"https:\\\/\\\/choco-spin.com\\\/de\\\/anmeldung-und-registrierung\\\/#breadcrumb\",\"itemListElement\":[{\"@type\":\"ListItem\",\"position\":1,\"name\":\"Chocospin\",\"item\":\"https:\\\/\\\/choco-spin.com\\\/de\\\/\"},{\"@type\":\"ListItem\",\"position\":2,\"name\":\"Anmeldung und Registrierung\"}]},{\"@type\":\"WebSite\",\"@id\":\"https:\\\/\\\/choco-spin.com\\\/de\\\/#website\",\"url\":\"https:\\\/\\\/choco-spin.com\\\/de\\\/\",\"name\":\"Chocospin\",\"description\":\"\",\"publisher\":{\"@id\":\"https:\\\/\\\/choco-spin.com\\\/de\\\/#organization\"},\"potentialAction\":[{\"@type\":\"SearchAction\",\"target\":{\"@type\":\"EntryPoint\",\"urlTemplate\":\"https:\\\/\\\/choco-spin.com\\\/de\\\/?s={search_term_string}\"},\"query-input\":{\"@type\":\"PropertyValueSpecification\",\"valueRequired\":true,\"valueName\":\"search_term_string\"}}],\"inLanguage\":\"de\"},{\"@type\":\"Organization\",\"@id\":\"https:\\\/\\\/choco-spin.com\\\/de\\\/#organization\",\"name\":\"Chocospin\",\"url\":\"https:\\\/\\\/choco-spin.com\\\/de\\\/\",\"logo\":{\"@type\":\"ImageObject\",\"inLanguage\":\"de\",\"@id\":\"https:\\\/\\\/choco-spin.com\\\/de\\\/#\\\/schema\\\/logo\\\/image\\\/\",\"url\":\"https:\\\/\\\/choco-spin.com\\\/wp-content\\\/uploads\\\/2026\\\/02\\\/Chocospin-logo-Desktop.png\",\"contentUrl\":\"https:\\\/\\\/choco-spin.com\\\/wp-content\\\/uploads\\\/2026\\\/02\\\/Chocospin-logo-Desktop.png\",\"width\":123,\"height\":20,\"caption\":\"Chocospin\"},\"image\":{\"@id\":\"https:\\\/\\\/choco-spin.com\\\/de\\\/#\\\/schema\\\/logo\\\/image\\\/\"}}]}<\/script>\n<!-- \/ Yoast SEO plugin. -->","yoast_head_json":{"title":"Chocospin-Login \u2013 Registrieren und Konto verwalten","description":"Erstellen, verwalten und \u00fcberpr\u00fcfen Sie Ihr Chocospin Casino-Konto ganz einfach mit schneller Registrierung, nahtloser Kontowiederherstellung und sicherer Kontoschlie\u00dfung, die Ihnen rund um die Uhr Schutz durch Chocospin Login gew\u00e4hrleistet.","robots":{"index":"index","follow":"follow","max-snippet":"max-snippet:-1","max-image-preview":"max-image-preview:large","max-video-preview":"max-video-preview:-1"},"canonical":"https:\/\/choco-spin.com\/de\/anmeldung-und-registrierung\/","og_locale":"de_DE","og_type":"article","og_title":"Chocospin-Login \u2013 Registrieren und Konto verwalten","og_description":"Erstellen, verwalten und \u00fcberpr\u00fcfen Sie Ihr Chocospin Casino-Konto ganz einfach mit schneller Registrierung, nahtloser Kontowiederherstellung und sicherer Kontoschlie\u00dfung, die Ihnen rund um die Uhr Schutz durch Chocospin Login gew\u00e4hrleistet.","og_url":"https:\/\/choco-spin.com\/de\/anmeldung-und-registrierung\/","og_site_name":"chocospin","article_modified_time":"2026-02-19T06:57:43+00:00","twitter_card":"summary_large_image","twitter_misc":{"Gesch\u00e4tzte Lesezeit":"1\u00a0Minute"},"schema":{"@context":"https:\/\/schema.org","@graph":[{"@type":"WebPage","@id":"https:\/\/choco-spin.com\/de\/anmeldung-und-registrierung\/","url":"https:\/\/choco-spin.com\/de\/anmeldung-und-registrierung\/","name":"Chocospin-Login \u2013 Registrieren und Konto verwalten","isPartOf":{"@id":"https:\/\/choco-spin.com\/de\/#website"},"datePublished":"2026-02-18T13:56:10+00:00","dateModified":"2026-02-19T06:57:43+00:00","description":"Erstellen, verwalten und \u00fcberpr\u00fcfen Sie Ihr Chocospin Casino-Konto ganz einfach mit schneller Registrierung, nahtloser Kontowiederherstellung und sicherer Kontoschlie\u00dfung, die Ihnen rund um die Uhr Schutz durch Chocospin Login gew\u00e4hrleistet.","breadcrumb":{"@id":"https:\/\/choco-spin.com\/de\/anmeldung-und-registrierung\/#breadcrumb"},"inLanguage":"de","potentialAction":[{"@type":"ReadAction","target":["https:\/\/choco-spin.com\/de\/anmeldung-und-registrierung\/"]}]},{"@type":"BreadcrumbList","@id":"https:\/\/choco-spin.com\/de\/anmeldung-und-registrierung\/#breadcrumb","itemListElement":[{"@type":"ListItem","position":1,"name":"Chocospin","item":"https:\/\/choco-spin.com\/de\/"},{"@type":"ListItem","position":2,"name":"Anmeldung und Registrierung"}]},{"@type":"WebSite","@id":"https:\/\/choco-spin.com\/de\/#website","url":"https:\/\/choco-spin.com\/de\/","name":"Chocospin","description":"","publisher":{"@id":"https:\/\/choco-spin.com\/de\/#organization"},"potentialAction":[{"@type":"SearchAction","target":{"@type":"EntryPoint","urlTemplate":"https:\/\/choco-spin.com\/de\/?s={search_term_string}"},"query-input":{"@type":"PropertyValueSpecification","valueRequired":true,"valueName":"search_term_string"}}],"inLanguage":"de"},{"@type":"Organization","@id":"https:\/\/choco-spin.com\/de\/#organization","name":"Chocospin","url":"https:\/\/choco-spin.com\/de\/","logo":{"@type":"ImageObject","inLanguage":"de","@id":"https:\/\/choco-spin.com\/de\/#\/schema\/logo\/image\/","url":"https:\/\/choco-spin.com\/wp-content\/uploads\/2026\/02\/Chocospin-logo-Desktop.png","contentUrl":"https:\/\/choco-spin.com\/wp-content\/uploads\/2026\/02\/Chocospin-logo-Desktop.png","width":123,"height":20,"caption":"Chocospin"},"image":{"@id":"https:\/\/choco-spin.com\/de\/#\/schema\/logo\/image\/"}}]}},"_links":{"self":[{"href":"https:\/\/choco-spin.com\/de\/wp-json\/wp\/v2\/pages\/1484","targetHints":{"allow":["GET"]}}],"collection":[{"href":"https:\/\/choco-spin.com\/de\/wp-json\/wp\/v2\/pages"}],"about":[{"href":"https:\/\/choco-spin.com\/de\/wp-json\/wp\/v2\/types\/page"}],"author":[{"embeddable":true,"href":"https:\/\/choco-spin.com\/de\/wp-json\/wp\/v2\/users\/1"}],"replies":[{"embeddable":true,"href":"https:\/\/choco-spin.com\/de\/wp-json\/wp\/v2\/comments?post=1484"}],"version-history":[{"count":1,"href":"https:\/\/choco-spin.com\/de\/wp-json\/wp\/v2\/pages\/1484\/revisions"}],"predecessor-version":[{"id":1698,"href":"https:\/\/choco-spin.com\/de\/wp-json\/wp\/v2\/pages\/1484\/revisions\/1698"}],"wp:attachment":[{"href":"https:\/\/choco-spin.com\/de\/wp-json\/wp\/v2\/media?parent=1484"}],"curies":[{"name":"wp","href":"https:\/\/api.w.org\/{rel}","templated":true}]}}