{"id":1447,"date":"2026-02-18T14:07:10","date_gmt":"2026-02-18T14:07:10","guid":{"rendered":"https:\/\/choco-spin.com\/bonus\/"},"modified":"2026-02-19T07:00:17","modified_gmt":"2026-02-19T07:00:17","slug":"aktionen","status":"publish","type":"page","link":"https:\/\/choco-spin.com\/de\/aktionen\/","title":{"rendered":"Aktionen"},"content":{"rendered":"<h1>Chocospin Casino Bonus und Belohnungen<\/h1>\n<p>Der Chocospin Bonus wird alles ver\u00e4ndern, was Sie \u00fcber Gewinne in Online-Casinos wissen. Wir haben ein so rationales, gro\u00dfz\u00fcgiges und gut organisiertes Bonussystem geschaffen, dass jeder Spieler zufrieden sein wird. Chocospin Casino strebt Fairness, Sicherheit und Transparenz an, um sicherzustellen, dass alle Spieler ihre potenziellen Gewinne durch attraktive Bonuspakete maximieren k\u00f6nnen. Unsere Website unterst\u00fctzt Spieler, indem sie ihre Werbedienste kontinuierlich aktualisiert, um Kunden effektiv zu gewinnen und zu binden.<\/p>\n<p><div class=\"banner-wrap\" aria-label=\"Banner\"><img src=\"https:\/\/choco-spin.com\/wp-content\/uploads\/2026\/02\/Chocospin-banner-desktop.webp\" class=\"w-100 d-none d-lg-block img-pc main-banner-img\" alt=\"Chocospin banner desktop\" fetchpriority=\"high\" decoding=\"async\"><img src=\"https:\/\/choco-spin.com\/wp-content\/uploads\/2026\/02\/Chocospin-Banner-mobile.webp\" class=\"w-100 d-none d-md-block d-lg-none main-banner-img\" alt=\"Chocospin Banner mobile\" fetchpriority=\"high\" decoding=\"async\"><img src=\"https:\/\/choco-spin.com\/wp-content\/uploads\/2026\/02\/Chocospin-Banner-mobile.webp\" class=\"w-100 d-md-none\" alt=\"Chocospin Banner mobile\" fetchpriority=\"high\" decoding=\"async\"><div class=\"banner-description\">\n<div class=\"banner-title\">Willkommensboni<\/div>\n<p class=\"banner-header-title\">\u20ac1500<\/p>\n<div class=\"banner-header-AdditionalText\">+ 150 Freispiele<\/div>\n<button data-item=\"homepage_banner_link\" class=\"goto m-button m-gradient-border m-button--primary m-button--large banner-button btn-orange\">\n            <div class=\"m-button-content\">\n                <span>Jetzt anmelden<\/span>\n                <span><\/span>\n            <\/div>\n        <\/button>\n<\/div>\n<div class=\"WelcomePack\">\n<p><img loading=\"lazy\" decoding=\"async\" class=\"alignnone size-full wp-image-1389\" src=\"https:\/\/choco-spin.com\/wp-content\/uploads\/2026\/02\/welcome-crown.png\" alt=\"welcome crown\" width=\"25\" height=\"26\" \/><\/p>\n<div class=\"WelcomePack-Info\">W\u00f6chentlicher Cashback von bis zu 25 %<\/div>\n<p><img loading=\"lazy\" decoding=\"async\" class=\"alignnone size-full wp-image-1389\" src=\"https:\/\/choco-spin.com\/wp-content\/uploads\/2026\/02\/welcome-crown.png\" alt=\"welcome crown\" width=\"25\" height=\"26\" \/><\/p>\n<\/div>\n<\/div><div class=\"promotions-wrap\"><div class=\"promotion-card\" style=\"background-image: url(https:\/\/choco-spin.com\/wp-content\/uploads\/First-deposit.webp);\"><h2 class=\"promotion-card__title\">Ersteinzahlungsbonus<\/h2><label class=\"promotion-card__offer\">100 % bis zu 500 \u20ac + 150 Freispiele<\/label><label class=\"promotion-card__description\"><\/label><div class=\"promotion-card__actions\"><button data-item=\"payments_link\" data-group=\"website_links\" class=\"goto btn btn-orange rounded-pill fw-bold px-4 m-button m-gradient-border m-button--primary m-button--large promotion-button promotion-card__action-btn\" aria-label=\"Anmelden\"><div class=\"m-button-content\"><span class=\"promotion-button__content\">Anmelden<\/span><\/div><\/button><button data-item=\"http:\/\/bonus_link\" data-group=\"website_links\" class=\"goto m-button m-gradient-border m-button--secondary m-button--medium promotion-card__info-btn\" aria-label=\"More information\"><div class=\"m-button-content\"><svg viewBox=\"0 0 24 24\" fill=\"none\" xmlns=\"http:\/\/www.w3.org\/2000\/svg\" class=\"m-icon m-icon-loadable\" name=\"Attention\" loading=\"false\" aria-hidden=\"true\"><path d=\"M12 22C6.477 22 2 17.522 2 12S6.477 2 12 2s10 4.478 10 10-4.477 10-10 10m-.002-13.004a.999.999 0 1 0 0-1.997.999.999 0 0 0 0 1.997M12 17a1 1 0 0 0 .993-.884L13 16l-.002-5.001-.007-.117a1 1 0 0 0-1.986 0l-.007.117L11 16l.007.117A1 1 0 0 0 12 17\" fill=\"currentColor\"><\/path><\/svg><\/div><\/button><\/div><\/div><div class=\"promotion-card\" style=\"background-image: url(https:\/\/choco-spin.com\/wp-content\/uploads\/Second-deposit.webp);\"><h2 class=\"promotion-card__title\">Zweiter Einzahlungsbonus<\/h2><label class=\"promotion-card__offer\">55 % bis zu 500 \u20ac + 100 Freispiele<\/label><label class=\"promotion-card__description\"><\/label><div class=\"promotion-card__actions\"><button data-item=\"payments_link\" data-group=\"website_links\" class=\"goto btn btn-orange rounded-pill fw-bold px-4 m-button m-gradient-border m-button--primary m-button--large promotion-button promotion-card__action-btn\" aria-label=\"Anmelden\"><div class=\"m-button-content\"><span class=\"promotion-button__content\">Anmelden<\/span><\/div><\/button><button data-item=\"http:\/\/bonus_link\" data-group=\"website_links\" class=\"goto m-button m-gradient-border m-button--secondary m-button--medium promotion-card__info-btn\" aria-label=\"More information\"><div class=\"m-button-content\"><svg viewBox=\"0 0 24 24\" fill=\"none\" xmlns=\"http:\/\/www.w3.org\/2000\/svg\" class=\"m-icon m-icon-loadable\" name=\"Attention\" loading=\"false\" aria-hidden=\"true\"><path d=\"M12 22C6.477 22 2 17.522 2 12S6.477 2 12 2s10 4.478 10 10-4.477 10-10 10m-.002-13.004a.999.999 0 1 0 0-1.997.999.999 0 0 0 0 1.997M12 17a1 1 0 0 0 .993-.884L13 16l-.002-5.001-.007-.117a1 1 0 0 0-1.986 0l-.007.117L11 16l.007.117A1 1 0 0 0 12 17\" fill=\"currentColor\"><\/path><\/svg><\/div><\/button><\/div><\/div><div class=\"promotion-card\" style=\"background-image: url(https:\/\/choco-spin.com\/wp-content\/uploads\/Third-deposit.webp);\"><h2 class=\"promotion-card__title\">Dritter Einzahlungsbonus<\/h2><label class=\"promotion-card__offer\">100 % bis zu 500 \u20ac<\/label><label class=\"promotion-card__description\"><\/label><div class=\"promotion-card__actions\"><button data-item=\"payments_link\" data-group=\"website_links\" class=\"goto btn btn-orange rounded-pill fw-bold px-4 m-button m-gradient-border m-button--primary m-button--large promotion-button promotion-card__action-btn\" aria-label=\"Anmelden\"><div class=\"m-button-content\"><span class=\"promotion-button__content\">Anmelden<\/span><\/div><\/button><button data-item=\"http:\/\/bonus_link\" data-group=\"website_links\" class=\"goto m-button m-gradient-border m-button--secondary m-button--medium promotion-card__info-btn\" aria-label=\"More information\"><div class=\"m-button-content\"><svg viewBox=\"0 0 24 24\" fill=\"none\" xmlns=\"http:\/\/www.w3.org\/2000\/svg\" class=\"m-icon m-icon-loadable\" name=\"Attention\" loading=\"false\" aria-hidden=\"true\"><path d=\"M12 22C6.477 22 2 17.522 2 12S6.477 2 12 2s10 4.478 10 10-4.477 10-10 10m-.002-13.004a.999.999 0 1 0 0-1.997.999.999 0 0 0 0 1.997M12 17a1 1 0 0 0 .993-.884L13 16l-.002-5.001-.007-.117a1 1 0 0 0-1.986 0l-.007.117L11 16l.007.117A1 1 0 0 0 12 17\" fill=\"currentColor\"><\/path><\/svg><\/div><\/button><\/div><\/div><div class=\"promotion-card\" style=\"background-image: url(https:\/\/choco-spin.com\/wp-content\/uploads\/Sunday-reload.webp);\"><h2 class=\"promotion-card__title\">Sonntag-Reload<\/h2><label class=\"promotion-card__offer\">25 % bis zu 100 \u20ac<\/label><label class=\"promotion-card__description\"><\/label><div class=\"promotion-card__actions\"><button data-item=\"payments_link\" data-group=\"website_links\" class=\"goto btn btn-orange rounded-pill fw-bold px-4 m-button m-gradient-border m-button--primary m-button--large promotion-button promotion-card__action-btn\" aria-label=\"Anmelden\"><div class=\"m-button-content\"><span class=\"promotion-button__content\">Anmelden<\/span><\/div><\/button><button data-item=\"http:\/\/bonus_link\" data-group=\"website_links\" class=\"goto m-button m-gradient-border m-button--secondary m-button--medium promotion-card__info-btn\" aria-label=\"More information\"><div class=\"m-button-content\"><svg viewBox=\"0 0 24 24\" fill=\"none\" xmlns=\"http:\/\/www.w3.org\/2000\/svg\" class=\"m-icon m-icon-loadable\" name=\"Attention\" loading=\"false\" aria-hidden=\"true\"><path d=\"M12 22C6.477 22 2 17.522 2 12S6.477 2 12 2s10 4.478 10 10-4.477 10-10 10m-.002-13.004a.999.999 0 1 0 0-1.997.999.999 0 0 0 0 1.997M12 17a1 1 0 0 0 .993-.884L13 16l-.002-5.001-.007-.117a1 1 0 0 0-1.986 0l-.007.117L11 16l.007.117A1 1 0 0 0 12 17\" fill=\"currentColor\"><\/path><\/svg><\/div><\/button><\/div><\/div><div class=\"promotion-card\" style=\"background-image: url(https:\/\/choco-spin.com\/wp-content\/uploads\/Cashback.webp);\"><h2 class=\"promotion-card__title\">W\u00f6chentlicher Cashback<\/h2><label class=\"promotion-card__offer\">bis zu 25 %<\/label><label class=\"promotion-card__description\"><\/label><div class=\"promotion-card__actions\"><button data-item=\"payments_link\" data-group=\"website_links\" class=\"goto btn btn-orange rounded-pill fw-bold px-4 m-button m-gradient-border m-button--primary m-button--large promotion-button promotion-card__action-btn\" aria-label=\"Anmelden\"><div class=\"m-button-content\"><span class=\"promotion-button__content\">Anmelden<\/span><\/div><\/button><button data-item=\"http:\/\/bonus_link\" data-group=\"website_links\" class=\"goto m-button m-gradient-border m-button--secondary m-button--medium promotion-card__info-btn\" aria-label=\"More information\"><div class=\"m-button-content\"><svg viewBox=\"0 0 24 24\" fill=\"none\" xmlns=\"http:\/\/www.w3.org\/2000\/svg\" class=\"m-icon m-icon-loadable\" name=\"Attention\" loading=\"false\" aria-hidden=\"true\"><path d=\"M12 22C6.477 22 2 17.522 2 12S6.477 2 12 2s10 4.478 10 10-4.477 10-10 10m-.002-13.004a.999.999 0 1 0 0-1.997.999.999 0 0 0 0 1.997M12 17a1 1 0 0 0 .993-.884L13 16l-.002-5.001-.007-.117a1 1 0 0 0-1.986 0l-.007.117L11 16l.007.117A1 1 0 0 0 12 17\" fill=\"currentColor\"><\/path><\/svg><\/div><\/button><\/div><\/div><\/div><div class=\"scrollable-content-wrap my-5\"><div class=\"scrollable-content-inner\"><h2>Details zur Werbeaktion<\/h2>\n<p>Chocospin Casino zeichnet sich durch eine gro\u00dfe Auswahl an permanenten Werbeaktionen aus, die auf die Vorlieben unserer anspruchsvollen Spieler zugeschnitten sind \u2013 wir \u00fcberwachen und aktualisieren die Werbeaktionen st\u00e4ndig, um Ihnen allen gerecht zu werden. Das Casino bietet eine aktive Werbeatmosph\u00e4re, einschlie\u00dflich attraktiver Willkommensboni, exklusiver VIP-Belohnungen und vielem mehr. Diese Chocospin-Bonusangebote wurden entwickelt, um Spieler zu ermutigen, eine Vielzahl von Spielen wie Slots, Tischspiele und Live-Dealer-Spiele zu entdecken, wobei ihnen Bonusvorteile gew\u00e4hrt werden.<\/p>\n<h2>Choco Spin Casino Wettbewerbe<\/h2>\n<p>Das Chocospin Casino bietet verschiedene Wettbewerbe mit riesigen Preisen. Diese Turniere sind so konzipiert, dass sie F\u00e4higkeiten und Gl\u00fcck herausfordern und allen Spielern eine gute Herausforderung bieten. Bekannte Wettbewerbe sind:<\/p>\n<ul>\n<li>Rookie Rumble Turnier mit einem unglaublichen Preisgeld von t\u00e4glich 2.500 \u20ac<\/li>\n<li>Drops and Wins Turnier mit einem saisonalen Geldpreis von 25.000.000 \u20ac<\/li>\n<li>Ein Live Turnier mit 10.000 \u20ac ist einen Versuch wert.<\/li>\n<\/ul>\n<p>Sie k\u00f6nnen auch Folgendes ausprobieren:<\/p>\n<ul>\n<li>Sunday Reload mit 25 %, was bei Verwendung des Codeworts RELDAY etwa 100 \u20ac entspricht<\/li>\n<li>Der w\u00f6chentliche Cashback kann bis zu 25 % betragen, h\u00e4ngt jedoch in der Regel von Ihren Einzahlungen und Verlusten w\u00e4hrend des 7-Tage-Zeitraums ab.<\/li>\n<\/ul>\n<p>Die Teilnahme an solchen Turnieren ist einfach und steht allen registrierten Spielern offen. Der Wettbewerbssportcharakter regt zu strategischem Spielverhalten an, und die besten Spieler werden mit einem riesigen Chocospin Bonus belohnt, was eine lebhafte und lohnende Atmosph\u00e4re schafft.<\/p>\n<h2>Chocospin Casino Willkommensbonus<\/h2>\n<p>Sie denken wahrscheinlich, dass nur die Gl\u00fccklichsten den Chocospin Bonus gewinnen k\u00f6nnen, oder? Nein! Jeder einzelne Spieler, der sich bei uns registriert, erh\u00e4lt als Dankesch\u00f6n ein Willkommenspaket. Derzeit bieten wir allen Neukunden 1.500 \u20ac sowie 250 Freispiele, die sie in den ersten 3 Tagen einsetzen k\u00f6nnen (das Chocospin-Bonusgeld muss innerhalb einer Woche eingesetzt werden, sonst verf\u00e4llt es).<\/p>\n<p>Das Paket hilft neuen Spielern, einen guten Start zu haben, indem es ihr Startguthaben erh\u00f6ht und ihnen mehr Gewinnchancen bietet. Der Willkommensbonus von Chocospin ist eine Mischung aus Bonusgeld und Freispielen, die in einer Vielzahl von Casinospielen eingesetzt werden k\u00f6nnen.<\/p>\n<h3>Ersteinzahlungsbonus<\/h3>\n<p>Das Willkommensangebot bei Chocospin Casino umfasst den Ersteinzahlungsbonus, der ein wichtiger Bestandteil des Willkommensangebots ist. Spieler, die ihre erste Einzahlung t\u00e4tigen, erhalten einen 100 %-igen Match-Bonus in H\u00f6he von 500 \u20ac und 150 Freispiele als Geschenk. Sie k\u00f6nnen diese f\u00fcr einige der Chocospin-Slot-Spiele verwenden.<\/p>\n<p>Dieser Bonus verl\u00e4ngert die Spielzeit erheblich, sodass Spieler mit dem zus\u00e4tzlichen Geld verschiedene Titel spielen k\u00f6nnen. Die Umsatzbedingungen f\u00fcr den Ersteinzahlungsbonus betragen das 35-fache des Bonusbetrags, was fair und transparent ist.<\/p>\n<h3>Bonus f\u00fcr die zweite Einzahlung<\/h3>\n<p>Bei Ihrer zweiten Einzahlung erhalten Sie 500 \u20ac und 100 Freispiele. Eine solche Aktion f\u00f6rdert die weitere Interaktion und belohnt die Treue durch mehr Bonusgeld.<\/p>\n<p>Die Umsatzbedingungen sind \u00e4hnlich wie beim Ersteinzahlungsbonus und erfordern einen 35-fachen Durchspiel. Diese Einheitlichkeit bietet den Spielern gute Erwartungen. Wir haben keine b\u00f6sen \u00dcberraschungen.<\/p>\n<h3>Dritter Einzahlungsbonus<\/h3>\n<p>Chocospin Casino bietet einen dritten Einzahlungsbonus, um das langfristige Spielen zu f\u00f6rdern. Spieler erhalten einen 100 %-igen Match-Bonus (maximal 500 \u20ac). Auch wenn dieser Bonus keine Freispiele beinhaltet, gilt f\u00fcr ihn die gleiche 35-fache Umsatzbedingung, was verantwortungsbewusstes Spielen f\u00f6rdert.<\/p>\n<h2>Bonusbedingungen f\u00fcr Spieler<\/h2>\n<p>Chocospin Casino hat bestimmte Bedingungen festgelegt, um alle Bonusangebote transparent und fair zu gestalten. Zu den wichtigsten Bedingungen geh\u00f6ren:<\/p>\n<table>\n<tbody>\n<tr>\n<td>Bedingung<\/td>\n<td>Details<\/td>\n<\/tr>\n<tr>\n<td>KYC-Verifizierung<\/td>\n<td>Spieler m\u00fcssen sich mit legitimen Dokumenten authentifizieren \u2013 Nachweis der Anschrift und Zahlungsmethode.<\/td>\n<\/tr>\n<tr>\n<td>Bonusberechtigung<\/td>\n<td>Spieler haben Anspruch auf Boni, die von regionalen und altersbezogenen Voraussetzungen abh\u00e4ngen; Boni unterliegen rechtlichen Beschr\u00e4nkungen.<\/td>\n<\/tr>\n<tr>\n<td>Wettanforderungen<\/td>\n<td>Boni m\u00fcssen mindestens 30 Mal umgesetzt werden, bevor sie ausgezahlt werden k\u00f6nnen.<\/td>\n<\/tr>\n<tr>\n<td>Maximale Einsatzgrenze<\/td>\n<td>F\u00fcr Bonuswetten betr\u00e4gt der maximale Einsatz 5 \u20ac, um einen Missbrauch der Boni zu verhindern.<\/td>\n<\/tr>\n<tr>\n<td>Spielbeitr\u00e4ge<\/td>\n<td>Verschiedene Spielarten tragen unterschiedlich zu den Umsatzbedingungen bei; Slots tragen zu 100 % bei, w\u00e4hrend Tischspiele weniger beitragen.<\/td>\n<\/tr>\n<tr>\n<td>Zeitlimit<\/td>\n<td>Boni m\u00fcssen innerhalb von 7 bis 14 Tagen umgesetzt werden, sonst verfallen sie.<\/td>\n<\/tr>\n<tr>\n<td>Verantwortungsbewusstes Spielen<\/td>\n<td>Ermutigt Spieler, ihre Eins\u00e4tze zu begrenzen und verantwortungsbewusst zu spielen, um eine sicherere Spielumgebung zu schaffen.<\/td>\n<\/tr>\n<\/tbody>\n<\/table>\n<h2>FAQ<\/h2>\n<h3>Wie l\u00f6se ich den Willkommensbonus bei Chocospin Casino ein?<\/h3>\n<p>Der Chocospin Bonus wird automatisch auf das Konto eines Spielers eingezahlt, nachdem die Einzahlung best\u00e4tigt wurde, sofern die Aktion zum Zeitpunkt der Einzahlung ausgew\u00e4hlt wurde. Die Plattform verf\u00fcgt \u00fcber klare Anweisungen, die befolgt werden m\u00fcssen. Sie k\u00f6nnen alles auf Ihrem Dashboard nachlesen.<\/p>\n<h3>Sind Choco Spin Casino Boni f\u00fcr alle Spiele g\u00fcltig?<\/h3>\n<p>Nicht jedes Spiel bringt Ihnen einen Choco Spin Bonus. Boni k\u00f6nnen nur in Slot-Spielen und in einigen Tischspielen angeboten werden. In den Aktionen sind die berechtigten Titel und Beitragss\u00e4tze angegeben, und in den Allgemeinen Gesch\u00e4ftsbedingungen wird alles genau erkl\u00e4rt. Spieler m\u00fcssen sicherstellen, dass sie sich f\u00fcr das Spiel qualifiziert haben, bevor sie eine Wette platzieren.<\/p>\n<h3>Wie kann man alle Werbeaktionen im Chocospin Casino verfolgen?<\/h3>\n<p>Auf Ihrem Dashboard k\u00f6nnen Sie alle laufenden Chocospin-Turniere und -Angebote verfolgen. Durch regelm\u00e4\u00dfige Teilnahme k\u00f6nnen Sie gro\u00dfartige Bonusfunktionen, Freispiele und Jackpots freischalten. Wir empfehlen Ihnen daher, aktiv an unseren Turnieren teilzunehmen.<\/p>\n<\/div><\/div><\/p>\n","protected":false},"excerpt":{"rendered":"<p>Chocospin Casino Bonus und Belohnungen Der Chocospin Bonus wird alles ver\u00e4ndern, was Sie \u00fcber Gewinne in Online-Casinos wissen. Wir haben ein so rationales, gro\u00dfz\u00fcgiges und gut organisiertes Bonussystem geschaffen, dass jeder Spieler zufrieden sein wird. Chocospin Casino strebt Fairness, Sicherheit und Transparenz an, um sicherzustellen, dass alle Spieler ihre potenziellen Gewinne durch attraktive Bonuspakete maximieren [&hellip;]<\/p>\n","protected":false},"author":1,"featured_media":0,"parent":0,"menu_order":0,"comment_status":"closed","ping_status":"closed","template":"template-builder.php","meta":{"_acf_changed":false,"inline_featured_image":false,"footnotes":""},"class_list":["post-1447","page","type-page","status-publish","hentry"],"acf":[],"yoast_head":"<!-- This site is optimized with the Yoast SEO plugin v27.3 - https:\/\/yoast.com\/product\/yoast-seo-wordpress\/ -->\n<title>Chocospin Casino Bonus &amp; Sonderangebote<\/title>\n<meta name=\"description\" content=\"Entdecken Sie exklusive Boni im Chocospin Casino, darunter gro\u00dfz\u00fcgige Willkommensangebote, Einzahlungspr\u00e4mien, laufende Aktionen und spannende Turniere. Alle Bonusbedingungen und Anweisungen zum Einl\u00f6sen finden Sie \u00fcbersichtlich an einem Ort.\" \/>\n<meta name=\"robots\" content=\"index, follow, max-snippet:-1, max-image-preview:large, max-video-preview:-1\" \/>\n<link rel=\"canonical\" href=\"https:\/\/choco-spin.com\/de\/aktionen\/\" \/>\n<meta property=\"og:locale\" content=\"de_DE\" \/>\n<meta property=\"og:type\" content=\"article\" \/>\n<meta property=\"og:title\" content=\"Chocospin Casino Bonus &amp; Sonderangebote\" \/>\n<meta property=\"og:description\" content=\"Entdecken Sie exklusive Boni im Chocospin Casino, darunter gro\u00dfz\u00fcgige Willkommensangebote, Einzahlungspr\u00e4mien, laufende Aktionen und spannende Turniere. Alle Bonusbedingungen und Anweisungen zum Einl\u00f6sen finden Sie \u00fcbersichtlich an einem Ort.\" \/>\n<meta property=\"og:url\" content=\"https:\/\/choco-spin.com\/de\/aktionen\/\" \/>\n<meta property=\"og:site_name\" content=\"chocospin\" \/>\n<meta property=\"article:modified_time\" content=\"2026-02-19T07:00:17+00:00\" \/>\n<meta name=\"twitter:card\" content=\"summary_large_image\" \/>\n<meta name=\"twitter:label1\" content=\"Gesch\u00e4tzte Lesezeit\" \/>\n\t<meta name=\"twitter:data1\" content=\"1\u00a0Minute\" \/>\n<script type=\"application\/ld+json\" class=\"yoast-schema-graph\">{\"@context\":\"https:\\\/\\\/schema.org\",\"@graph\":[{\"@type\":\"WebPage\",\"@id\":\"https:\\\/\\\/choco-spin.com\\\/de\\\/aktionen\\\/\",\"url\":\"https:\\\/\\\/choco-spin.com\\\/de\\\/aktionen\\\/\",\"name\":\"Chocospin Casino Bonus & Sonderangebote\",\"isPartOf\":{\"@id\":\"https:\\\/\\\/choco-spin.com\\\/de\\\/#website\"},\"datePublished\":\"2026-02-18T14:07:10+00:00\",\"dateModified\":\"2026-02-19T07:00:17+00:00\",\"description\":\"Entdecken Sie exklusive Boni im Chocospin Casino, darunter gro\u00dfz\u00fcgige Willkommensangebote, Einzahlungspr\u00e4mien, laufende Aktionen und spannende Turniere. Alle Bonusbedingungen und Anweisungen zum Einl\u00f6sen finden Sie \u00fcbersichtlich an einem Ort.\",\"breadcrumb\":{\"@id\":\"https:\\\/\\\/choco-spin.com\\\/de\\\/aktionen\\\/#breadcrumb\"},\"inLanguage\":\"de\",\"potentialAction\":[{\"@type\":\"ReadAction\",\"target\":[\"https:\\\/\\\/choco-spin.com\\\/de\\\/aktionen\\\/\"]}]},{\"@type\":\"BreadcrumbList\",\"@id\":\"https:\\\/\\\/choco-spin.com\\\/de\\\/aktionen\\\/#breadcrumb\",\"itemListElement\":[{\"@type\":\"ListItem\",\"position\":1,\"name\":\"Chocospin\",\"item\":\"https:\\\/\\\/choco-spin.com\\\/de\\\/\"},{\"@type\":\"ListItem\",\"position\":2,\"name\":\"Aktionen\"}]},{\"@type\":\"WebSite\",\"@id\":\"https:\\\/\\\/choco-spin.com\\\/de\\\/#website\",\"url\":\"https:\\\/\\\/choco-spin.com\\\/de\\\/\",\"name\":\"Chocospin\",\"description\":\"\",\"publisher\":{\"@id\":\"https:\\\/\\\/choco-spin.com\\\/de\\\/#organization\"},\"potentialAction\":[{\"@type\":\"SearchAction\",\"target\":{\"@type\":\"EntryPoint\",\"urlTemplate\":\"https:\\\/\\\/choco-spin.com\\\/de\\\/?s={search_term_string}\"},\"query-input\":{\"@type\":\"PropertyValueSpecification\",\"valueRequired\":true,\"valueName\":\"search_term_string\"}}],\"inLanguage\":\"de\"},{\"@type\":\"Organization\",\"@id\":\"https:\\\/\\\/choco-spin.com\\\/de\\\/#organization\",\"name\":\"Chocospin\",\"url\":\"https:\\\/\\\/choco-spin.com\\\/de\\\/\",\"logo\":{\"@type\":\"ImageObject\",\"inLanguage\":\"de\",\"@id\":\"https:\\\/\\\/choco-spin.com\\\/de\\\/#\\\/schema\\\/logo\\\/image\\\/\",\"url\":\"https:\\\/\\\/choco-spin.com\\\/wp-content\\\/uploads\\\/2026\\\/02\\\/Chocospin-logo-Desktop.png\",\"contentUrl\":\"https:\\\/\\\/choco-spin.com\\\/wp-content\\\/uploads\\\/2026\\\/02\\\/Chocospin-logo-Desktop.png\",\"width\":123,\"height\":20,\"caption\":\"Chocospin\"},\"image\":{\"@id\":\"https:\\\/\\\/choco-spin.com\\\/de\\\/#\\\/schema\\\/logo\\\/image\\\/\"}}]}<\/script>\n<!-- \/ Yoast SEO plugin. -->","yoast_head_json":{"title":"Chocospin Casino Bonus & Sonderangebote","description":"Entdecken Sie exklusive Boni im Chocospin Casino, darunter gro\u00dfz\u00fcgige Willkommensangebote, Einzahlungspr\u00e4mien, laufende Aktionen und spannende Turniere. Alle Bonusbedingungen und Anweisungen zum Einl\u00f6sen finden Sie \u00fcbersichtlich an einem Ort.","robots":{"index":"index","follow":"follow","max-snippet":"max-snippet:-1","max-image-preview":"max-image-preview:large","max-video-preview":"max-video-preview:-1"},"canonical":"https:\/\/choco-spin.com\/de\/aktionen\/","og_locale":"de_DE","og_type":"article","og_title":"Chocospin Casino Bonus & Sonderangebote","og_description":"Entdecken Sie exklusive Boni im Chocospin Casino, darunter gro\u00dfz\u00fcgige Willkommensangebote, Einzahlungspr\u00e4mien, laufende Aktionen und spannende Turniere. Alle Bonusbedingungen und Anweisungen zum Einl\u00f6sen finden Sie \u00fcbersichtlich an einem Ort.","og_url":"https:\/\/choco-spin.com\/de\/aktionen\/","og_site_name":"chocospin","article_modified_time":"2026-02-19T07:00:17+00:00","twitter_card":"summary_large_image","twitter_misc":{"Gesch\u00e4tzte Lesezeit":"1\u00a0Minute"},"schema":{"@context":"https:\/\/schema.org","@graph":[{"@type":"WebPage","@id":"https:\/\/choco-spin.com\/de\/aktionen\/","url":"https:\/\/choco-spin.com\/de\/aktionen\/","name":"Chocospin Casino Bonus & Sonderangebote","isPartOf":{"@id":"https:\/\/choco-spin.com\/de\/#website"},"datePublished":"2026-02-18T14:07:10+00:00","dateModified":"2026-02-19T07:00:17+00:00","description":"Entdecken Sie exklusive Boni im Chocospin Casino, darunter gro\u00dfz\u00fcgige Willkommensangebote, Einzahlungspr\u00e4mien, laufende Aktionen und spannende Turniere. Alle Bonusbedingungen und Anweisungen zum Einl\u00f6sen finden Sie \u00fcbersichtlich an einem Ort.","breadcrumb":{"@id":"https:\/\/choco-spin.com\/de\/aktionen\/#breadcrumb"},"inLanguage":"de","potentialAction":[{"@type":"ReadAction","target":["https:\/\/choco-spin.com\/de\/aktionen\/"]}]},{"@type":"BreadcrumbList","@id":"https:\/\/choco-spin.com\/de\/aktionen\/#breadcrumb","itemListElement":[{"@type":"ListItem","position":1,"name":"Chocospin","item":"https:\/\/choco-spin.com\/de\/"},{"@type":"ListItem","position":2,"name":"Aktionen"}]},{"@type":"WebSite","@id":"https:\/\/choco-spin.com\/de\/#website","url":"https:\/\/choco-spin.com\/de\/","name":"Chocospin","description":"","publisher":{"@id":"https:\/\/choco-spin.com\/de\/#organization"},"potentialAction":[{"@type":"SearchAction","target":{"@type":"EntryPoint","urlTemplate":"https:\/\/choco-spin.com\/de\/?s={search_term_string}"},"query-input":{"@type":"PropertyValueSpecification","valueRequired":true,"valueName":"search_term_string"}}],"inLanguage":"de"},{"@type":"Organization","@id":"https:\/\/choco-spin.com\/de\/#organization","name":"Chocospin","url":"https:\/\/choco-spin.com\/de\/","logo":{"@type":"ImageObject","inLanguage":"de","@id":"https:\/\/choco-spin.com\/de\/#\/schema\/logo\/image\/","url":"https:\/\/choco-spin.com\/wp-content\/uploads\/2026\/02\/Chocospin-logo-Desktop.png","contentUrl":"https:\/\/choco-spin.com\/wp-content\/uploads\/2026\/02\/Chocospin-logo-Desktop.png","width":123,"height":20,"caption":"Chocospin"},"image":{"@id":"https:\/\/choco-spin.com\/de\/#\/schema\/logo\/image\/"}}]}},"_links":{"self":[{"href":"https:\/\/choco-spin.com\/de\/wp-json\/wp\/v2\/pages\/1447","targetHints":{"allow":["GET"]}}],"collection":[{"href":"https:\/\/choco-spin.com\/de\/wp-json\/wp\/v2\/pages"}],"about":[{"href":"https:\/\/choco-spin.com\/de\/wp-json\/wp\/v2\/types\/page"}],"author":[{"embeddable":true,"href":"https:\/\/choco-spin.com\/de\/wp-json\/wp\/v2\/users\/1"}],"replies":[{"embeddable":true,"href":"https:\/\/choco-spin.com\/de\/wp-json\/wp\/v2\/comments?post=1447"}],"version-history":[{"count":2,"href":"https:\/\/choco-spin.com\/de\/wp-json\/wp\/v2\/pages\/1447\/revisions"}],"predecessor-version":[{"id":1704,"href":"https:\/\/choco-spin.com\/de\/wp-json\/wp\/v2\/pages\/1447\/revisions\/1704"}],"wp:attachment":[{"href":"https:\/\/choco-spin.com\/de\/wp-json\/wp\/v2\/media?parent=1447"}],"curies":[{"name":"wp","href":"https:\/\/api.w.org\/{rel}","templated":true}]}}