{"id":1433,"date":"2026-02-18T13:53:57","date_gmt":"2026-02-18T13:53:57","guid":{"rendered":"https:\/\/choco-spin.com\/app\/"},"modified":"2026-02-19T09:05:40","modified_gmt":"2026-02-19T09:05:40","slug":"app","status":"publish","type":"page","link":"https:\/\/choco-spin.com\/de\/app\/","title":{"rendered":"App"},"content":{"rendered":"<h1>Choco Spin auf Mobilger\u00e4ten<\/h1>\n<p>Die Chocospin App ist eine moderne digitale Plattform, die ein unvergleichliches Erlebnis f\u00fcr Online-Casinospiele auf dem Mobiltelefon bietet. Die App wurde unter Ber\u00fccksichtigung der Benutzerfreundlichkeit und Leistung entwickelt, damit Spieler ihre Lieblingsspiele \u00fcberall spielen k\u00f6nnen.<\/p>\n<p>Unsere Plattform ist auf Smartphones, Tablets, Computern und allen anderen tragbaren Ger\u00e4ten verf\u00fcgbar. Unsere Nutzer genie\u00dfen die innovativen Funktionen, die ein professionelles Spielerlebnis bieten. Die Choco Spin App ist eine Kombination aus Geschwindigkeit, Sicherheit und Komfort. Wir laden Gelegenheitsspieler und Gaming-Enthusiasten ein, sie auszuprobieren.<\/p>\n<div class=\"banner-wrap\" aria-label=\"Banner\"><img src=\"https:\/\/choco-spin.com\/wp-content\/uploads\/2026\/02\/Chocospin-banner-desktop.webp\" class=\"w-100 d-none d-lg-block img-pc main-banner-img\" alt=\"Chocospin banner desktop\" fetchpriority=\"high\" decoding=\"async\"><img src=\"https:\/\/choco-spin.com\/wp-content\/uploads\/2026\/02\/Chocospin-Banner-mobile.webp\" class=\"w-100 d-none d-md-block d-lg-none main-banner-img\" alt=\"Chocospin Banner mobile\" fetchpriority=\"high\" decoding=\"async\"><img src=\"https:\/\/choco-spin.com\/wp-content\/uploads\/2026\/02\/Chocospin-Banner-mobile.webp\" class=\"w-100 d-md-none\" alt=\"Chocospin Banner mobile\" fetchpriority=\"high\" decoding=\"async\"><div class=\"banner-description\">\n<div class=\"banner-title\">Willkommensboni<\/div>\n<p class=\"banner-header-title\">\u20ac1500<\/p>\n<div class=\"banner-header-AdditionalText\">+ 150 Freispiele<\/div>\n<button data-item=\"homepage_banner_link\" class=\"goto m-button m-gradient-border m-button--primary m-button--large banner-button btn-orange\">\n            <div class=\"m-button-content\">\n                <span>Jetzt anmelden<\/span>\n                <span><\/span>\n            <\/div>\n        <\/button>\n<\/div>\n<div class=\"WelcomePack\">\n<p><img loading=\"lazy\" decoding=\"async\" class=\"alignnone size-full wp-image-1389\" src=\"https:\/\/choco-spin.com\/wp-content\/uploads\/2026\/02\/welcome-crown.png\" alt=\"welcome crown\" width=\"25\" height=\"26\" \/><\/p>\n<div class=\"WelcomePack-Info\">W\u00f6chentlicher Cashback von bis zu 25 %<\/div>\n<p><img loading=\"lazy\" decoding=\"async\" class=\"alignnone size-full wp-image-1389\" src=\"https:\/\/choco-spin.com\/wp-content\/uploads\/2026\/02\/welcome-crown.png\" alt=\"welcome crown\" width=\"25\" height=\"26\" \/><\/p>\n<\/div>\n<\/div>\n<h2>Chocospin mobiler Zugriff<\/h2>\n<p>Chocospin Casino bietet verschiedene Optionen f\u00fcr den mobilen Zugriff, um den unterschiedlichen Anforderungen der Nutzer in Bezug auf Ger\u00e4te und deren F\u00e4higkeiten gerecht zu werden. Diese Alternativen sind gut geeignet, um die beste Leistung, Sicherheit und Erfahrung f\u00fcr die Nutzer der Choco Spin Plattform zu gew\u00e4hrleisten.<\/p>\n<p>Warum mobil statt Desktop?<\/p>\n<ul>\n<li>Erm\u00f6glichen Sie Spielern, bequem Online Slots, Live-Dealer-Spiele, Buchsammlungen und andere Angebote von Chocospin zu spielen.<\/li>\n<li>Bieten Sie eine schnelle, bew\u00e4hrte und benutzerfreundliche mobile L\u00f6sung.<\/li>\n<li>Sorgen Sie f\u00fcr ein nahtloses Spielerlebnis auf dem Mobiltelefon oder bequem von zu Hause aus.<\/li>\n<\/ul>\n<p>Die Chocospin App bietet im Vergleich zum Spielen auf einem PC eine Vielzahl von Vorteilen. Die mobile Plattform ist optimiert, um gut zu funktionieren, reaktionsschnell zu sein, schnell zu laden und eine vereinfachte Navigation zu bieten. Sie bietet sofortigen Zugriff auf die gesamte Palette der Casino-Funktionen, ohne dass umfangreiche Konfigurationen oder Updates erforderlich sind.<\/p>\n<p><div class=\"scrollable-content-wrap my-5\"><div class=\"scrollable-content-inner\"><h2>Chocospin iOS App<\/h2>\n<p>Die Chocospin iOS App erf\u00fcllt die Anforderungen von Nutzern von Apple-Ger\u00e4ten. Wir haben viel Zeit investiert, um eine hochwertige PWA f\u00fcr eine reibungslose und einfach zu bedienende Spielumgebung zu implementieren. Die iOS-Version ist auf Sicherheit optimiert und bietet eine gute Leistung mit hohen Ladegeschwindigkeiten und zuverl\u00e4ssiger Funktion. Die Anwendung verf\u00fcgt \u00fcber eine hochwertige Grafik und Sie k\u00f6nnen Ihr Dashboard auf iPhone und iPad steuern. Sie werden die professionelle Atmosph\u00e4re beim Spielen der Choco Spin Online-Slots und Live-Dealer-Spiele auf jeden Fall genie\u00dfen. Regelm\u00e4\u00dfige Updates verbessern die Leistung und f\u00fcgen neue Funktionen hinzu, sodass die App immer auf dem neuesten Stand der mobilen Spielewelt bleibt.<\/p>\n<p><img loading=\"lazy\" decoding=\"async\" class=\"alignnone size-full wp-image-1434\" src=\"https:\/\/choco-spin.com\/wp-content\/uploads\/Chocospin-iOS-App.webp\" alt=\"Chocospin iOS App\" width=\"1248\" height=\"536\" srcset=\"https:\/\/choco-spin.com\/wp-content\/uploads\/Chocospin-iOS-App.webp 1248w, https:\/\/choco-spin.com\/wp-content\/uploads\/Chocospin-iOS-App-300x129.webp 300w, https:\/\/choco-spin.com\/wp-content\/uploads\/Chocospin-iOS-App-1024x440.webp 1024w, https:\/\/choco-spin.com\/wp-content\/uploads\/Chocospin-iOS-App-768x330.webp 768w\" sizes=\"auto, (max-width: 1248px) 100vw, 1248px\" \/><\/p>\n<\/div><\/div><div style=\"clear: both\"><\/div><div class=\"d-flex justify-content-center\"><button data-item=\"decouvrez_link\" data-group=\"website_links\" class=\"goto fw-bold rounded-pill btn btn-orange\" aria-label=\"Laden Sie die Chocospin-App herunter\" >Laden Sie die Chocospin-App herunter<\/button><\/div><div class=\"scrollable-content-wrap my-5\"><div class=\"scrollable-content-inner\"><h2>Chocospin Android App<\/h2>\n<p>Die Android-Version der Chocospin App ist eine Progressive Web App (PWA) mit einer vereinfachten und universellen Gaming-Plattform. Sie funktioniert mit einer Vielzahl von Android-Smartphones und Android-basierten Tablets. Sie kann Sie mit einer stabilen Leistung und hochwertigen Grafiken \u00fcberraschen.<\/p>\n<p>Die Android-Anwendung ist einfach zu installieren und wird automatisch im Hintergrund aktualisiert, sodass keine manuelle Installation oder Aktualisierung erforderlich ist. Dank ihrer intuitiven Benutzeroberfl\u00e4che ist sie schnell zu bedienen und bietet Spielern einfachen Zugriff auf Spielkategorien, Werbeaktionen und die Kontoverwaltung, sodass sie ohne Umst\u00e4nde uneingeschr\u00e4nkten Zugriff auf die neuesten Angebote des Chocospin Casinos haben.<\/p>\n<h3>PWA<\/h3>\n<p>Die Spieler von Choco Spin Casino bevorzugen unsere leichte Progressive Web Application. Sie bietet sofortigen Zugriff, ohne dass Downloads erforderlich sind. Es handelt sich um eine Kombination aus einer Website und einer benutzerdefinierten Anwendung, was bedeutet, dass sie schnell geladen wird und reaktionsschnell ist. PWA kann in allen g\u00e4ngigen Browsern verwendet werden, die eine sichere Plattform f\u00fcr das Spiel bieten. Sie umfasst die gesamte Bandbreite der Chocospin Casino-Funktionen, wie z. B. Live-Chat-Service, Optionen f\u00fcr verantwortungsbewusstes Spielen und Zugriff auf den Verifizierungsprozess. Diese Alternative ist perfekt f\u00fcr Spieler, die auf die Choco Spin Casino Plattform zugreifen m\u00f6chten. Unsere Chocospin App ist eine schnelle und bequeme M\u00f6glichkeit und erfordert nicht unbedingt zus\u00e4tzlichen Speicherplatz.<\/p>\n<p>Die PWA ist eine Verbesserung gegen\u00fcber den Chocospin-APK-Dateien, da sie \u00fcber automatische Updates verf\u00fcgt und stabiler ist. Der Wechsel zu PWA erleichtert den Zugriff, minimiert m\u00f6gliche Sicherheitsbedenken und macht sie mit den aktuellen Android-Browserstandards kompatibel.<\/p>\n<table>\n<tbody>\n<tr>\n<td>Software<\/td>\n<td>Zugriffsmethode<\/td>\n<td>Speicheranforderungen<\/td>\n<td>Aktualisierungsverfahren<\/td>\n<td>Hauptvorteil<\/td>\n<\/tr>\n<tr>\n<td>PWA (iOS\/Android)<\/td>\n<td>Browser (Safari, Chrome usw.)<\/td>\n<td>Sehr gering\/minimal (dynamisches Laden)<\/td>\n<td>Aktualisiert automatisch<\/td>\n<td>Schneller Zugriff, keine Abh\u00e4ngigkeit vom App Store, reibungslose Integration<\/td>\n<\/tr>\n<tr>\n<td>APK<\/td>\n<td>Download von der Website<\/td>\n<td>Ben\u00f6tigt Speicherplatz f\u00fcr APK<\/td>\n<td>Manuelles erneutes Herunterladen f\u00fcr Updates<\/td>\n<td>Installation au\u00dferhalb von App-Marktpl\u00e4tzen<\/td>\n<\/tr>\n<tr>\n<td>Windows\/Mac<\/td>\n<td>Desktop-Anwendungen<\/td>\n<td>Lokaler Speicherplatz variiert<\/td>\n<td>Nicht erforderlich<\/td>\n<td>Optimiert f\u00fcr gr\u00f6\u00dfere Bildschirme mit erweiterten Funktionen<\/td>\n<\/tr>\n<\/tbody>\n<\/table>\n<p><img loading=\"lazy\" decoding=\"async\" class=\"alignnone size-full wp-image-1695\" src=\"https:\/\/choco-spin.com\/wp-content\/uploads\/Chocospin-Android-App.webp\" alt=\"Chocospin Android App\" width=\"1248\" height=\"536\" srcset=\"https:\/\/choco-spin.com\/wp-content\/uploads\/Chocospin-Android-App.webp 1248w, https:\/\/choco-spin.com\/wp-content\/uploads\/Chocospin-Android-App-300x129.webp 300w, https:\/\/choco-spin.com\/wp-content\/uploads\/Chocospin-Android-App-1024x440.webp 1024w, https:\/\/choco-spin.com\/wp-content\/uploads\/Chocospin-Android-App-768x330.webp 768w\" sizes=\"auto, (max-width: 1248px) 100vw, 1248px\" \/><\/p>\n<\/div><\/div><div style=\"clear: both\"><\/div><div class=\"d-flex justify-content-center\"><button data-item=\"decouvrez_link\" data-group=\"website_links\" class=\"goto fw-bold rounded-pill btn btn-orange\" aria-label=\"Chocospin herunterladen\" >Chocospin herunterladen<\/button><\/div><div class=\"scrollable-content-wrap my-5\"><div class=\"scrollable-content-inner\"><h2>Windows- und Mac-Anwendungen<\/h2>\n<p>Chocospin Casino bietet Anwendungen f\u00fcr Windows und macOS, die f\u00fcr Spieler geeignet sind, die Desktop-Spiele bevorzugen. Sie bieten einen vollst\u00e4ndigen Panoramablick auf die Casino-Umgebung und verf\u00fcgen \u00fcber hochaufl\u00f6sende Grafiken und erweiterte Funktionen, wie sie in diesen Desktop-Versionen zu finden sind. Sie sind auf gr\u00f6\u00dferen Bildschirmen verf\u00fcgbar und bieten ein perfektes Spielerlebnis, insbesondere bei Live-Dealer-Spielen \u2013 es sieht so aus, als st\u00fcnde ein Croupier direkt neben Ihnen, und Sie genie\u00dfen Ihr Las-Vegas-Erlebnis und kompliziertere Wetten. Weitere Spezifikationen sind Live-Chat-Support, sofortige Kontoverifizierung und einfache Navigation, die es zu einer kompletten Gaming-Plattform machen, die mit den traditionellen Online-Plattformen konkurriert.<\/p>\n<p><img loading=\"lazy\" decoding=\"async\" class=\"alignnone size-full wp-image-1696\" src=\"https:\/\/choco-spin.com\/wp-content\/uploads\/Chocospin-Desktop.webp\" alt=\"Chocospin Desktop\" width=\"1248\" height=\"536\" srcset=\"https:\/\/choco-spin.com\/wp-content\/uploads\/Chocospin-Desktop.webp 1248w, https:\/\/choco-spin.com\/wp-content\/uploads\/Chocospin-Desktop-300x129.webp 300w, https:\/\/choco-spin.com\/wp-content\/uploads\/Chocospin-Desktop-1024x440.webp 1024w, https:\/\/choco-spin.com\/wp-content\/uploads\/Chocospin-Desktop-768x330.webp 768w\" sizes=\"auto, (max-width: 1248px) 100vw, 1248px\" \/><\/p>\n<\/div><\/div><div style=\"clear: both\"><\/div><div class=\"d-flex justify-content-center\"><button data-item=\"decouvrez_link\" data-group=\"website_links\" class=\"goto fw-bold rounded-pill btn btn-orange\" aria-label=\"Laden Sie die Chocospin-App herunter\" >Laden Sie die Chocospin-App herunter<\/button><\/div><div class=\"scrollable-content-wrap my-5\"><div class=\"scrollable-content-inner\"><h2>FAQ<\/h2>\n<h3>Ist f\u00fcr die Nutzung der Choco Spin App die Erstellung eines Kontos erforderlich?<\/h3>\n<p>Ja, das ist f\u00fcr unser mobiles Casino wichtig. Online-Spieler m\u00fcssen sich registrieren und ihre Identit\u00e4t verifizieren, um auf alle Funktionen von Chocospin Casino zugreifen zu k\u00f6nnen. Nach der Registrierung k\u00f6nnen Sie alles genie\u00dfen \u2013 Ihre Online-Slots, Live-Dealer-Spiele und Boni. Ein kostenloses Konto erm\u00f6glicht sichere Eink\u00e4ufe, die Teilnahme an Werbeaktionen und den Zugang zum Support Team, wann immer dies erforderlich ist.<\/p>\n<h3>Bietet die Choco Spin Casino App Kundensupport?<\/h3>\n<p>Die Chocospin App verf\u00fcgt \u00fcber ein engagiertes Support-Team, das unter anderem \u00fcber Live Chat und E-Mail erreichbar ist. Dies erm\u00f6glicht eine zeitnahe Reaktion auf technische Probleme, Kontoverifizierungen und allgemeine Anfragen, was einen unterbrechungsfreien Spielablauf gew\u00e4hrleistet.<\/p>\n<h3>Wie aktualisiert man die Chocospin Casino App?<\/h3>\n<p>Die Anwendung wird nicht mehr manuell gewartet, sodass st\u00e4ndig neue Spiele und Updates verf\u00fcgbar sind. Sie m\u00fcssen nichts manuell tun, da sich die Chocospin App selbst aktualisiert, sodass Sie sich dar\u00fcber keine Gedanken machen m\u00fcssen.<\/p>\n<\/div><\/div><\/p>\n","protected":false},"excerpt":{"rendered":"<p>Choco Spin auf Mobilger\u00e4ten Die Chocospin App ist eine moderne digitale Plattform, die ein unvergleichliches Erlebnis f\u00fcr Online-Casinospiele auf dem Mobiltelefon bietet. Die App wurde unter Ber\u00fccksichtigung der Benutzerfreundlichkeit und Leistung entwickelt, damit Spieler ihre Lieblingsspiele \u00fcberall spielen k\u00f6nnen. Unsere Plattform ist auf Smartphones, Tablets, Computern und allen anderen tragbaren Ger\u00e4ten verf\u00fcgbar. Unsere Nutzer genie\u00dfen [&hellip;]<\/p>\n","protected":false},"author":1,"featured_media":0,"parent":0,"menu_order":0,"comment_status":"closed","ping_status":"closed","template":"template-builder.php","meta":{"_acf_changed":false,"inline_featured_image":false,"footnotes":""},"class_list":["post-1433","page","type-page","status-publish","hentry"],"acf":[],"yoast_head":"<!-- This site is optimized with the Yoast SEO plugin v27.3 - https:\/\/yoast.com\/product\/yoast-seo-wordpress\/ -->\n<title>Chocospin App herunterladen | iOS &amp; Android<\/title>\n<meta name=\"description\" content=\"Die Chocospin-App sorgt f\u00fcr einwandfreies Gaming auf Android-, iOS-, Windows- und macOS-Plattformen, komplett mit Kontosynchronisierung, regelm\u00e4\u00dfigen Updates und integrierter Kundenbetreuung f\u00fcr eine einfache Nutzung.\" \/>\n<meta name=\"robots\" content=\"index, follow, max-snippet:-1, max-image-preview:large, max-video-preview:-1\" \/>\n<link rel=\"canonical\" href=\"https:\/\/choco-spin.com\/de\/app\/\" \/>\n<meta property=\"og:locale\" content=\"de_DE\" \/>\n<meta property=\"og:type\" content=\"article\" \/>\n<meta property=\"og:title\" content=\"Chocospin App herunterladen | iOS &amp; Android\" \/>\n<meta property=\"og:description\" content=\"Die Chocospin-App sorgt f\u00fcr einwandfreies Gaming auf Android-, iOS-, Windows- und macOS-Plattformen, komplett mit Kontosynchronisierung, regelm\u00e4\u00dfigen Updates und integrierter Kundenbetreuung f\u00fcr eine einfache Nutzung.\" \/>\n<meta property=\"og:url\" content=\"https:\/\/choco-spin.com\/de\/app\/\" \/>\n<meta property=\"og:site_name\" content=\"chocospin\" \/>\n<meta property=\"article:modified_time\" content=\"2026-02-19T09:05:40+00:00\" \/>\n<meta name=\"twitter:card\" content=\"summary_large_image\" \/>\n<meta name=\"twitter:label1\" content=\"Gesch\u00e4tzte Lesezeit\" \/>\n\t<meta name=\"twitter:data1\" content=\"2\u00a0Minuten\" \/>\n<script type=\"application\/ld+json\" class=\"yoast-schema-graph\">{\"@context\":\"https:\\\/\\\/schema.org\",\"@graph\":[{\"@type\":\"WebPage\",\"@id\":\"https:\\\/\\\/choco-spin.com\\\/de\\\/app\\\/\",\"url\":\"https:\\\/\\\/choco-spin.com\\\/de\\\/app\\\/\",\"name\":\"Chocospin App herunterladen | iOS & Android\",\"isPartOf\":{\"@id\":\"https:\\\/\\\/choco-spin.com\\\/de\\\/#website\"},\"datePublished\":\"2026-02-18T13:53:57+00:00\",\"dateModified\":\"2026-02-19T09:05:40+00:00\",\"description\":\"Die Chocospin-App sorgt f\u00fcr einwandfreies Gaming auf Android-, iOS-, Windows- und macOS-Plattformen, komplett mit Kontosynchronisierung, regelm\u00e4\u00dfigen Updates und integrierter Kundenbetreuung f\u00fcr eine einfache Nutzung.\",\"breadcrumb\":{\"@id\":\"https:\\\/\\\/choco-spin.com\\\/de\\\/app\\\/#breadcrumb\"},\"inLanguage\":\"de\",\"potentialAction\":[{\"@type\":\"ReadAction\",\"target\":[\"https:\\\/\\\/choco-spin.com\\\/de\\\/app\\\/\"]}]},{\"@type\":\"BreadcrumbList\",\"@id\":\"https:\\\/\\\/choco-spin.com\\\/de\\\/app\\\/#breadcrumb\",\"itemListElement\":[{\"@type\":\"ListItem\",\"position\":1,\"name\":\"Chocospin\",\"item\":\"https:\\\/\\\/choco-spin.com\\\/de\\\/\"},{\"@type\":\"ListItem\",\"position\":2,\"name\":\"App\"}]},{\"@type\":\"WebSite\",\"@id\":\"https:\\\/\\\/choco-spin.com\\\/de\\\/#website\",\"url\":\"https:\\\/\\\/choco-spin.com\\\/de\\\/\",\"name\":\"Chocospin\",\"description\":\"\",\"publisher\":{\"@id\":\"https:\\\/\\\/choco-spin.com\\\/de\\\/#organization\"},\"potentialAction\":[{\"@type\":\"SearchAction\",\"target\":{\"@type\":\"EntryPoint\",\"urlTemplate\":\"https:\\\/\\\/choco-spin.com\\\/de\\\/?s={search_term_string}\"},\"query-input\":{\"@type\":\"PropertyValueSpecification\",\"valueRequired\":true,\"valueName\":\"search_term_string\"}}],\"inLanguage\":\"de\"},{\"@type\":\"Organization\",\"@id\":\"https:\\\/\\\/choco-spin.com\\\/de\\\/#organization\",\"name\":\"Chocospin\",\"url\":\"https:\\\/\\\/choco-spin.com\\\/de\\\/\",\"logo\":{\"@type\":\"ImageObject\",\"inLanguage\":\"de\",\"@id\":\"https:\\\/\\\/choco-spin.com\\\/de\\\/#\\\/schema\\\/logo\\\/image\\\/\",\"url\":\"https:\\\/\\\/choco-spin.com\\\/wp-content\\\/uploads\\\/2026\\\/02\\\/Chocospin-logo-Desktop.png\",\"contentUrl\":\"https:\\\/\\\/choco-spin.com\\\/wp-content\\\/uploads\\\/2026\\\/02\\\/Chocospin-logo-Desktop.png\",\"width\":123,\"height\":20,\"caption\":\"Chocospin\"},\"image\":{\"@id\":\"https:\\\/\\\/choco-spin.com\\\/de\\\/#\\\/schema\\\/logo\\\/image\\\/\"}}]}<\/script>\n<!-- \/ Yoast SEO plugin. -->","yoast_head_json":{"title":"Chocospin App herunterladen | iOS & Android","description":"Die Chocospin-App sorgt f\u00fcr einwandfreies Gaming auf Android-, iOS-, Windows- und macOS-Plattformen, komplett mit Kontosynchronisierung, regelm\u00e4\u00dfigen Updates und integrierter Kundenbetreuung f\u00fcr eine einfache Nutzung.","robots":{"index":"index","follow":"follow","max-snippet":"max-snippet:-1","max-image-preview":"max-image-preview:large","max-video-preview":"max-video-preview:-1"},"canonical":"https:\/\/choco-spin.com\/de\/app\/","og_locale":"de_DE","og_type":"article","og_title":"Chocospin App herunterladen | iOS & Android","og_description":"Die Chocospin-App sorgt f\u00fcr einwandfreies Gaming auf Android-, iOS-, Windows- und macOS-Plattformen, komplett mit Kontosynchronisierung, regelm\u00e4\u00dfigen Updates und integrierter Kundenbetreuung f\u00fcr eine einfache Nutzung.","og_url":"https:\/\/choco-spin.com\/de\/app\/","og_site_name":"chocospin","article_modified_time":"2026-02-19T09:05:40+00:00","twitter_card":"summary_large_image","twitter_misc":{"Gesch\u00e4tzte Lesezeit":"2\u00a0Minuten"},"schema":{"@context":"https:\/\/schema.org","@graph":[{"@type":"WebPage","@id":"https:\/\/choco-spin.com\/de\/app\/","url":"https:\/\/choco-spin.com\/de\/app\/","name":"Chocospin App herunterladen | iOS & Android","isPartOf":{"@id":"https:\/\/choco-spin.com\/de\/#website"},"datePublished":"2026-02-18T13:53:57+00:00","dateModified":"2026-02-19T09:05:40+00:00","description":"Die Chocospin-App sorgt f\u00fcr einwandfreies Gaming auf Android-, iOS-, Windows- und macOS-Plattformen, komplett mit Kontosynchronisierung, regelm\u00e4\u00dfigen Updates und integrierter Kundenbetreuung f\u00fcr eine einfache Nutzung.","breadcrumb":{"@id":"https:\/\/choco-spin.com\/de\/app\/#breadcrumb"},"inLanguage":"de","potentialAction":[{"@type":"ReadAction","target":["https:\/\/choco-spin.com\/de\/app\/"]}]},{"@type":"BreadcrumbList","@id":"https:\/\/choco-spin.com\/de\/app\/#breadcrumb","itemListElement":[{"@type":"ListItem","position":1,"name":"Chocospin","item":"https:\/\/choco-spin.com\/de\/"},{"@type":"ListItem","position":2,"name":"App"}]},{"@type":"WebSite","@id":"https:\/\/choco-spin.com\/de\/#website","url":"https:\/\/choco-spin.com\/de\/","name":"Chocospin","description":"","publisher":{"@id":"https:\/\/choco-spin.com\/de\/#organization"},"potentialAction":[{"@type":"SearchAction","target":{"@type":"EntryPoint","urlTemplate":"https:\/\/choco-spin.com\/de\/?s={search_term_string}"},"query-input":{"@type":"PropertyValueSpecification","valueRequired":true,"valueName":"search_term_string"}}],"inLanguage":"de"},{"@type":"Organization","@id":"https:\/\/choco-spin.com\/de\/#organization","name":"Chocospin","url":"https:\/\/choco-spin.com\/de\/","logo":{"@type":"ImageObject","inLanguage":"de","@id":"https:\/\/choco-spin.com\/de\/#\/schema\/logo\/image\/","url":"https:\/\/choco-spin.com\/wp-content\/uploads\/2026\/02\/Chocospin-logo-Desktop.png","contentUrl":"https:\/\/choco-spin.com\/wp-content\/uploads\/2026\/02\/Chocospin-logo-Desktop.png","width":123,"height":20,"caption":"Chocospin"},"image":{"@id":"https:\/\/choco-spin.com\/de\/#\/schema\/logo\/image\/"}}]}},"_links":{"self":[{"href":"https:\/\/choco-spin.com\/de\/wp-json\/wp\/v2\/pages\/1433","targetHints":{"allow":["GET"]}}],"collection":[{"href":"https:\/\/choco-spin.com\/de\/wp-json\/wp\/v2\/pages"}],"about":[{"href":"https:\/\/choco-spin.com\/de\/wp-json\/wp\/v2\/types\/page"}],"author":[{"embeddable":true,"href":"https:\/\/choco-spin.com\/de\/wp-json\/wp\/v2\/users\/1"}],"replies":[{"embeddable":true,"href":"https:\/\/choco-spin.com\/de\/wp-json\/wp\/v2\/comments?post=1433"}],"version-history":[{"count":3,"href":"https:\/\/choco-spin.com\/de\/wp-json\/wp\/v2\/pages\/1433\/revisions"}],"predecessor-version":[{"id":2043,"href":"https:\/\/choco-spin.com\/de\/wp-json\/wp\/v2\/pages\/1433\/revisions\/2043"}],"wp:attachment":[{"href":"https:\/\/choco-spin.com\/de\/wp-json\/wp\/v2\/media?parent=1433"}],"curies":[{"name":"wp","href":"https:\/\/api.w.org\/{rel}","templated":true}]}}